{"id":33,"date":"2018-07-13T22:28:15","date_gmt":"2018-07-13T22:28:15","guid":{"rendered":"http:\/\/bet-bonus.net\/br\/?page_id=33"},"modified":"2018-07-27T12:31:50","modified_gmt":"2018-07-27T12:31:50","slug":"telegram","status":"publish","type":"page","link":"https:\/\/bet-bonus.net\/br\/telegram\/","title":{"rendered":"Com o Telegram da 1xBet pode Apostar e continuar Falando com seus Amigos"},"content":{"rendered":"<p class=\"text-justify\">Na 1xbet agora voc\u00ea tem a oportunidade de fazer apostas nos mais variados e incr\u00edveis desportos e ainda conversar com seus amigos. A funcionalidade veio para unir o \u00fatil ao agrad\u00e1vel permitindo que voc\u00ea una a <strong>experi\u00eancia de apostas<\/strong> com a divers\u00e3o de est\u00e1 conversando o tempo todo com seus amigos. \u00c9 uma oportunidade perfeita para aproveitar uma nova e estimulante experi\u00eancia.<\/p>\r\n<p class=\"text-justify\"><span style=\"font-weight: 400;\">\r\n<div class=\"cta-direct-bonus\">\r\n    <div class=\"col-lg-8 col-md-8 col-sm-8 col-xs-12\">\r\n        <div class=\"row\">\r\n            <p class=\"cta-direct-slogan\">\r\n                Est\u00e1 Pronto para Pegar Seu B\u00f4nus de Boas-Vindas?            <\/p>\r\n        <\/div>\r\n    <\/div>\r\n    <div class=\"col-lg-4 col-md-4 col-sm-4 col-xs-12\">\r\n        <div class=\"row\">\r\n             <span class=\"cursored button js-golink cta-direct-button hvr-animation new-hover\"  onclick=\"OpenGoLink(this);\" data-operator=\"7\" data-bonus=\"3921\"   data-clicks=\"1\"data-type=\"sport\" ><span>Visitar 1xBet Agora!<\/span> <\/span> \r\n        <\/div>\r\n    <\/div>\r\n<\/div>\r\n\r\n<style type=\"text\/css\" media=\"screen\">\r\n    .cta-direct-button.new-hover {\r\n        padding: 3px 0 2px;\r\n    }\r\n<\/style><\/span><\/p>\r\n\r\n<h2>Apostas atrav\u00e9s do Telegram na 1xBet<\/h2>\r\n<p class=\"text-justify\">As apostas atrav\u00e9s do telegram s\u00e3o uma nova forma de voc\u00ea conseguir apostar nos seus <strong>desportos<\/strong> preferidos, com o benef\u00edcio que permite a voc\u00ea usar sua rede social (telegram) sem nenhuma interrup\u00e7\u00e3o ou problema.<\/p>\r\n<p class=\"text-justify\"><span style=\"font-weight: 400;\"><div class=\"bonus-table\">\n    <div class=\"col-xs-12\">\n        <div class=\"row\">\n\n<!--            <div class=\"hidden-lg hidden-md hidden-sm col-xs-8 bonus-table-body top-responsive\">-->\n<!---->\n<!--            <\/div>-->\n            <div class=\"col-lg-12 col-md-12 col-sm-12 col-xs-12 bonus-table-body op-table no-padding\">\n                <div class=\"col-lg-3 col-md-4 col-sm-12 col-xs-12 bonus-table-head no-padding\">\n                    <p>Casa de Apostas<\/p>\n                   <!--  <a class=\"hotfix\" href=\"\" rel=\"nofollow\" target=\"_blank\"><img decoding=\"async\" src=\"<?php\/\/ echo $logo_url; ?>\" class=\"img-responsive\"><\/a> -->\n                    <span class=\"\"><img decoding=\"async\" src=\"\/portuguese\/assets\/logos\/sport\/light-back\/1xbet.png\" width=\"100px\" height=\"auto\" alt=\"1xBet\" \/><\/span>                <\/div>\n                <div class=\"col-lg-2 col-md-2 col-sm-6 col-xs-12 rightBordered borders no-padding\">\n                    <p>B\u00d4NUS<\/p>\n                    <p class=\"bonus-value max-bonus\">R$1200<\/p>\n                <\/div>\n                <div class=\"col-lg-2 col-md-2 col-sm-6 col-xs-6 rightBordered no-padding\">\n                    <p>Porcentagem<\/p>\n                    <p class=\"bonus-value\">100%<\/p>\n                <\/div>\n                <div class=\"col-lg-2 col-md-2 col-sm-6 col-xs-6 no-padding\">\n                    <p>Classifica\u00e7\u00e3o<\/p>\n                    <p class=\"rating-number\">9.8<\/p>\n                <\/div>\n                <div class=\"col-lg-3 col-md-4 col-sm-6 col-xs-12 op-table-button no-padding\">\n                    <p>Ir \u00e0 casa de apostas<\/p>\n                     <span class=\"cursored button js-golink button claim-bonus-code\"  onclick=\"OpenGoLink(this);\" data-operator=\"7\" data-bonus=\"3921\"   data-clicks=\"1\"data-type=\"sport\" ><button class=\"hvr-animation multi-line bonus-btn-main-sec\"><span>Receba o B\u00f4nus<\/span><\/button> <\/span>                 <\/div>\n            <\/div>\n        <\/div>\n    <\/div>\n<\/div>\n        <script type=\"application\/ld+json\">\n    {\n        \"@context\": \"https:\/\/schema.org\/\",\n        \"@type\": \"Review\",\n        \"datePublished\": \"13-07-2018\",\n        \"dateModified\": \"30-10-2022\",\n        \"itemReviewed\":{\n                \"@type\": \"Organization\",\n                \"name\": \"1xBet\",\n                \"image\": \" https:\/\/bet-bonus.net\/br\/portuguese\/assets\/logos\/light-back\/1xbet.png\"\n        },\n         \"author\":{\n                \"@type\": \"Person\",\n                 \"name\": \"bet-bonus.net\/br\"\n         },\n           \"reviewRating\": {\n                \"ratingValue\": \"9.8\",\n                \"bestRating\": \"10\"\n         }\n    }\n\n\n\n        <\/script>\n        <\/span><\/p>\r\n<p class=\"text-justify\">Com as apostas atrav\u00e9s do telegram voc\u00ea tem acesso a todos os tipos de apostas em desportos dispon\u00edveis na 1xbet, com o grande benef\u00edcio, da facilidade e comodidade de usar sua rede rede social para isso, e continuar conectado com todos os seus amigos. Atrav\u00e9s das apostas com a <a href=\"https:\/\/bet-bonus.net\/br\/app\/\">app<\/a>\u00a0<strong>telegram<\/strong>, suas oportunidades de ganho e divers\u00e3o ganham uma nova alternativa que vai aumentar, e melhorar ainda mais sua experi\u00eancia com a 1xbet.<\/p>\r\n\r\n<h2>Como participar do canal de telegram para apostar<\/h2>\r\n<p class=\"text-justify\">Fazer apostas utilizando o canal do telegram da 1xbet \u00e9 muito f\u00e1cil e r\u00e1pido, voc\u00ea precisa acessar a sua conta do telegram (supondo que voc\u00ea j\u00e1 tenha uma, se n\u00e3o tiver fa\u00e7a leva pouco tempo) depois de j\u00e1 ter acesso a sua conta voc\u00ea s\u00f3 precisar\u00e1 procurar por <strong>@Bet1xBot<\/strong> e se conectar com o canal da 1xbet, depois disso voc\u00ea vai ter que seguir simples instru\u00e7\u00f5es que ser\u00e3o passadas para voc\u00ea, \u00e9 s\u00f3 segui-las corretamente para come\u00e7ar a apostar nos mais variadas desportos.<\/p>\r\n<p class=\"text-justify\">Enquanto usa seu telegram normalmente para conversa com seus amigos. Uma das vantagens desse nova modalidade \u00e9 que qualquer d\u00favida pode ser resolvida rapidamente pelo pr\u00f3prio telegram, facilitando sua experi\u00eancia com a 1xbet e facilitando ainda mais a comunica\u00e7\u00e3o entre voc\u00ea e nossos atendentes. As <strong>apostas<\/strong> feitas pelo telegram tem o mesmo valor das apostas feitas no site ent\u00e3o n\u00e3o precisa se preocupar em est\u00e1 sendo prejudicado.<\/p>\r\n<p class=\"text-justify\"><span style=\"font-weight: 400;\">            <div class=\"bonus-box first-box\">\n                <div class=\"bonus-box-head\">\n                    <div class=\"col-lg-3 col-md-4 col-sm-4 col-xs-12 \">\n                        <span class=\"hotfix operator-logo\"><img decoding=\"async\" src=\"\/portuguese\/assets\/logos\/sport\/dark-back\/1xbet.png\" width=\"auto\" height=\"auto\" alt=\"1xBet\" \/><\/span>                    <\/div>\n                    <div class=\"col-lg-4 col-md-4 col-sm-4 col-xs-6\">\n                        <p class=\"box-title\">1xBet&nbsp;sport<\/p>\n                    <\/div>\n                    <div class=\"col-lg-5 col-md-4 col-sm-4 col-xs-6\">\n                        <div class=\"likes-box likes-js\" data-likesid=\"1\">\n                            <div class=\"likes-icon-js\"><i class=\"fa fa-heart\" aria-hidden=\"true\"><\/i><\/div>\n                            <div class=\"likes-text-js\"><p>1196 likes<\/p><\/div>\n                        <\/div>\n                    <\/div>\n                <\/div>\n                <div class=\"bonus-box-body\">\n                    <div class=\"col-lg-3 col-md-3 col-sm-6 col-xs-12 rightBordered m-bonus no-padding\">\n                        <p>B\u00f4nus M\u00e1ximo<\/p>\n                        <p class=\"bonus-value max-bonus\">R$1200<\/p>\n                    <\/div>\n                                            <div class=\"col-lg-2 col-md-2 col-sm-6 col-xs-12 no-padding\">\n                            <p>Odds M\u00edn.<\/p>\n                            <p class=\"bonus-value\">2.00<\/p>\n                        <\/div>\n                                                                <div class=\"col-lg-2 col-md-2 col-sm-6 col-xs-12 no-padding \">\n                            <p>Requisito<\/p>\n                            <p class=\"bonus-value\">9x Bonus<\/p>\n                        <\/div>\n                                        <div class=\"col-lg-2 col-md-2 col-sm-6 col-xs-12 no-padding\">\n                        <p>Porcentagem<\/p>\n                        <p class=\"bonus-value\">100%<\/p>\n                    <\/div>\n                    <div class=\"col-lg-3 col-md-3 col-sm-6 col-xs-12 claim-bonus-sec \">\n\n                                                <div>\n                             <div   class=\"bonuscode  secret-code \"><span>Nenhum C\u00f3digo b\u00f4nus Obrigat\u00f3rio<\/span><\/div> <span class=\"cursored button js-golink  claim-bonus-code\"  onclick=\"OpenGoLink(this);\" data-operator=\"7\" data-bonus=\"3921\"   data-clicks=\"1\"data-type=\"sport\" ><div class='hvr-animation bonus-btn-main-sec'><span>Mostrar o C\u00f3digo de B\u00f4nus<\/span><\/div> <\/span>                         <\/div>\n                    <\/div>\n                <\/div>\n                            <\/div>\n                        <div class=\"bonus-box first-box\">\n                <div class=\"bonus-box-head\">\n                    <div class=\"col-lg-3 col-md-4 col-sm-4 col-xs-12 \">\n                        <span class=\"hotfix operator-logo\"><img decoding=\"async\" src=\"\/portuguese\/assets\/logos\/casino\/dark-back\/1xbet-casino.png\" width=\"auto\" height=\"auto\" alt=\"1xBet\" \/><\/span>                    <\/div>\n                    <div class=\"col-lg-4 col-md-4 col-sm-4 col-xs-6\">\n                        <p class=\"box-title\">1xBet&nbsp;casino<\/p>\n                    <\/div>\n                    <div class=\"col-lg-5 col-md-4 col-sm-4 col-xs-6\">\n                        <div class=\"likes-box likes-js\" data-likesid=\"16\">\n                            <div class=\"likes-icon-js\"><i class=\"fa fa-heart\" aria-hidden=\"true\"><\/i><\/div>\n                            <div class=\"likes-text-js\"><p>1755 likes<\/p><\/div>\n                        <\/div>\n                    <\/div>\n                <\/div>\n                <div class=\"bonus-box-body\">\n                    <div class=\"col-lg-3 col-md-3 col-sm-6 col-xs-12 rightBordered m-bonus no-padding\">\n                        <p>B\u00f4nus M\u00e1ximo<\/p>\n                        <p class=\"bonus-value max-bonus\">R$1600<\/p>\n                    <\/div>\n                                                                <div class=\"col-lg-2 col-md-2 col-sm-6 col-xs-12 no-padding \">\n                            <p>Requisito<\/p>\n                            <p class=\"bonus-value\">35x Bonus<\/p>\n                        <\/div>\n                                        <div class=\"col-lg-2 col-md-2 col-sm-6 col-xs-12 no-padding\">\n                        <p>Porcentagem<\/p>\n                        <p class=\"bonus-value\">100%<\/p>\n                    <\/div>\n                    <div class=\"col-lg-3 col-md-3 col-sm-6 col-xs-12 claim-bonus-sec \">\n\n                                                <div>\n                             <div   class=\"bonuscode  secret-code \"><span>Nenhum C\u00f3digo b\u00f4nus Obrigat\u00f3rio<\/span><\/div> <span class=\"cursored button js-golink  claim-bonus-code\"  onclick=\"OpenGoLink(this);\" data-operator=\"8\" data-bonus=\"5396\"   data-clicks=\"17\"data-type=\"casino\" ><div class='hvr-animation bonus-btn-main-sec'><span>Mostrar o C\u00f3digo de B\u00f4nus<\/span><\/div> <\/span>                         <\/div>\n                    <\/div>\n                <\/div>\n                            <\/div>\n                        <div class=\"bonus-box first-box\">\n                <div class=\"bonus-box-head\">\n                    <div class=\"col-lg-3 col-md-4 col-sm-4 col-xs-12 \">\n                        <span class=\"hotfix operator-logo\"><img decoding=\"async\" src=\"\/portuguese\/assets\/logos\/poker\/dark-back\/1xbet-poker.png\" width=\"auto\" height=\"auto\" alt=\"1xBet\" \/><\/span>                    <\/div>\n                    <div class=\"col-lg-4 col-md-4 col-sm-4 col-xs-6\">\n                        <p class=\"box-title\">1xBet&nbsp;poker<\/p>\n                    <\/div>\n                    <div class=\"col-lg-5 col-md-4 col-sm-4 col-xs-6\">\n                        <div class=\"likes-box likes-js\" data-likesid=\"12\">\n                            <div class=\"likes-icon-js\"><i class=\"fa fa-heart\" aria-hidden=\"true\"><\/i><\/div>\n                            <div class=\"likes-text-js\"><p>1130 likes<\/p><\/div>\n                        <\/div>\n                    <\/div>\n                <\/div>\n                <div class=\"bonus-box-body\">\n                    <div class=\"col-lg-3 col-md-3 col-sm-6 col-xs-12 rightBordered m-bonus no-padding\">\n                        <p>B\u00f4nus M\u00e1ximo<\/p>\n                        <p class=\"bonus-value max-bonus\">No Bonus<\/p>\n                    <\/div>\n                                                                <div class=\"col-lg-2 col-md-2 col-sm-6 col-xs-12 no-padding \">\n                            <p>Requisito<\/p>\n                            <p class=\"bonus-value\">x <\/p>\n                        <\/div>\n                                        <div class=\"col-lg-2 col-md-2 col-sm-6 col-xs-12 no-padding\">\n                        <p>Porcentagem<\/p>\n                        <p class=\"bonus-value\">-<\/p>\n                    <\/div>\n                    <div class=\"col-lg-3 col-md-3 col-sm-6 col-xs-12 claim-bonus-sec \">\n\n                                                <div>\n                             <div   class=\"bonuscode  secret-code \"><span>Nenhum C\u00f3digo b\u00f4nus Obrigat\u00f3rio<\/span><\/div> <span class=\"cursored button js-golink  claim-bonus-code\"  onclick=\"OpenGoLink(this);\" data-operator=\"573\" data-bonus=\"4043\"   data-clicks=\"13\"data-type=\"poker\" ><div class='hvr-animation bonus-btn-main-sec'><span>Mostrar o C\u00f3digo de B\u00f4nus<\/span><\/div> <\/span>                         <\/div>\n                    <\/div>\n                <\/div>\n                            <\/div>\n            <\/span><\/p>\r\n\r\n<h2>Conseguir b\u00f4nus da 1xbet atrav\u00e9s do telegram<\/h2>\r\n<p class=\"text-justify\">Na 1xbet, usando o telegram voc\u00ea pode ter acesso a b\u00f4nus incr\u00edveis e que v\u00e3o turbinar ainda mais suas apostas e seus lucros. Para ter acesso a esses b\u00f4nus \u00e9 necess\u00e1rio usar sua conta do telegram para se conectar com o canal da 1xbet e\r\nfazer suas apostas por ela, quanto mais apostas voc\u00ea realizar pelo <strong>telegram<\/strong> mais chances voc\u00ea vai ter de ganhar os b\u00f4nus da 1xbet.<\/p>\r\n<p class=\"text-justify\">A 1xbet permite que al\u00e9m de poder fazer apostas e continuar se comunicando com seus amigos voc\u00ea tenha acesso a b\u00f4nus incr\u00edveis, tudo isso para aumentar sua experi\u00eancia com os nossos servi\u00e7os. Os b\u00f4nus podem ser usados para <strong>apostas<\/strong> nos mais diversos tipos de desportos, aumentando assim sua oportunidade de lucro.<\/p>\r\n<p class=\"text-justify\"><span style=\"font-weight: 400;\">\r\n<div class=\"cta-direct-bonus\">\r\n    <div class=\"col-lg-8 col-md-8 col-sm-8 col-xs-12\">\r\n        <div class=\"row\">\r\n            <p class=\"cta-direct-slogan\">\r\n                Est\u00e1 Pronto para Pegar Seu B\u00f4nus de Boas-Vindas?            <\/p>\r\n        <\/div>\r\n    <\/div>\r\n    <div class=\"col-lg-4 col-md-4 col-sm-4 col-xs-12\">\r\n        <div class=\"row\">\r\n             <span class=\"cursored button js-golink cta-direct-button hvr-animation new-hover\"  onclick=\"OpenGoLink(this);\" data-operator=\"7\" data-bonus=\"4043\"   data-clicks=\"12\"data-type=\"sport\" ><span>Visitar 1xBet Agora!<\/span> <\/span> \r\n        <\/div>\r\n    <\/div>\r\n<\/div>\r\n\r\n<style type=\"text\/css\" media=\"screen\">\r\n    .cta-direct-button.new-hover {\r\n        padding: 3px 0 2px;\r\n    }\r\n<\/style><\/span><\/p>\r\n\r\n<h2>Como funciona e como usar o telegram<\/h2>\r\n<p class=\"text-justify\">O telegram \u00e9 uma rede social de troca de mensagens, totalmente gratuita, que tem um grande n\u00famero de funcionalidades, como envio de imagens, PDF, e documentos. O <strong>telegram<\/strong> \u00e9 uma forma de manter voc\u00ea conectado com seus amigos a qualquer dist\u00e2ncia(desde que voc\u00eas tenham acesso a internet).<\/p>\r\n<p class=\"text-justify\">Para usar o telegram basta baixar o <strong>aplicativo<\/strong>, e criar uma conta, \u00e9 bem simples j\u00e1 que n\u00e3o \u00e9 necess\u00e1rio, usar email ou senha, basta adicionar seu n\u00famero de telefone, confirmar o c\u00f3digo de verifica\u00e7\u00e3o, que chegar por mensagem, e pronto voc\u00ea j\u00e1 pode usar a rede social. O telegram tem a vantagem de ter canais que permite que voc\u00ea participe de uma esp\u00e9cie de super grupo com um quantidade ilimitada de pessoas, para isso \u00e9 s\u00f3 procurar o nome do canal e se conectar.<\/p>","protected":false},"excerpt":{"rendered":"Na 1xbet agora voc\u00ea tem a oportunidade de fazer apostas nos mais variados e incr\u00edveis desportos e ainda conversar com seus amigos. A funcionalidade veio para unir o \u00fatil ao agrad\u00e1vel permitindo que voc\u00ea una a experi\u00eancia de apostas com a divers\u00e3o de est\u00e1 conversando o tempo todo com seus amigos. \u00c9 uma oportunidade perfeita<a href=\"https:\/\/bet-bonus.net\/br\/telegram\/\"> &#8230;<\/a>","protected":false},"author":1,"featured_media":0,"parent":0,"menu_order":0,"comment_status":"closed","ping_status":"closed","template":"","meta":{"footnotes":""},"categories":[],"tags":[],"class_list":["post-33","page","type-page","status-publish","hentry"],"yoast_head":"<!-- This site is optimized with the Yoast SEO plugin v26.7 - https:\/\/yoast.com\/wordpress\/plugins\/seo\/ -->\n<title>1xBet Telegram \u00bb App de Chat para fazer Apostas Esportivas<\/title>\n<meta name=\"robots\" content=\"index, follow, max-snippet:-1, max-image-preview:large, max-video-preview:-1\" \/>\n<link rel=\"canonical\" href=\"https:\/\/bet-bonus.net\/br\/telegram\/\" \/>\n<meta property=\"og:locale\" content=\"pt_BR\" \/>\n<meta property=\"og:type\" content=\"article\" \/>\n<meta property=\"og:title\" content=\"1xBet Telegram \u00bb App de Chat para fazer Apostas Esportivas\" \/>\n<meta property=\"og:url\" content=\"https:\/\/bet-bonus.net\/br\/telegram\/\" \/>\n<meta property=\"og:site_name\" content=\"bet-bonus.net\/br\" \/>\n<meta property=\"article:modified_time\" content=\"2018-07-27T12:31:50+00:00\" \/>\n<meta name=\"twitter:card\" content=\"summary_large_image\" \/>\n<meta name=\"twitter:label1\" content=\"Est. tempo de leitura\" \/>\n\t<meta name=\"twitter:data1\" content=\"3 minutos\" \/>\n<script type=\"application\/ld+json\" class=\"yoast-schema-graph\">{\"@context\":\"https:\/\/schema.org\",\"@graph\":[{\"@type\":\"WebPage\",\"@id\":\"https:\/\/bet-bonus.net\/br\/telegram\/\",\"url\":\"https:\/\/bet-bonus.net\/br\/telegram\/\",\"name\":\"1xBet Telegram \u00bb App de Chat para fazer Apostas Esportivas\",\"isPartOf\":{\"@id\":\"https:\/\/bet-bonus.net\/br\/#website\"},\"datePublished\":\"2018-07-13T22:28:15+00:00\",\"dateModified\":\"2018-07-27T12:31:50+00:00\",\"breadcrumb\":{\"@id\":\"https:\/\/bet-bonus.net\/br\/telegram\/#breadcrumb\"},\"inLanguage\":\"pt-BR\",\"potentialAction\":[{\"@type\":\"ReadAction\",\"target\":[\"https:\/\/bet-bonus.net\/br\/telegram\/\"]}]},{\"@type\":\"BreadcrumbList\",\"@id\":\"https:\/\/bet-bonus.net\/br\/telegram\/#breadcrumb\",\"itemListElement\":[{\"@type\":\"ListItem\",\"position\":1,\"name\":\"Home\",\"item\":\"https:\/\/bet-bonus.net\/br\/\"},{\"@type\":\"ListItem\",\"position\":2,\"name\":\"Com o Telegram da 1xBet pode Apostar e continuar Falando com seus Amigos\"}]},{\"@type\":\"WebSite\",\"@id\":\"https:\/\/bet-bonus.net\/br\/#website\",\"url\":\"https:\/\/bet-bonus.net\/br\/\",\"name\":\"bet-bonus.net\/br\",\"description\":\"\",\"potentialAction\":[{\"@type\":\"SearchAction\",\"target\":{\"@type\":\"EntryPoint\",\"urlTemplate\":\"https:\/\/bet-bonus.net\/br\/?s={search_term_string}\"},\"query-input\":{\"@type\":\"PropertyValueSpecification\",\"valueRequired\":true,\"valueName\":\"search_term_string\"}}],\"inLanguage\":\"pt-BR\"}]}<\/script>\n<!-- \/ Yoast SEO plugin. -->","yoast_head_json":{"title":"1xBet Telegram \u00bb App de Chat para fazer Apostas Esportivas","robots":{"index":"index","follow":"follow","max-snippet":"max-snippet:-1","max-image-preview":"max-image-preview:large","max-video-preview":"max-video-preview:-1"},"canonical":"https:\/\/bet-bonus.net\/br\/telegram\/","og_locale":"pt_BR","og_type":"article","og_title":"1xBet Telegram \u00bb App de Chat para fazer Apostas Esportivas","og_url":"https:\/\/bet-bonus.net\/br\/telegram\/","og_site_name":"bet-bonus.net\/br","article_modified_time":"2018-07-27T12:31:50+00:00","twitter_card":"summary_large_image","twitter_misc":{"Est. tempo de leitura":"3 minutos"},"schema":{"@context":"https:\/\/schema.org","@graph":[{"@type":"WebPage","@id":"https:\/\/bet-bonus.net\/br\/telegram\/","url":"https:\/\/bet-bonus.net\/br\/telegram\/","name":"1xBet Telegram \u00bb App de Chat para fazer Apostas Esportivas","isPartOf":{"@id":"https:\/\/bet-bonus.net\/br\/#website"},"datePublished":"2018-07-13T22:28:15+00:00","dateModified":"2018-07-27T12:31:50+00:00","breadcrumb":{"@id":"https:\/\/bet-bonus.net\/br\/telegram\/#breadcrumb"},"inLanguage":"pt-BR","potentialAction":[{"@type":"ReadAction","target":["https:\/\/bet-bonus.net\/br\/telegram\/"]}]},{"@type":"BreadcrumbList","@id":"https:\/\/bet-bonus.net\/br\/telegram\/#breadcrumb","itemListElement":[{"@type":"ListItem","position":1,"name":"Home","item":"https:\/\/bet-bonus.net\/br\/"},{"@type":"ListItem","position":2,"name":"Com o Telegram da 1xBet pode Apostar e continuar Falando com seus Amigos"}]},{"@type":"WebSite","@id":"https:\/\/bet-bonus.net\/br\/#website","url":"https:\/\/bet-bonus.net\/br\/","name":"bet-bonus.net\/br","description":"","potentialAction":[{"@type":"SearchAction","target":{"@type":"EntryPoint","urlTemplate":"https:\/\/bet-bonus.net\/br\/?s={search_term_string}"},"query-input":{"@type":"PropertyValueSpecification","valueRequired":true,"valueName":"search_term_string"}}],"inLanguage":"pt-BR"}]}},"_links":{"self":[{"href":"https:\/\/bet-bonus.net\/br\/wp-json\/wp\/v2\/pages\/33","targetHints":{"allow":["GET"]}}],"collection":[{"href":"https:\/\/bet-bonus.net\/br\/wp-json\/wp\/v2\/pages"}],"about":[{"href":"https:\/\/bet-bonus.net\/br\/wp-json\/wp\/v2\/types\/page"}],"author":[{"embeddable":true,"href":"https:\/\/bet-bonus.net\/br\/wp-json\/wp\/v2\/users\/1"}],"replies":[{"embeddable":true,"href":"https:\/\/bet-bonus.net\/br\/wp-json\/wp\/v2\/comments?post=33"}],"version-history":[{"count":6,"href":"https:\/\/bet-bonus.net\/br\/wp-json\/wp\/v2\/pages\/33\/revisions"}],"predecessor-version":[{"id":470,"href":"https:\/\/bet-bonus.net\/br\/wp-json\/wp\/v2\/pages\/33\/revisions\/470"}],"wp:attachment":[{"href":"https:\/\/bet-bonus.net\/br\/wp-json\/wp\/v2\/media?parent=33"}],"wp:term":[{"taxonomy":"category","embeddable":true,"href":"https:\/\/bet-bonus.net\/br\/wp-json\/wp\/v2\/categories?post=33"},{"taxonomy":"post_tag","embeddable":true,"href":"https:\/\/bet-bonus.net\/br\/wp-json\/wp\/v2\/tags?post=33"}],"curies":[{"name":"wp","href":"https:\/\/api.w.org\/{rel}","templated":true}]}}