{"id":31,"date":"2018-07-13T22:22:05","date_gmt":"2018-07-13T22:22:05","guid":{"rendered":"http:\/\/bet-bonus.net\/br\/?page_id=31"},"modified":"2018-07-27T14:32:05","modified_gmt":"2018-07-27T14:32:05","slug":"odds-melhoradas","status":"publish","type":"page","link":"https:\/\/bet-bonus.net\/br\/odds-melhoradas\/","title":{"rendered":"Ganhe mais com as Odds Melhoradas da 1xBet -  Mais Lucro nos mesmos Jogos"},"content":{"rendered":"<p class=\"text-justify\">1XBET para usu\u00e1rios brasileiros: conhe\u00e7a as Odds melhoradas dessa excelente casa de apostas online\r\nCom um site adaptado para o portugu\u00eas do <strong>Brasil<\/strong>, ser um jogador do 1XBET \u00e9 a melhor escolha para brasileiros que desejam realizar apostas lucrativas no mundo esportivo, a partir do conforto do lar e em qualquer lugar do mundo.<\/p>\r\nE n\u00e3o importa se voc\u00ea \u00e9 iniciante ou um jogador experiente. Com conhecimentos b\u00e1sicos, qualquer um pode se dar muito bem.\r\n\r\nPouqu\u00edssimas operadoras de <strong>jogos online<\/strong> est\u00e3o t\u00e3o conectadas como essa. J\u00e1 s\u00e3o mais de 400 mil usu\u00e1rios!\r\n\r\nEu sei que falar a respeito de se ter uma fonte rent\u00e1vel enquanto se diverte pode parecer \u00e0 primeira vista mais uma das conversas fiadas que a gente encontra frequentemente pela internet.\r\n<p class=\"text-justify\">Mas eu vou dizer uma coisa para voc\u00ea: com o <strong>1XBET<\/strong>, al\u00e9m de ser poss\u00edvel, \u00e9 onde voc\u00ea encontra as melhores Odds, ou seja, as probabilidades que indicam os poss\u00edveis valores a serem ganhos com as <a href=\"https:\/\/bet-bonus.net\/br\/apostas-esportivas\/\">apostas esportivas<\/a>.<\/p>\r\nOk. Mas como?\r\n\r\nGanhe mais com as <strong>Odds melhoradas<\/strong> da 1XBET - mais lucro nos mesmos jogos\r\n\r\n<span style=\"font-weight: 400;\"><div class=\"bonus-table\">\n    <div class=\"col-xs-12\">\n        <div class=\"row\">\n\n<!--            <div class=\"hidden-lg hidden-md hidden-sm col-xs-8 bonus-table-body top-responsive\">-->\n<!---->\n<!--            <\/div>-->\n            <div class=\"col-lg-12 col-md-12 col-sm-12 col-xs-12 bonus-table-body op-table no-padding\">\n                <div class=\"col-lg-3 col-md-4 col-sm-12 col-xs-12 bonus-table-head no-padding\">\n                    <p>Casa de Apostas<\/p>\n                   <!--  <a class=\"hotfix\" href=\"\" rel=\"nofollow\" target=\"_blank\"><img decoding=\"async\" src=\"<?php\/\/ echo $logo_url; ?>\" class=\"img-responsive\"><\/a> -->\n                    <span class=\"\"><img decoding=\"async\" src=\"\/portuguese\/assets\/logos\/sport\/light-back\/1xbet.png\" width=\"100px\" height=\"auto\" alt=\"1xBet\" \/><\/span>                <\/div>\n                <div class=\"col-lg-2 col-md-2 col-sm-6 col-xs-12 rightBordered borders no-padding\">\n                    <p>B\u00d4NUS<\/p>\n                    <p class=\"bonus-value max-bonus\">R$1200<\/p>\n                <\/div>\n                <div class=\"col-lg-2 col-md-2 col-sm-6 col-xs-6 rightBordered no-padding\">\n                    <p>Porcentagem<\/p>\n                    <p class=\"bonus-value\">100%<\/p>\n                <\/div>\n                <div class=\"col-lg-2 col-md-2 col-sm-6 col-xs-6 no-padding\">\n                    <p>Classifica\u00e7\u00e3o<\/p>\n                    <p class=\"rating-number\">9.8<\/p>\n                <\/div>\n                <div class=\"col-lg-3 col-md-4 col-sm-6 col-xs-12 op-table-button no-padding\">\n                    <p>Ir \u00e0 casa de apostas<\/p>\n                     <span class=\"cursored button js-golink button claim-bonus-code\"  onclick=\"OpenGoLink(this);\" data-operator=\"7\" data-bonus=\"3921\"   data-clicks=\"1\"data-type=\"sport\" ><button class=\"hvr-animation multi-line bonus-btn-main-sec\"><span>Receba o B\u00f4nus<\/span><\/button> <\/span>                 <\/div>\n            <\/div>\n        <\/div>\n    <\/div>\n<\/div>\n        <script type=\"application\/ld+json\">\n    {\n        \"@context\": \"https:\/\/schema.org\/\",\n        \"@type\": \"Review\",\n        \"datePublished\": \"13-07-2018\",\n        \"dateModified\": \"08-11-2022\",\n        \"itemReviewed\":{\n                \"@type\": \"Organization\",\n                \"name\": \"1xBet\",\n                \"image\": \" https:\/\/bet-bonus.net\/br\/portuguese\/assets\/logos\/light-back\/1xbet.png\"\n        },\n         \"author\":{\n                \"@type\": \"Person\",\n                 \"name\": \"bet-bonus.net\/br\"\n         },\n           \"reviewRating\": {\n                \"ratingValue\": \"9.8\",\n                \"bestRating\": \"10\"\n         }\n    }\n\n\n\n        <\/script>\n        <\/span>\r\n\r\nCasas de apostas t\u00eam muitas (e por ser muito atrativo, \u00e9 um mercado em expans\u00e3o), e n\u00e3o vou dizer para voc\u00ea que nenhuma outra vale a pena. Isso vai do gosto de cada um.\r\n<p class=\"text-justify\">Por\u00e9m, tenho motivos de sobra para preferir o 1XBET. Um deles \u00e9 justamente as Odds melhoradas.<\/p>\r\nEmbora possua margem m\u00e9dia, de 1.90, mais altas podem ser alcan\u00e7adas em eventos mais expressivos, como em jogos de futebol, que possuem v\u00e1rias apostas em uma mesma partida.\r\n<h2>Como conseguir as melhores odds da 1xbet?<\/h2>\r\n<p class=\"text-justify\">E em regra, existem 3 tipos de Odds: Decimal, Fracional e Americana.<\/p>\r\nEntretanto, vou me ater \u00e0s decimais, que s\u00e3o as utilizadas pela <strong>1XBET Brasil<\/strong> e as que vigoram fora dos Estados Unidos e em praticamente toda a Europa.\r\n\r\nPara a <strong>obten\u00e7\u00e3o do lucro<\/strong>, basta voc\u00ea multiplicar sua stake pela Odd e depois diminuir pelo valor da mesma stake.\r\n\r\nN\u00e3o entendeu nada? Calma! Se isso n\u00e3o for a coisa mais simples do mundo, garanto que est\u00e1 muito longe de ser a mais complicada.\r\n<p class=\"text-justify\">Digamos que voc\u00ea aposte 100 reais com Odds de 3.32, o seu retorno ser\u00e1 de 332 reais. Ent\u00e3o ser\u00e3o descontados os 100 reais da aposta, assim o seu lucro ser\u00e1 de 232 reais.<\/p>\r\n<p class=\"text-justify\"><span style=\"font-weight: 400;\">            <div class=\"bonus-box first-box\">\n                <div class=\"bonus-box-head\">\n                    <div class=\"col-lg-3 col-md-4 col-sm-4 col-xs-12 \">\n                        <span class=\"hotfix operator-logo\"><img decoding=\"async\" src=\"\/portuguese\/assets\/logos\/sport\/dark-back\/1xbet.png\" width=\"auto\" height=\"auto\" alt=\"1xBet\" \/><\/span>                    <\/div>\n                    <div class=\"col-lg-4 col-md-4 col-sm-4 col-xs-6\">\n                        <p class=\"box-title\">1xBet&nbsp;sport<\/p>\n                    <\/div>\n                    <div class=\"col-lg-5 col-md-4 col-sm-4 col-xs-6\">\n                        <div class=\"likes-box likes-js\" data-likesid=\"1\">\n                            <div class=\"likes-icon-js\"><i class=\"fa fa-heart\" aria-hidden=\"true\"><\/i><\/div>\n                            <div class=\"likes-text-js\"><p>1196 likes<\/p><\/div>\n                        <\/div>\n                    <\/div>\n                <\/div>\n                <div class=\"bonus-box-body\">\n                    <div class=\"col-lg-3 col-md-3 col-sm-6 col-xs-12 rightBordered m-bonus no-padding\">\n                        <p>B\u00f4nus M\u00e1ximo<\/p>\n                        <p class=\"bonus-value max-bonus\">R$1200<\/p>\n                    <\/div>\n                                            <div class=\"col-lg-2 col-md-2 col-sm-6 col-xs-12 no-padding\">\n                            <p>Odds M\u00edn.<\/p>\n                            <p class=\"bonus-value\">2.00<\/p>\n                        <\/div>\n                                                                <div class=\"col-lg-2 col-md-2 col-sm-6 col-xs-12 no-padding \">\n                            <p>Requisito<\/p>\n                            <p class=\"bonus-value\">9x Bonus<\/p>\n                        <\/div>\n                                        <div class=\"col-lg-2 col-md-2 col-sm-6 col-xs-12 no-padding\">\n                        <p>Porcentagem<\/p>\n                        <p class=\"bonus-value\">100%<\/p>\n                    <\/div>\n                    <div class=\"col-lg-3 col-md-3 col-sm-6 col-xs-12 claim-bonus-sec \">\n\n                                                <div>\n                             <div   class=\"bonuscode  secret-code \"><span>Nenhum C\u00f3digo b\u00f4nus Obrigat\u00f3rio<\/span><\/div> <span class=\"cursored button js-golink  claim-bonus-code\"  onclick=\"OpenGoLink(this);\" data-operator=\"7\" data-bonus=\"3921\"   data-clicks=\"1\"data-type=\"sport\" ><div class='hvr-animation bonus-btn-main-sec'><span>Mostrar o C\u00f3digo de B\u00f4nus<\/span><\/div> <\/span>                         <\/div>\n                    <\/div>\n                <\/div>\n                            <\/div>\n                        <div class=\"bonus-box first-box\">\n                <div class=\"bonus-box-head\">\n                    <div class=\"col-lg-3 col-md-4 col-sm-4 col-xs-12 \">\n                        <span class=\"hotfix operator-logo\"><img decoding=\"async\" src=\"\/portuguese\/assets\/logos\/casino\/dark-back\/1xbet-casino.png\" width=\"auto\" height=\"auto\" alt=\"1xBet\" \/><\/span>                    <\/div>\n                    <div class=\"col-lg-4 col-md-4 col-sm-4 col-xs-6\">\n                        <p class=\"box-title\">1xBet&nbsp;casino<\/p>\n                    <\/div>\n                    <div class=\"col-lg-5 col-md-4 col-sm-4 col-xs-6\">\n                        <div class=\"likes-box likes-js\" data-likesid=\"16\">\n                            <div class=\"likes-icon-js\"><i class=\"fa fa-heart\" aria-hidden=\"true\"><\/i><\/div>\n                            <div class=\"likes-text-js\"><p>1755 likes<\/p><\/div>\n                        <\/div>\n                    <\/div>\n                <\/div>\n                <div class=\"bonus-box-body\">\n                    <div class=\"col-lg-3 col-md-3 col-sm-6 col-xs-12 rightBordered m-bonus no-padding\">\n                        <p>B\u00f4nus M\u00e1ximo<\/p>\n                        <p class=\"bonus-value max-bonus\">R$1600<\/p>\n                    <\/div>\n                                                                <div class=\"col-lg-2 col-md-2 col-sm-6 col-xs-12 no-padding \">\n                            <p>Requisito<\/p>\n                            <p class=\"bonus-value\">35x Bonus<\/p>\n                        <\/div>\n                                        <div class=\"col-lg-2 col-md-2 col-sm-6 col-xs-12 no-padding\">\n                        <p>Porcentagem<\/p>\n                        <p class=\"bonus-value\">100%<\/p>\n                    <\/div>\n                    <div class=\"col-lg-3 col-md-3 col-sm-6 col-xs-12 claim-bonus-sec \">\n\n                                                <div>\n                             <div   class=\"bonuscode  secret-code \"><span>Nenhum C\u00f3digo b\u00f4nus Obrigat\u00f3rio<\/span><\/div> <span class=\"cursored button js-golink  claim-bonus-code\"  onclick=\"OpenGoLink(this);\" data-operator=\"8\" data-bonus=\"5396\"   data-clicks=\"17\"data-type=\"casino\" ><div class='hvr-animation bonus-btn-main-sec'><span>Mostrar o C\u00f3digo de B\u00f4nus<\/span><\/div> <\/span>                         <\/div>\n                    <\/div>\n                <\/div>\n                            <\/div>\n                        <div class=\"bonus-box first-box\">\n                <div class=\"bonus-box-head\">\n                    <div class=\"col-lg-3 col-md-4 col-sm-4 col-xs-12 \">\n                        <span class=\"hotfix operator-logo\"><img decoding=\"async\" src=\"\/portuguese\/assets\/logos\/poker\/dark-back\/1xbet-poker.png\" width=\"auto\" height=\"auto\" alt=\"1xBet\" \/><\/span>                    <\/div>\n                    <div class=\"col-lg-4 col-md-4 col-sm-4 col-xs-6\">\n                        <p class=\"box-title\">1xBet&nbsp;poker<\/p>\n                    <\/div>\n                    <div class=\"col-lg-5 col-md-4 col-sm-4 col-xs-6\">\n                        <div class=\"likes-box likes-js\" data-likesid=\"12\">\n                            <div class=\"likes-icon-js\"><i class=\"fa fa-heart\" aria-hidden=\"true\"><\/i><\/div>\n                            <div class=\"likes-text-js\"><p>1130 likes<\/p><\/div>\n                        <\/div>\n                    <\/div>\n                <\/div>\n                <div class=\"bonus-box-body\">\n                    <div class=\"col-lg-3 col-md-3 col-sm-6 col-xs-12 rightBordered m-bonus no-padding\">\n                        <p>B\u00f4nus M\u00e1ximo<\/p>\n                        <p class=\"bonus-value max-bonus\">No Bonus<\/p>\n                    <\/div>\n                                                                <div class=\"col-lg-2 col-md-2 col-sm-6 col-xs-12 no-padding \">\n                            <p>Requisito<\/p>\n                            <p class=\"bonus-value\">x <\/p>\n                        <\/div>\n                                        <div class=\"col-lg-2 col-md-2 col-sm-6 col-xs-12 no-padding\">\n                        <p>Porcentagem<\/p>\n                        <p class=\"bonus-value\">-<\/p>\n                    <\/div>\n                    <div class=\"col-lg-3 col-md-3 col-sm-6 col-xs-12 claim-bonus-sec \">\n\n                                                <div>\n                             <div   class=\"bonuscode  secret-code \"><span>Nenhum C\u00f3digo b\u00f4nus Obrigat\u00f3rio<\/span><\/div> <span class=\"cursored button js-golink  claim-bonus-code\"  onclick=\"OpenGoLink(this);\" data-operator=\"573\" data-bonus=\"4043\"   data-clicks=\"13\"data-type=\"poker\" ><div class='hvr-animation bonus-btn-main-sec'><span>Mostrar o C\u00f3digo de B\u00f4nus<\/span><\/div> <\/span>                         <\/div>\n                    <\/div>\n                <\/div>\n                            <\/div>\n            <\/span><\/p>\r\nViu s\u00f3? Eu avisei que era simples.\r\n\r\nAgora vou me voltar para a <strong>1XBET Probabilidades<\/strong>, que \u00e9 dividir 1 por cada uma das Odds.\r\n\r\nPor exemplo, para uma Odd de 1.50, a probabilidade \u00e9 de 1\/1.50 = 0,666 -&gt; 66.6%.\r\n\r\nDito isso, vou mostrar para voc\u00ea como obter as melhores Odds, ao transformar 1XBET Odds em 1XBET Probabilidades.\r\n<p class=\"text-justify\">Como exemplo, um jogo entre Palmeiras (0 a 2.350) x Flamengo (0 a 1.78).<\/p>\r\nPara Palmeiras, terei 1\/2.350 = 0,4255 x 100 = 42,55%.\r\nPara Flamengo, terei 1\/1.78 = 0,5617 x 100 = 56,17%.\r\n\r\nAo somar a probabilidade dos dois, terei a margem de lucro. Assim: 42,55% + 56,17% = 98,72%.\r\n<h2>Porqu\u00ea usar as odds melhoradas da 1xBet?<\/h2>\r\n<p class=\"text-justify\">As <strong>1XBET Odds<\/strong>, al\u00e9m de melhoradas, possuem maiores valores de aposta em todos os jogos.<\/p>\r\nEm geral, mais de 30 mercados s\u00e3o disponibilizados para cada evento esportivo.\r\n\r\nInclusive, de domingo a domingo, 24 horas por dia, a 1XBET apresenta uma sele\u00e7\u00e3o das melhores ofertas, denominada de Os Jogos do Dia.\r\n\r\n<span style=\"font-weight: 400;\">\r\n<div class=\"cta-direct-bonus\">\r\n    <div class=\"col-lg-8 col-md-8 col-sm-8 col-xs-12\">\r\n        <div class=\"row\">\r\n            <p class=\"cta-direct-slogan\">\r\n                Est\u00e1 Pronto para Pegar Seu B\u00f4nus de Boas-Vindas?            <\/p>\r\n        <\/div>\r\n    <\/div>\r\n    <div class=\"col-lg-4 col-md-4 col-sm-4 col-xs-12\">\r\n        <div class=\"row\">\r\n             <span class=\"cursored button js-golink cta-direct-button hvr-animation new-hover\"  onclick=\"OpenGoLink(this);\" data-operator=\"7\" data-bonus=\"4043\"   data-clicks=\"12\"data-type=\"sport\" ><span>Visitar 1xBet Agora!<\/span> <\/span> \r\n        <\/div>\r\n    <\/div>\r\n<\/div>\r\n\r\n<style type=\"text\/css\" media=\"screen\">\r\n    .cta-direct-button.new-hover {\r\n        padding: 3px 0 2px;\r\n    }\r\n<\/style><\/span>\r\n<p class=\"text-justify\">E em jogos de futebol v\u00e1rios elementos que comp\u00f5em a estat\u00edstica de uma partida podem servir para a realiza\u00e7\u00e3o de uma aposta. Por exemplo:<\/p>\r\n<p class=\"text-justify\">\u2022 tiro de meta;\r\n\u2022 escanteio;\r\n\u2022 cart\u00f5es amarelos;\r\n\u2022 faltas cometidas;\r\n\u2022 passes certos;\r\n\u2022 assist\u00eancias, entre outros.<\/p>\r\n<p class=\"text-justify\">Nessas partidas, como nas do Campeonato Brasileiro da S\u00e9rie A, n\u00e3o raramente encontro Odds de 5.75, 7.6, 11.<\/p>\r\nAl\u00e9m disso, a 1XBET n\u00e3o poupa op\u00e7\u00f5es para seu apostador. Ela oferece uma <strong>variedade GIGANTE<\/strong> que ultrapassa mil eventos todos os dias, do mais popular ao mais erudito.\r\n<h2>Principais caracter\u00edsticas das odds da 1xBet<\/h2>\r\n<p class=\"text-justify\">Achou pouco? N\u00e3o se preocupe, tem mais.<\/p>\r\nO rollover (denomina\u00e7\u00e3o da quantidade m\u00ednima de vezes para apostar antes de realizar o primeiro saque) \u00e9 feito com 5 apostas apenas com o b\u00f4nus (que pode chegar at\u00e9 100%), ou seja, n\u00e3o utiliza o valor depositado.\r\n<p class=\"text-justify\">Cada aposta deve ter no m\u00ednimo 33 eventos com cota\u00e7\u00e3o a partir de 1.40.<\/p>\r\n<p class=\"text-justify\">Algumas das caracter\u00edsticas que valorizam a <strong>1XBET<\/strong> s\u00e3o menus intuitivos, variedade de campeonatos, aceita\u00e7\u00e3o de v\u00e1rias criptomoedas (Bitcoin, Litecoin, Zcash, Monero, Ether, Bitshares, Tezos, entre outras), saque de valores altos em um dia.<\/p>\r\n<p class=\"text-justify\">Entre as op\u00e7\u00f5es de eventos esportivos, est\u00e3o:\r\n\u2022 futebol;\r\n\u2022 v\u00f4lei;\r\n\u2022 basquete;\r\n\u2022 automobilismo;\r\n\u2022 atletismo;\r\n\u2022 handebol;\r\n\u2022 t\u00eanis;\r\n\u2022 t\u00eanis de mesa;\r\n\u2022 boxe;\r\n\u2022 golfe;\r\n\u2022 futebol americano;\r\n\u2022 h\u00f3quei;\r\n\u2022 h\u00f3quei no gelo;\r\n\u2022 basebol;\r\n\u2022 biatlo;\r\n\u2022 Aussie rules;\r\n\u2022 bandy;\r\n\u2022 bilhar;\r\n\u2022 ciclismo;\r\n\u2022 polo aqu\u00e1tico, entre tantas outras modalidades.<\/p>\r\n<p class=\"text-justify\">Outro diferencial muito importante e exclusivo na 1XBET, s\u00e3o as apostas ao vivo para a maioria das modalidades esportivas, com atualiza\u00e7\u00e3o de quotas em tempo real.<\/p>\r\nComo voc\u00ea pode notar, o que n\u00e3o faltam s\u00e3o motivos para usar essa excelente <strong>casa de apostas online<\/strong>.\r\n\r\nN\u00e3o fique de fora dessa grande oportunidade de fazer do seu hobby uma forma simples e divertida de ganhar muita grana. Cadastre-se aqui, se divirta e fature.\r\n\r\n<span style=\"font-weight: 400;\">\r\n<div class=\"cta-direct-bonus\">\r\n    <div class=\"col-lg-8 col-md-8 col-sm-8 col-xs-12\">\r\n        <div class=\"row\">\r\n            <p class=\"cta-direct-slogan\">\r\n                Est\u00e1 Pronto para Pegar Seu B\u00f4nus de Boas-Vindas?            <\/p>\r\n        <\/div>\r\n    <\/div>\r\n    <div class=\"col-lg-4 col-md-4 col-sm-4 col-xs-12\">\r\n        <div class=\"row\">\r\n             <span class=\"cursored button js-golink cta-direct-button hvr-animation new-hover\"  onclick=\"OpenGoLink(this);\" data-operator=\"7\" data-bonus=\"3921\"   data-clicks=\"1\"data-type=\"sport\" ><span>Visitar 1xBet Agora!<\/span> <\/span> \r\n        <\/div>\r\n    <\/div>\r\n<\/div>\r\n\r\n<style type=\"text\/css\" media=\"screen\">\r\n    .cta-direct-button.new-hover {\r\n        padding: 3px 0 2px;\r\n    }\r\n<\/style><\/span>","protected":false},"excerpt":{"rendered":"1XBET para usu\u00e1rios brasileiros: conhe\u00e7a as Odds melhoradas dessa excelente casa de apostas online Com um site adaptado para o portugu\u00eas do Brasil, ser um jogador do 1XBET \u00e9 a melhor escolha para brasileiros que desejam realizar apostas lucrativas no mundo esportivo, a partir do conforto do lar e em qualquer lugar do mundo. E<a href=\"https:\/\/bet-bonus.net\/br\/odds-melhoradas\/\"> &#8230;<\/a>","protected":false},"author":1,"featured_media":0,"parent":0,"menu_order":0,"comment_status":"closed","ping_status":"closed","template":"","meta":{"footnotes":""},"categories":[],"tags":[],"class_list":["post-31","page","type-page","status-publish","hentry"],"yoast_head":"<!-- This site is optimized with the Yoast SEO plugin v26.7 - https:\/\/yoast.com\/wordpress\/plugins\/seo\/ -->\n<title>1xBet Odds Melhoradas \u00bb Aposte com as melhores Probabilidades<\/title>\n<meta name=\"robots\" content=\"index, follow, max-snippet:-1, max-image-preview:large, max-video-preview:-1\" \/>\n<link rel=\"canonical\" href=\"https:\/\/bet-bonus.net\/br\/odds-melhoradas\/\" \/>\n<meta property=\"og:locale\" content=\"pt_BR\" \/>\n<meta property=\"og:type\" content=\"article\" \/>\n<meta property=\"og:title\" content=\"1xBet Odds Melhoradas \u00bb Aposte com as melhores Probabilidades\" \/>\n<meta property=\"og:url\" content=\"https:\/\/bet-bonus.net\/br\/odds-melhoradas\/\" \/>\n<meta property=\"og:site_name\" content=\"bet-bonus.net\/br\" \/>\n<meta property=\"article:modified_time\" content=\"2018-07-27T14:32:05+00:00\" \/>\n<meta name=\"twitter:card\" content=\"summary_large_image\" \/>\n<meta name=\"twitter:label1\" content=\"Est. tempo de leitura\" \/>\n\t<meta name=\"twitter:data1\" content=\"4 minutos\" \/>\n<script type=\"application\/ld+json\" class=\"yoast-schema-graph\">{\"@context\":\"https:\/\/schema.org\",\"@graph\":[{\"@type\":\"WebPage\",\"@id\":\"https:\/\/bet-bonus.net\/br\/odds-melhoradas\/\",\"url\":\"https:\/\/bet-bonus.net\/br\/odds-melhoradas\/\",\"name\":\"1xBet Odds Melhoradas \u00bb Aposte com as melhores Probabilidades\",\"isPartOf\":{\"@id\":\"https:\/\/bet-bonus.net\/br\/#website\"},\"datePublished\":\"2018-07-13T22:22:05+00:00\",\"dateModified\":\"2018-07-27T14:32:05+00:00\",\"breadcrumb\":{\"@id\":\"https:\/\/bet-bonus.net\/br\/odds-melhoradas\/#breadcrumb\"},\"inLanguage\":\"pt-BR\",\"potentialAction\":[{\"@type\":\"ReadAction\",\"target\":[\"https:\/\/bet-bonus.net\/br\/odds-melhoradas\/\"]}]},{\"@type\":\"BreadcrumbList\",\"@id\":\"https:\/\/bet-bonus.net\/br\/odds-melhoradas\/#breadcrumb\",\"itemListElement\":[{\"@type\":\"ListItem\",\"position\":1,\"name\":\"Home\",\"item\":\"https:\/\/bet-bonus.net\/br\/\"},{\"@type\":\"ListItem\",\"position\":2,\"name\":\"Ganhe mais com as Odds Melhoradas da 1xBet - Mais Lucro nos mesmos Jogos\"}]},{\"@type\":\"WebSite\",\"@id\":\"https:\/\/bet-bonus.net\/br\/#website\",\"url\":\"https:\/\/bet-bonus.net\/br\/\",\"name\":\"bet-bonus.net\/br\",\"description\":\"\",\"potentialAction\":[{\"@type\":\"SearchAction\",\"target\":{\"@type\":\"EntryPoint\",\"urlTemplate\":\"https:\/\/bet-bonus.net\/br\/?s={search_term_string}\"},\"query-input\":{\"@type\":\"PropertyValueSpecification\",\"valueRequired\":true,\"valueName\":\"search_term_string\"}}],\"inLanguage\":\"pt-BR\"}]}<\/script>\n<!-- \/ Yoast SEO plugin. -->","yoast_head_json":{"title":"1xBet Odds Melhoradas \u00bb Aposte com as melhores Probabilidades","robots":{"index":"index","follow":"follow","max-snippet":"max-snippet:-1","max-image-preview":"max-image-preview:large","max-video-preview":"max-video-preview:-1"},"canonical":"https:\/\/bet-bonus.net\/br\/odds-melhoradas\/","og_locale":"pt_BR","og_type":"article","og_title":"1xBet Odds Melhoradas \u00bb Aposte com as melhores Probabilidades","og_url":"https:\/\/bet-bonus.net\/br\/odds-melhoradas\/","og_site_name":"bet-bonus.net\/br","article_modified_time":"2018-07-27T14:32:05+00:00","twitter_card":"summary_large_image","twitter_misc":{"Est. tempo de leitura":"4 minutos"},"schema":{"@context":"https:\/\/schema.org","@graph":[{"@type":"WebPage","@id":"https:\/\/bet-bonus.net\/br\/odds-melhoradas\/","url":"https:\/\/bet-bonus.net\/br\/odds-melhoradas\/","name":"1xBet Odds Melhoradas \u00bb Aposte com as melhores Probabilidades","isPartOf":{"@id":"https:\/\/bet-bonus.net\/br\/#website"},"datePublished":"2018-07-13T22:22:05+00:00","dateModified":"2018-07-27T14:32:05+00:00","breadcrumb":{"@id":"https:\/\/bet-bonus.net\/br\/odds-melhoradas\/#breadcrumb"},"inLanguage":"pt-BR","potentialAction":[{"@type":"ReadAction","target":["https:\/\/bet-bonus.net\/br\/odds-melhoradas\/"]}]},{"@type":"BreadcrumbList","@id":"https:\/\/bet-bonus.net\/br\/odds-melhoradas\/#breadcrumb","itemListElement":[{"@type":"ListItem","position":1,"name":"Home","item":"https:\/\/bet-bonus.net\/br\/"},{"@type":"ListItem","position":2,"name":"Ganhe mais com as Odds Melhoradas da 1xBet - Mais Lucro nos mesmos Jogos"}]},{"@type":"WebSite","@id":"https:\/\/bet-bonus.net\/br\/#website","url":"https:\/\/bet-bonus.net\/br\/","name":"bet-bonus.net\/br","description":"","potentialAction":[{"@type":"SearchAction","target":{"@type":"EntryPoint","urlTemplate":"https:\/\/bet-bonus.net\/br\/?s={search_term_string}"},"query-input":{"@type":"PropertyValueSpecification","valueRequired":true,"valueName":"search_term_string"}}],"inLanguage":"pt-BR"}]}},"_links":{"self":[{"href":"https:\/\/bet-bonus.net\/br\/wp-json\/wp\/v2\/pages\/31","targetHints":{"allow":["GET"]}}],"collection":[{"href":"https:\/\/bet-bonus.net\/br\/wp-json\/wp\/v2\/pages"}],"about":[{"href":"https:\/\/bet-bonus.net\/br\/wp-json\/wp\/v2\/types\/page"}],"author":[{"embeddable":true,"href":"https:\/\/bet-bonus.net\/br\/wp-json\/wp\/v2\/users\/1"}],"replies":[{"embeddable":true,"href":"https:\/\/bet-bonus.net\/br\/wp-json\/wp\/v2\/comments?post=31"}],"version-history":[{"count":8,"href":"https:\/\/bet-bonus.net\/br\/wp-json\/wp\/v2\/pages\/31\/revisions"}],"predecessor-version":[{"id":477,"href":"https:\/\/bet-bonus.net\/br\/wp-json\/wp\/v2\/pages\/31\/revisions\/477"}],"wp:attachment":[{"href":"https:\/\/bet-bonus.net\/br\/wp-json\/wp\/v2\/media?parent=31"}],"wp:term":[{"taxonomy":"category","embeddable":true,"href":"https:\/\/bet-bonus.net\/br\/wp-json\/wp\/v2\/categories?post=31"},{"taxonomy":"post_tag","embeddable":true,"href":"https:\/\/bet-bonus.net\/br\/wp-json\/wp\/v2\/tags?post=31"}],"curies":[{"name":"wp","href":"https:\/\/api.w.org\/{rel}","templated":true}]}}