{"id":29,"date":"2018-07-13T22:15:55","date_gmt":"2018-07-13T22:15:55","guid":{"rendered":"http:\/\/bet-bonus.net\/br\/?page_id=29"},"modified":"2018-07-27T11:49:10","modified_gmt":"2018-07-27T11:49:10","slug":"resultados","status":"publish","type":"page","link":"https:\/\/bet-bonus.net\/br\/resultados\/","title":{"rendered":"Acompanhe o Marcador em Direto ou Veja os Resultados Finais na 1xBet"},"content":{"rendered":"<p class=\"text-justify\">O 1xBet sai mais uma vez na frente ao apresentar facilidades no momento de se conferir os jogos presentes em sua plataforma. Trata-se do <strong>1xBet Resultados<\/strong>, que possibilita ao jogador saber tanto o que est\u00e1 acontecendo nas partidas de modo direto, ou seja, ao vivo, quanto atrav\u00e9s dos placares finais. Dessa forma, jogar se torna algo ainda mais interessante para todos.<\/p>\r\n\r\n<h2>1xBet Placard - V\u00ea se ganhaste<\/h2>\r\n<p class=\"text-justify\">Quem gosta de fazer <a href=\"https:\/\/bet-bonus.net\/br\/apostas-esportivas\/\">apostas esportivas<\/a> tamb\u00e9m tem a necessidade de saber a quantas anda sua performance em rela\u00e7\u00e3o aos jogos em que est\u00e1 envolvido. Isso ocorre pelo fato do jogador levar em conta tanto a pr\u00f3pria emo\u00e7\u00e3o do jogo, quanto a possibilidade de ganhar dinheiro fazendo algo que lhe d\u00e1 muito prazer. Pensando nisso, a <strong>1xBet<\/strong> desenvolveu um placar bastante \u00fatil. De grande visibilidade e elaborado para ser algo com bastante clareza, ele d\u00e1 ao usu\u00e1rio o real resultado, possibilitando com que saiba imediatamente se est\u00e1 ganhando. Com isso, o jogador poder\u00e1 melhorar a sua atua\u00e7\u00e3o a fim de que consiga atingir seus objetivos de jogada.<\/p>\r\n<p class=\"text-justify\"><span style=\"font-weight: 400;\">            <div class=\"bonus-box first-box\">\n                <div class=\"bonus-box-head\">\n                    <div class=\"col-lg-3 col-md-4 col-sm-4 col-xs-12 \">\n                        <span class=\"hotfix operator-logo\"><img decoding=\"async\" src=\"\/portuguese\/assets\/logos\/sport\/dark-back\/1xbet.png\" width=\"auto\" height=\"auto\" alt=\"1xBet\" \/><\/span>                    <\/div>\n                    <div class=\"col-lg-4 col-md-4 col-sm-4 col-xs-6\">\n                        <p class=\"box-title\">1xBet&nbsp;sport<\/p>\n                    <\/div>\n                    <div class=\"col-lg-5 col-md-4 col-sm-4 col-xs-6\">\n                        <div class=\"likes-box likes-js\" data-likesid=\"1\">\n                            <div class=\"likes-icon-js\"><i class=\"fa fa-heart\" aria-hidden=\"true\"><\/i><\/div>\n                            <div class=\"likes-text-js\"><p>1196 likes<\/p><\/div>\n                        <\/div>\n                    <\/div>\n                <\/div>\n                <div class=\"bonus-box-body\">\n                    <div class=\"col-lg-3 col-md-3 col-sm-6 col-xs-12 rightBordered m-bonus no-padding\">\n                        <p>B\u00f4nus M\u00e1ximo<\/p>\n                        <p class=\"bonus-value max-bonus\">R$1200<\/p>\n                    <\/div>\n                                            <div class=\"col-lg-2 col-md-2 col-sm-6 col-xs-12 no-padding\">\n                            <p>Odds M\u00edn.<\/p>\n                            <p class=\"bonus-value\">2.00<\/p>\n                        <\/div>\n                                                                <div class=\"col-lg-2 col-md-2 col-sm-6 col-xs-12 no-padding \">\n                            <p>Requisito<\/p>\n                            <p class=\"bonus-value\">9x Bonus<\/p>\n                        <\/div>\n                                        <div class=\"col-lg-2 col-md-2 col-sm-6 col-xs-12 no-padding\">\n                        <p>Porcentagem<\/p>\n                        <p class=\"bonus-value\">100%<\/p>\n                    <\/div>\n                    <div class=\"col-lg-3 col-md-3 col-sm-6 col-xs-12 claim-bonus-sec \">\n\n                                                <div>\n                             <div   class=\"bonuscode  secret-code \"><span>Nenhum C\u00f3digo b\u00f4nus Obrigat\u00f3rio<\/span><\/div> <span class=\"cursored button js-golink  claim-bonus-code\"  onclick=\"OpenGoLink(this);\" data-operator=\"7\" data-bonus=\"3921\"   data-clicks=\"1\"data-type=\"sport\" ><div class='hvr-animation bonus-btn-main-sec'><span>Mostrar o C\u00f3digo de B\u00f4nus<\/span><\/div> <\/span>                         <\/div>\n                    <\/div>\n                <\/div>\n                            <\/div>\n                        <div class=\"bonus-box first-box\">\n                <div class=\"bonus-box-head\">\n                    <div class=\"col-lg-3 col-md-4 col-sm-4 col-xs-12 \">\n                        <span class=\"hotfix operator-logo\"><img decoding=\"async\" src=\"\/portuguese\/assets\/logos\/casino\/dark-back\/1xbet-casino.png\" width=\"auto\" height=\"auto\" alt=\"1xBet\" \/><\/span>                    <\/div>\n                    <div class=\"col-lg-4 col-md-4 col-sm-4 col-xs-6\">\n                        <p class=\"box-title\">1xBet&nbsp;casino<\/p>\n                    <\/div>\n                    <div class=\"col-lg-5 col-md-4 col-sm-4 col-xs-6\">\n                        <div class=\"likes-box likes-js\" data-likesid=\"16\">\n                            <div class=\"likes-icon-js\"><i class=\"fa fa-heart\" aria-hidden=\"true\"><\/i><\/div>\n                            <div class=\"likes-text-js\"><p>1755 likes<\/p><\/div>\n                        <\/div>\n                    <\/div>\n                <\/div>\n                <div class=\"bonus-box-body\">\n                    <div class=\"col-lg-3 col-md-3 col-sm-6 col-xs-12 rightBordered m-bonus no-padding\">\n                        <p>B\u00f4nus M\u00e1ximo<\/p>\n                        <p class=\"bonus-value max-bonus\">R$1600<\/p>\n                    <\/div>\n                                                                <div class=\"col-lg-2 col-md-2 col-sm-6 col-xs-12 no-padding \">\n                            <p>Requisito<\/p>\n                            <p class=\"bonus-value\">35x Bonus<\/p>\n                        <\/div>\n                                        <div class=\"col-lg-2 col-md-2 col-sm-6 col-xs-12 no-padding\">\n                        <p>Porcentagem<\/p>\n                        <p class=\"bonus-value\">100%<\/p>\n                    <\/div>\n                    <div class=\"col-lg-3 col-md-3 col-sm-6 col-xs-12 claim-bonus-sec \">\n\n                                                <div>\n                             <div   class=\"bonuscode  secret-code \"><span>Nenhum C\u00f3digo b\u00f4nus Obrigat\u00f3rio<\/span><\/div> <span class=\"cursored button js-golink  claim-bonus-code\"  onclick=\"OpenGoLink(this);\" data-operator=\"8\" data-bonus=\"5396\"   data-clicks=\"17\"data-type=\"casino\" ><div class='hvr-animation bonus-btn-main-sec'><span>Mostrar o C\u00f3digo de B\u00f4nus<\/span><\/div> <\/span>                         <\/div>\n                    <\/div>\n                <\/div>\n                            <\/div>\n                        <div class=\"bonus-box first-box\">\n                <div class=\"bonus-box-head\">\n                    <div class=\"col-lg-3 col-md-4 col-sm-4 col-xs-12 \">\n                        <span class=\"hotfix operator-logo\"><img decoding=\"async\" src=\"\/portuguese\/assets\/logos\/poker\/dark-back\/1xbet-poker.png\" width=\"auto\" height=\"auto\" alt=\"1xBet\" \/><\/span>                    <\/div>\n                    <div class=\"col-lg-4 col-md-4 col-sm-4 col-xs-6\">\n                        <p class=\"box-title\">1xBet&nbsp;poker<\/p>\n                    <\/div>\n                    <div class=\"col-lg-5 col-md-4 col-sm-4 col-xs-6\">\n                        <div class=\"likes-box likes-js\" data-likesid=\"12\">\n                            <div class=\"likes-icon-js\"><i class=\"fa fa-heart\" aria-hidden=\"true\"><\/i><\/div>\n                            <div class=\"likes-text-js\"><p>1130 likes<\/p><\/div>\n                        <\/div>\n                    <\/div>\n                <\/div>\n                <div class=\"bonus-box-body\">\n                    <div class=\"col-lg-3 col-md-3 col-sm-6 col-xs-12 rightBordered m-bonus no-padding\">\n                        <p>B\u00f4nus M\u00e1ximo<\/p>\n                        <p class=\"bonus-value max-bonus\">No Bonus<\/p>\n                    <\/div>\n                                                                <div class=\"col-lg-2 col-md-2 col-sm-6 col-xs-12 no-padding \">\n                            <p>Requisito<\/p>\n                            <p class=\"bonus-value\">x <\/p>\n                        <\/div>\n                                        <div class=\"col-lg-2 col-md-2 col-sm-6 col-xs-12 no-padding\">\n                        <p>Porcentagem<\/p>\n                        <p class=\"bonus-value\">-<\/p>\n                    <\/div>\n                    <div class=\"col-lg-3 col-md-3 col-sm-6 col-xs-12 claim-bonus-sec \">\n\n                                                <div>\n                             <div   class=\"bonuscode  secret-code \"><span>Nenhum C\u00f3digo b\u00f4nus Obrigat\u00f3rio<\/span><\/div> <span class=\"cursored button js-golink  claim-bonus-code\"  onclick=\"OpenGoLink(this);\" data-operator=\"573\" data-bonus=\"4043\"   data-clicks=\"13\"data-type=\"poker\" ><div class='hvr-animation bonus-btn-main-sec'><span>Mostrar o C\u00f3digo de B\u00f4nus<\/span><\/div> <\/span>                         <\/div>\n                    <\/div>\n                <\/div>\n                            <\/div>\n            <\/span><\/p>\r\n\r\n<h2>1xBet Resultados em Direto - Como ver se a tua equipa ganhou<\/h2>\r\n<p class=\"text-justify\">Saber se a equipe atingiu a t\u00e3o sonhada vit\u00f3ria tamb\u00e9m \u00e9 um passo bastante simples em se tratando da 1xBet, pois com a possibilidade de confer\u00eancia dos \u00edndices alcan\u00e7ados, o jogador j\u00e1 ter\u00e1 uma vis\u00e3o bastante clara sobre o que est\u00e1 acontecendo no <strong>jogo<\/strong>. Para se certificar que determinada equipe \u00e9 de fato vencedora, basta que se atente para o campo de resultados em que tais dados s\u00e3o disponibilizados, clicando-se na op\u00e7\u00e3o ao vivo. Dessa maneira tem-se um panorama completo e preciso sobre o desfecho de qualquer uma das partidas disponibilizadas.<\/p>\r\n<p class=\"text-justify\"><span style=\"font-weight: 400;\">\r\n<div class=\"cta-direct-bonus\">\r\n    <div class=\"col-lg-8 col-md-8 col-sm-8 col-xs-12\">\r\n        <div class=\"row\">\r\n            <p class=\"cta-direct-slogan\">\r\n                Est\u00e1 Pronto para Pegar Seu B\u00f4nus de Boas-Vindas?            <\/p>\r\n        <\/div>\r\n    <\/div>\r\n    <div class=\"col-lg-4 col-md-4 col-sm-4 col-xs-12\">\r\n        <div class=\"row\">\r\n             <span class=\"cursored button js-golink cta-direct-button hvr-animation new-hover\"  onclick=\"OpenGoLink(this);\" data-operator=\"7\" data-bonus=\"4043\"   data-clicks=\"12\"data-type=\"sport\" ><span>Visitar 1xBet Agora!<\/span> <\/span> \r\n        <\/div>\r\n    <\/div>\r\n<\/div>\r\n\r\n<style type=\"text\/css\" media=\"screen\">\r\n    .cta-direct-button.new-hover {\r\n        padding: 3px 0 2px;\r\n    }\r\n<\/style><\/span><\/p>\r\n\r\n<h2>1xBet Estat\u00edsticas - Joga com mais informa\u00e7\u00e3o<\/h2>\r\n<p class=\"text-justify\">Se jogar j\u00e1 \u00e9 uma atividade que provoca imenso prazer, imagine disputar partidas dispondo-se de importantes dados sobre o assunto. Isso se torna perfeitamente poss\u00edvel por meio do sistema de <strong>estat\u00edsticas<\/strong>\u00a0para os v\u00e1rios <a href=\"https:\/\/bet-bonus.net\/br\/mercados-de-apostas\/\">mercados de apostas<\/a> que o site da 1xBet disponibiliza aos seus usu\u00e1rios cadastrados. Vale ressaltar que para a utiliza\u00e7\u00e3o da plataforma \u00e9 necess\u00e1rio que um cadastro pr\u00f3prio seja feito, o que vale muito a pena, uma vez que d\u00e1 acesso a jogos, apostas e muitas informa\u00e7\u00f5es sobre a performance de jogadores, equipes e muito mais. E isso tudo se torna poss\u00edvel de maneira muito r\u00e1pida.<\/p>\r\n\r\n<h2>Ver o teu boletim de apostas da 1xBet<\/h2>\r\n<p class=\"text-justify\">Ter um hist\u00f3rico detalhado das pr\u00f3prias apostas realizadas \u00e9 algo de grande valia, sobretudo para que os usu\u00e1rios consigam analisar de que modos est\u00e3o conduzindo as partidas das quais participam. O <strong>1xBet<\/strong>, interessado em promover praticidade e facilidade para que o jogador atinja o \u00e1pice de seu desempenho em algo que tamb\u00e9m \u00e9 divertido, organiza os dados de seus usu\u00e1rios em boletins de apostas. Assim sendo, \u00e9 poss\u00edvel acessar tais informa\u00e7\u00f5es e sempre conferir tudo o que foi realizado at\u00e9 ent\u00e3o, tornando as experi\u00eancias dos jogadores ainda mais completas e prazerosas.<\/p>\r\n<p class=\"text-justify\"><span style=\"font-weight: 400;\">\r\n<div class=\"cta-direct-bonus\">\r\n    <div class=\"col-lg-8 col-md-8 col-sm-8 col-xs-12\">\r\n        <div class=\"row\">\r\n            <p class=\"cta-direct-slogan\">\r\n                Est\u00e1 Pronto para Pegar Seu B\u00f4nus de Boas-Vindas?            <\/p>\r\n        <\/div>\r\n    <\/div>\r\n    <div class=\"col-lg-4 col-md-4 col-sm-4 col-xs-12\">\r\n        <div class=\"row\">\r\n             <span class=\"cursored button js-golink cta-direct-button hvr-animation new-hover\"  onclick=\"OpenGoLink(this);\" data-operator=\"7\" data-bonus=\"3921\"   data-clicks=\"1\"data-type=\"sport\" ><span>Visitar 1xBet Agora!<\/span> <\/span> \r\n        <\/div>\r\n    <\/div>\r\n<\/div>\r\n\r\n<style type=\"text\/css\" media=\"screen\">\r\n    .cta-direct-button.new-hover {\r\n        padding: 3px 0 2px;\r\n    }\r\n<\/style><\/span><\/p>","protected":false},"excerpt":{"rendered":"O 1xBet sai mais uma vez na frente ao apresentar facilidades no momento de se conferir os jogos presentes em sua plataforma. Trata-se do 1xBet Resultados, que possibilita ao jogador saber tanto o que est\u00e1 acontecendo nas partidas de modo direto, ou seja, ao vivo, quanto atrav\u00e9s dos placares finais. Dessa forma, jogar se torna<a href=\"https:\/\/bet-bonus.net\/br\/resultados\/\"> &#8230;<\/a>","protected":false},"author":1,"featured_media":0,"parent":0,"menu_order":0,"comment_status":"closed","ping_status":"closed","template":"","meta":{"footnotes":""},"categories":[],"tags":[],"class_list":["post-29","page","type-page","status-publish","hentry"],"yoast_head":"<!-- This site is optimized with the Yoast SEO plugin v26.7 - https:\/\/yoast.com\/wordpress\/plugins\/seo\/ -->\n<title>1xBet Resultados \u00bb Acompanhe todos os jogos e suas estat\u00edsticas<\/title>\n<meta name=\"robots\" content=\"index, follow, max-snippet:-1, max-image-preview:large, max-video-preview:-1\" \/>\n<link rel=\"canonical\" href=\"https:\/\/bet-bonus.net\/br\/resultados\/\" \/>\n<meta property=\"og:locale\" content=\"pt_BR\" \/>\n<meta property=\"og:type\" content=\"article\" \/>\n<meta property=\"og:title\" content=\"1xBet Resultados \u00bb Acompanhe todos os jogos e suas estat\u00edsticas\" \/>\n<meta property=\"og:url\" content=\"https:\/\/bet-bonus.net\/br\/resultados\/\" \/>\n<meta property=\"og:site_name\" content=\"bet-bonus.net\/br\" \/>\n<meta property=\"article:modified_time\" content=\"2018-07-27T11:49:10+00:00\" \/>\n<meta name=\"twitter:card\" content=\"summary_large_image\" \/>\n<meta name=\"twitter:label1\" content=\"Est. tempo de leitura\" \/>\n\t<meta name=\"twitter:data1\" content=\"3 minutos\" \/>\n<script type=\"application\/ld+json\" class=\"yoast-schema-graph\">{\"@context\":\"https:\/\/schema.org\",\"@graph\":[{\"@type\":\"WebPage\",\"@id\":\"https:\/\/bet-bonus.net\/br\/resultados\/\",\"url\":\"https:\/\/bet-bonus.net\/br\/resultados\/\",\"name\":\"1xBet Resultados \u00bb Acompanhe todos os jogos e suas estat\u00edsticas\",\"isPartOf\":{\"@id\":\"https:\/\/bet-bonus.net\/br\/#website\"},\"datePublished\":\"2018-07-13T22:15:55+00:00\",\"dateModified\":\"2018-07-27T11:49:10+00:00\",\"breadcrumb\":{\"@id\":\"https:\/\/bet-bonus.net\/br\/resultados\/#breadcrumb\"},\"inLanguage\":\"pt-BR\",\"potentialAction\":[{\"@type\":\"ReadAction\",\"target\":[\"https:\/\/bet-bonus.net\/br\/resultados\/\"]}]},{\"@type\":\"BreadcrumbList\",\"@id\":\"https:\/\/bet-bonus.net\/br\/resultados\/#breadcrumb\",\"itemListElement\":[{\"@type\":\"ListItem\",\"position\":1,\"name\":\"Home\",\"item\":\"https:\/\/bet-bonus.net\/br\/\"},{\"@type\":\"ListItem\",\"position\":2,\"name\":\"Acompanhe o Marcador em Direto ou Veja os Resultados Finais na 1xBet\"}]},{\"@type\":\"WebSite\",\"@id\":\"https:\/\/bet-bonus.net\/br\/#website\",\"url\":\"https:\/\/bet-bonus.net\/br\/\",\"name\":\"bet-bonus.net\/br\",\"description\":\"\",\"potentialAction\":[{\"@type\":\"SearchAction\",\"target\":{\"@type\":\"EntryPoint\",\"urlTemplate\":\"https:\/\/bet-bonus.net\/br\/?s={search_term_string}\"},\"query-input\":{\"@type\":\"PropertyValueSpecification\",\"valueRequired\":true,\"valueName\":\"search_term_string\"}}],\"inLanguage\":\"pt-BR\"}]}<\/script>\n<!-- \/ Yoast SEO plugin. -->","yoast_head_json":{"title":"1xBet Resultados \u00bb Acompanhe todos os jogos e suas estat\u00edsticas","robots":{"index":"index","follow":"follow","max-snippet":"max-snippet:-1","max-image-preview":"max-image-preview:large","max-video-preview":"max-video-preview:-1"},"canonical":"https:\/\/bet-bonus.net\/br\/resultados\/","og_locale":"pt_BR","og_type":"article","og_title":"1xBet Resultados \u00bb Acompanhe todos os jogos e suas estat\u00edsticas","og_url":"https:\/\/bet-bonus.net\/br\/resultados\/","og_site_name":"bet-bonus.net\/br","article_modified_time":"2018-07-27T11:49:10+00:00","twitter_card":"summary_large_image","twitter_misc":{"Est. tempo de leitura":"3 minutos"},"schema":{"@context":"https:\/\/schema.org","@graph":[{"@type":"WebPage","@id":"https:\/\/bet-bonus.net\/br\/resultados\/","url":"https:\/\/bet-bonus.net\/br\/resultados\/","name":"1xBet Resultados \u00bb Acompanhe todos os jogos e suas estat\u00edsticas","isPartOf":{"@id":"https:\/\/bet-bonus.net\/br\/#website"},"datePublished":"2018-07-13T22:15:55+00:00","dateModified":"2018-07-27T11:49:10+00:00","breadcrumb":{"@id":"https:\/\/bet-bonus.net\/br\/resultados\/#breadcrumb"},"inLanguage":"pt-BR","potentialAction":[{"@type":"ReadAction","target":["https:\/\/bet-bonus.net\/br\/resultados\/"]}]},{"@type":"BreadcrumbList","@id":"https:\/\/bet-bonus.net\/br\/resultados\/#breadcrumb","itemListElement":[{"@type":"ListItem","position":1,"name":"Home","item":"https:\/\/bet-bonus.net\/br\/"},{"@type":"ListItem","position":2,"name":"Acompanhe o Marcador em Direto ou Veja os Resultados Finais na 1xBet"}]},{"@type":"WebSite","@id":"https:\/\/bet-bonus.net\/br\/#website","url":"https:\/\/bet-bonus.net\/br\/","name":"bet-bonus.net\/br","description":"","potentialAction":[{"@type":"SearchAction","target":{"@type":"EntryPoint","urlTemplate":"https:\/\/bet-bonus.net\/br\/?s={search_term_string}"},"query-input":{"@type":"PropertyValueSpecification","valueRequired":true,"valueName":"search_term_string"}}],"inLanguage":"pt-BR"}]}},"_links":{"self":[{"href":"https:\/\/bet-bonus.net\/br\/wp-json\/wp\/v2\/pages\/29","targetHints":{"allow":["GET"]}}],"collection":[{"href":"https:\/\/bet-bonus.net\/br\/wp-json\/wp\/v2\/pages"}],"about":[{"href":"https:\/\/bet-bonus.net\/br\/wp-json\/wp\/v2\/types\/page"}],"author":[{"embeddable":true,"href":"https:\/\/bet-bonus.net\/br\/wp-json\/wp\/v2\/users\/1"}],"replies":[{"embeddable":true,"href":"https:\/\/bet-bonus.net\/br\/wp-json\/wp\/v2\/comments?post=29"}],"version-history":[{"count":6,"href":"https:\/\/bet-bonus.net\/br\/wp-json\/wp\/v2\/pages\/29\/revisions"}],"predecessor-version":[{"id":457,"href":"https:\/\/bet-bonus.net\/br\/wp-json\/wp\/v2\/pages\/29\/revisions\/457"}],"wp:attachment":[{"href":"https:\/\/bet-bonus.net\/br\/wp-json\/wp\/v2\/media?parent=29"}],"wp:term":[{"taxonomy":"category","embeddable":true,"href":"https:\/\/bet-bonus.net\/br\/wp-json\/wp\/v2\/categories?post=29"},{"taxonomy":"post_tag","embeddable":true,"href":"https:\/\/bet-bonus.net\/br\/wp-json\/wp\/v2\/tags?post=29"}],"curies":[{"name":"wp","href":"https:\/\/api.w.org\/{rel}","templated":true}]}}