{"id":27,"date":"2018-07-13T21:36:55","date_gmt":"2018-07-13T21:36:55","guid":{"rendered":"http:\/\/bet-bonus.net\/br\/?page_id=27"},"modified":"2018-07-27T11:54:56","modified_gmt":"2018-07-27T11:54:56","slug":"live-streaming","status":"publish","type":"page","link":"https:\/\/bet-bonus.net\/br\/live-streaming\/","title":{"rendered":"Assistir a Jogos ao Vivo na 1xBet \u00e9 muito f\u00e1cil - Veja como fazer"},"content":{"rendered":"<p class=\"text-justify\">Para assistir a 1xbet jogos ao vivo \u00e9 muito simples, basta acessar o site 1XBET e clicar em AO VIVO eventos, localizado na parte superior esquerda do monitor OU clicando no bot\u00e3o AO VIVO que aparece logo no topo do monitor. A imagem ser\u00e1 exibida no canto superior direito, onde \u00e9 poss\u00edvel modificar a exibi\u00e7\u00e3o para tela cheia.<\/p>\r\n\r\n<h2>Ver jogos ao vivo sem se registrar<\/h2>\r\n<p class=\"text-justify\">Voc\u00ea sabia que \u00e9 poss\u00edvel acessar o 1xbet ao vivo sem se registrar? \u00c9 poss\u00edvel e \u00e9 muito f\u00e1cil! N\u00e3o precisa cadastrar e-mail, telefone, nada disso! \u00c9 super r\u00e1pido e pr\u00e1tico. \u00c9 s\u00f3 abrir o navegador do seu computador, tablet ou celular, entrar na p\u00e1gina principal, clicar no bot\u00e3o <strong>AO VIVO<\/strong> localizado na parte superior esquerda do monitor, escolher o jogo que voc\u00ea deseja assistir e clicar no bot\u00e3o live e em seguida no bot\u00e3o join now. Pronto! A imagem ser\u00e1 exibida no canto superior direito, onde \u00e9 poss\u00edvel modificar a exibi\u00e7\u00e3o para o modo tela cheia.<\/p>\r\n<p class=\"text-justify\"><span style=\"font-weight: 400;\">            <div class=\"bonus-box first-box\">\n                <div class=\"bonus-box-head\">\n                    <div class=\"col-lg-3 col-md-4 col-sm-4 col-xs-12 \">\n                        <span class=\"hotfix operator-logo\"><img decoding=\"async\" src=\"\/portuguese\/assets\/logos\/sport\/dark-back\/1xbet.png\" width=\"auto\" height=\"auto\" alt=\"1xBet\" \/><\/span>                    <\/div>\n                    <div class=\"col-lg-4 col-md-4 col-sm-4 col-xs-6\">\n                        <p class=\"box-title\">1xBet&nbsp;sport<\/p>\n                    <\/div>\n                    <div class=\"col-lg-5 col-md-4 col-sm-4 col-xs-6\">\n                        <div class=\"likes-box likes-js\" data-likesid=\"1\">\n                            <div class=\"likes-icon-js\"><i class=\"fa fa-heart\" aria-hidden=\"true\"><\/i><\/div>\n                            <div class=\"likes-text-js\"><p>1196 likes<\/p><\/div>\n                        <\/div>\n                    <\/div>\n                <\/div>\n                <div class=\"bonus-box-body\">\n                    <div class=\"col-lg-3 col-md-3 col-sm-6 col-xs-12 rightBordered m-bonus no-padding\">\n                        <p>B\u00f4nus M\u00e1ximo<\/p>\n                        <p class=\"bonus-value max-bonus\">R$1200<\/p>\n                    <\/div>\n                                            <div class=\"col-lg-2 col-md-2 col-sm-6 col-xs-12 no-padding\">\n                            <p>Odds M\u00edn.<\/p>\n                            <p class=\"bonus-value\">2.00<\/p>\n                        <\/div>\n                                                                <div class=\"col-lg-2 col-md-2 col-sm-6 col-xs-12 no-padding \">\n                            <p>Requisito<\/p>\n                            <p class=\"bonus-value\">9x Bonus<\/p>\n                        <\/div>\n                                        <div class=\"col-lg-2 col-md-2 col-sm-6 col-xs-12 no-padding\">\n                        <p>Porcentagem<\/p>\n                        <p class=\"bonus-value\">100%<\/p>\n                    <\/div>\n                    <div class=\"col-lg-3 col-md-3 col-sm-6 col-xs-12 claim-bonus-sec \">\n\n                                                <div>\n                             <div   class=\"bonuscode  secret-code \"><span>Nenhum C\u00f3digo b\u00f4nus Obrigat\u00f3rio<\/span><\/div> <span class=\"cursored button js-golink  claim-bonus-code\"  onclick=\"OpenGoLink(this);\" data-operator=\"7\" data-bonus=\"3921\"   data-clicks=\"1\"data-type=\"sport\" ><div class='hvr-animation bonus-btn-main-sec'><span>Mostrar o C\u00f3digo de B\u00f4nus<\/span><\/div> <\/span>                         <\/div>\n                    <\/div>\n                <\/div>\n                            <\/div>\n                        <div class=\"bonus-box first-box\">\n                <div class=\"bonus-box-head\">\n                    <div class=\"col-lg-3 col-md-4 col-sm-4 col-xs-12 \">\n                        <span class=\"hotfix operator-logo\"><img decoding=\"async\" src=\"\/portuguese\/assets\/logos\/casino\/dark-back\/1xbet-casino.png\" width=\"auto\" height=\"auto\" alt=\"1xBet\" \/><\/span>                    <\/div>\n                    <div class=\"col-lg-4 col-md-4 col-sm-4 col-xs-6\">\n                        <p class=\"box-title\">1xBet&nbsp;casino<\/p>\n                    <\/div>\n                    <div class=\"col-lg-5 col-md-4 col-sm-4 col-xs-6\">\n                        <div class=\"likes-box likes-js\" data-likesid=\"16\">\n                            <div class=\"likes-icon-js\"><i class=\"fa fa-heart\" aria-hidden=\"true\"><\/i><\/div>\n                            <div class=\"likes-text-js\"><p>1755 likes<\/p><\/div>\n                        <\/div>\n                    <\/div>\n                <\/div>\n                <div class=\"bonus-box-body\">\n                    <div class=\"col-lg-3 col-md-3 col-sm-6 col-xs-12 rightBordered m-bonus no-padding\">\n                        <p>B\u00f4nus M\u00e1ximo<\/p>\n                        <p class=\"bonus-value max-bonus\">R$1600<\/p>\n                    <\/div>\n                                                                <div class=\"col-lg-2 col-md-2 col-sm-6 col-xs-12 no-padding \">\n                            <p>Requisito<\/p>\n                            <p class=\"bonus-value\">35x Bonus<\/p>\n                        <\/div>\n                                        <div class=\"col-lg-2 col-md-2 col-sm-6 col-xs-12 no-padding\">\n                        <p>Porcentagem<\/p>\n                        <p class=\"bonus-value\">100%<\/p>\n                    <\/div>\n                    <div class=\"col-lg-3 col-md-3 col-sm-6 col-xs-12 claim-bonus-sec \">\n\n                                                <div>\n                             <div   class=\"bonuscode  secret-code \"><span>Nenhum C\u00f3digo b\u00f4nus Obrigat\u00f3rio<\/span><\/div> <span class=\"cursored button js-golink  claim-bonus-code\"  onclick=\"OpenGoLink(this);\" data-operator=\"8\" data-bonus=\"5396\"   data-clicks=\"17\"data-type=\"casino\" ><div class='hvr-animation bonus-btn-main-sec'><span>Mostrar o C\u00f3digo de B\u00f4nus<\/span><\/div> <\/span>                         <\/div>\n                    <\/div>\n                <\/div>\n                            <\/div>\n                        <div class=\"bonus-box first-box\">\n                <div class=\"bonus-box-head\">\n                    <div class=\"col-lg-3 col-md-4 col-sm-4 col-xs-12 \">\n                        <span class=\"hotfix operator-logo\"><img decoding=\"async\" src=\"\/portuguese\/assets\/logos\/poker\/dark-back\/1xbet-poker.png\" width=\"auto\" height=\"auto\" alt=\"1xBet\" \/><\/span>                    <\/div>\n                    <div class=\"col-lg-4 col-md-4 col-sm-4 col-xs-6\">\n                        <p class=\"box-title\">1xBet&nbsp;poker<\/p>\n                    <\/div>\n                    <div class=\"col-lg-5 col-md-4 col-sm-4 col-xs-6\">\n                        <div class=\"likes-box likes-js\" data-likesid=\"12\">\n                            <div class=\"likes-icon-js\"><i class=\"fa fa-heart\" aria-hidden=\"true\"><\/i><\/div>\n                            <div class=\"likes-text-js\"><p>1130 likes<\/p><\/div>\n                        <\/div>\n                    <\/div>\n                <\/div>\n                <div class=\"bonus-box-body\">\n                    <div class=\"col-lg-3 col-md-3 col-sm-6 col-xs-12 rightBordered m-bonus no-padding\">\n                        <p>B\u00f4nus M\u00e1ximo<\/p>\n                        <p class=\"bonus-value max-bonus\">No Bonus<\/p>\n                    <\/div>\n                                                                <div class=\"col-lg-2 col-md-2 col-sm-6 col-xs-12 no-padding \">\n                            <p>Requisito<\/p>\n                            <p class=\"bonus-value\">x <\/p>\n                        <\/div>\n                                        <div class=\"col-lg-2 col-md-2 col-sm-6 col-xs-12 no-padding\">\n                        <p>Porcentagem<\/p>\n                        <p class=\"bonus-value\">-<\/p>\n                    <\/div>\n                    <div class=\"col-lg-3 col-md-3 col-sm-6 col-xs-12 claim-bonus-sec \">\n\n                                                <div>\n                             <div   class=\"bonuscode  secret-code \"><span>Nenhum C\u00f3digo b\u00f4nus Obrigat\u00f3rio<\/span><\/div> <span class=\"cursored button js-golink  claim-bonus-code\"  onclick=\"OpenGoLink(this);\" data-operator=\"573\" data-bonus=\"4043\"   data-clicks=\"13\"data-type=\"poker\" ><div class='hvr-animation bonus-btn-main-sec'><span>Mostrar o C\u00f3digo de B\u00f4nus<\/span><\/div> <\/span>                         <\/div>\n                    <\/div>\n                <\/div>\n                            <\/div>\n            <\/span><\/p>\r\n\r\n<h2>Como ver o streaming na 1xBet<\/h2>\r\n<p class=\"text-justify\">Para ver o 1xbet stream \u00e9 simples, basta entrar na Homepage, clicar no bot\u00e3o <strong>AO VIVO<\/strong> localizado na parte superior esquerda do monitor, escolher o jogo que voc\u00ea deseja assistir e clicar no bot\u00e3o live e em seguida no bot\u00e3o \"join now\" para poder fazer <a href=\"https:\/\/bet-bonus.net\/br\/apostas-ao-vivo\/\">apostas ao vivo<\/a>. Pronto! A imagem ser\u00e1 exibida no canto superior direito, onde \u00e9 poss\u00edvel modificar a exibi\u00e7\u00e3o para o modo tela cheia. \u00c9 poss\u00edvel ver o streaming sem se registrar, caso prefira voc\u00ea tamb\u00e9m pode se registrar para ter acesso \u00e0s apostas da 1xBet.<\/p>\r\n\r\n<h2>Quais s\u00e3o os esportes online que posso ver na 1xBet?<\/h2>\r\n<p class=\"text-justify\">Acessando a 1xbet live, voc\u00ea tem v\u00e1rias op\u00e7\u00f5es de esportes online para assistir ao vivo no conforto da sua casa, escrit\u00f3rio ou onde quer que voc\u00ea esteja conectado. Ao clicar no bot\u00e3o <strong>ESPORTES<\/strong> voc\u00ea ver\u00e1 todas as op\u00e7\u00f5es de esportes dispon\u00edveis para exibi\u00e7\u00e3o: futebol, basquete, h\u00f3quei no gelo, v\u00f4lei, pingue pongue, t\u00eanis, apostas especiais, artes marciais, atletismo, automobilismo, badminton, beisebol, biatlo, bilhar, boxe, ciclismo, corrida de c\u00e3es, corridas de cavalos, corridas de galgos, crossfit, cr\u00edquete, esqui, futebol americano, futebol ga\u00e9lico, futebol de praia, futsal, f\u00f3rmula 1, golfe, handebol, horse racing, hurling, jogos de tv, loteria, motociclismo, netball, polo aqu\u00e1tico, p\u00f4quer, regras australianas, r\u00fagbi, salto de esqui, softball, speedway, surfing, trotando, trotting antepost, v\u00f4lei de praia, xadrez e esports.<\/p>\r\n<p class=\"text-justify\"><span style=\"font-weight: 400;\">\r\n<div class=\"cta-direct-bonus\">\r\n    <div class=\"col-lg-8 col-md-8 col-sm-8 col-xs-12\">\r\n        <div class=\"row\">\r\n            <p class=\"cta-direct-slogan\">\r\n                Est\u00e1 Pronto para Pegar Seu B\u00f4nus de Boas-Vindas?            <\/p>\r\n        <\/div>\r\n    <\/div>\r\n    <div class=\"col-lg-4 col-md-4 col-sm-4 col-xs-12\">\r\n        <div class=\"row\">\r\n             <span class=\"cursored button js-golink cta-direct-button hvr-animation new-hover\"  onclick=\"OpenGoLink(this);\" data-operator=\"7\" data-bonus=\"4043\"   data-clicks=\"12\"data-type=\"sport\" ><span>Visitar 1xBet Agora!<\/span> <\/span> \r\n        <\/div>\r\n    <\/div>\r\n<\/div>\r\n\r\n<style type=\"text\/css\" media=\"screen\">\r\n    .cta-direct-button.new-hover {\r\n        padding: 3px 0 2px;\r\n    }\r\n<\/style><\/span><\/p>\r\n<p class=\"text-justify\">N\u00e3o \u00e9 necess\u00e1rio se registrar para assistir aos jogos online, mas caso queira fazer suas <a href=\"https:\/\/bet-bonus.net\/br\/apostas-esportivas\/\"><\/a>, \u00e9 muito f\u00e1cil se registrar, basta ter um e-mail, telefone ou rede social v\u00e1lida e fazer o cadastro no bot\u00e3o dispon\u00edvel na lateral direita do monitor.<\/p>\r\n\r\n<h2>Como posso ver os jogos em direto na 1xbet?<\/h2>\r\n<p class=\"text-justify\">Basta entrar na sec\u00e7\u00e3o <strong>\"live\" da 1xBet<\/strong>, escolher o jogo que voc\u00ea deseja assistir (futebol, basquete, v\u00f4lei, ciclismo, f\u00f3rmula 1, artes marciais, automobilismo e beisebol s\u00e3o algumas das muitas op\u00e7\u00f5es) e clicar no bot\u00e3o live e em seguida no bot\u00e3o join now. Pronto! A imagem ser\u00e1 exibida no canto superior direito, onde \u00e9 poss\u00edvel modificar a exibi\u00e7\u00e3o para o modo tela cheia. Ajuste o volume e divirta-se assistindo aos jogos na 1xbet!<\/p>\r\n<p class=\"text-justify\"><span style=\"font-weight: 400;\">\r\n<div class=\"cta-direct-bonus\">\r\n    <div class=\"col-lg-8 col-md-8 col-sm-8 col-xs-12\">\r\n        <div class=\"row\">\r\n            <p class=\"cta-direct-slogan\">\r\n                Est\u00e1 Pronto para Pegar Seu B\u00f4nus de Boas-Vindas?            <\/p>\r\n        <\/div>\r\n    <\/div>\r\n    <div class=\"col-lg-4 col-md-4 col-sm-4 col-xs-12\">\r\n        <div class=\"row\">\r\n             <span class=\"cursored button js-golink cta-direct-button hvr-animation new-hover\"  onclick=\"OpenGoLink(this);\" data-operator=\"7\" data-bonus=\"3921\"   data-clicks=\"1\"data-type=\"sport\" ><span>Visitar 1xBet Agora!<\/span> <\/span> \r\n        <\/div>\r\n    <\/div>\r\n<\/div>\r\n\r\n<style type=\"text\/css\" media=\"screen\">\r\n    .cta-direct-button.new-hover {\r\n        padding: 3px 0 2px;\r\n    }\r\n<\/style><\/span><\/p>","protected":false},"excerpt":{"rendered":"Para assistir a 1xbet jogos ao vivo \u00e9 muito simples, basta acessar o site 1XBET e clicar em AO VIVO eventos, localizado na parte superior esquerda do monitor OU clicando no bot\u00e3o AO VIVO que aparece logo no topo do monitor. A imagem ser\u00e1 exibida no canto superior direito, onde \u00e9 poss\u00edvel modificar a exibi\u00e7\u00e3o<a href=\"https:\/\/bet-bonus.net\/br\/live-streaming\/\"> &#8230;<\/a>","protected":false},"author":1,"featured_media":0,"parent":0,"menu_order":0,"comment_status":"closed","ping_status":"closed","template":"","meta":{"footnotes":""},"categories":[],"tags":[],"class_list":["post-27","page","type-page","status-publish","hentry"],"yoast_head":"<!-- This site is optimized with the Yoast SEO plugin v26.7 - https:\/\/yoast.com\/wordpress\/plugins\/seo\/ -->\n<title>1xBet Live Streaming \u00bb Assista a Jogos ao Vivo sem se registrar<\/title>\n<meta name=\"robots\" content=\"index, follow, max-snippet:-1, max-image-preview:large, max-video-preview:-1\" \/>\n<link rel=\"canonical\" href=\"https:\/\/bet-bonus.net\/br\/live-streaming\/\" \/>\n<meta property=\"og:locale\" content=\"pt_BR\" \/>\n<meta property=\"og:type\" content=\"article\" \/>\n<meta property=\"og:title\" content=\"1xBet Live Streaming \u00bb Assista a Jogos ao Vivo sem se registrar\" \/>\n<meta property=\"og:url\" content=\"https:\/\/bet-bonus.net\/br\/live-streaming\/\" \/>\n<meta property=\"og:site_name\" content=\"bet-bonus.net\/br\" \/>\n<meta property=\"article:modified_time\" content=\"2018-07-27T11:54:56+00:00\" \/>\n<meta name=\"twitter:card\" content=\"summary_large_image\" \/>\n<meta name=\"twitter:label1\" content=\"Est. tempo de leitura\" \/>\n\t<meta name=\"twitter:data1\" content=\"3 minutos\" \/>\n<script type=\"application\/ld+json\" class=\"yoast-schema-graph\">{\"@context\":\"https:\/\/schema.org\",\"@graph\":[{\"@type\":\"WebPage\",\"@id\":\"https:\/\/bet-bonus.net\/br\/live-streaming\/\",\"url\":\"https:\/\/bet-bonus.net\/br\/live-streaming\/\",\"name\":\"1xBet Live Streaming \u00bb Assista a Jogos ao Vivo sem se registrar\",\"isPartOf\":{\"@id\":\"https:\/\/bet-bonus.net\/br\/#website\"},\"datePublished\":\"2018-07-13T21:36:55+00:00\",\"dateModified\":\"2018-07-27T11:54:56+00:00\",\"breadcrumb\":{\"@id\":\"https:\/\/bet-bonus.net\/br\/live-streaming\/#breadcrumb\"},\"inLanguage\":\"pt-BR\",\"potentialAction\":[{\"@type\":\"ReadAction\",\"target\":[\"https:\/\/bet-bonus.net\/br\/live-streaming\/\"]}]},{\"@type\":\"BreadcrumbList\",\"@id\":\"https:\/\/bet-bonus.net\/br\/live-streaming\/#breadcrumb\",\"itemListElement\":[{\"@type\":\"ListItem\",\"position\":1,\"name\":\"Home\",\"item\":\"https:\/\/bet-bonus.net\/br\/\"},{\"@type\":\"ListItem\",\"position\":2,\"name\":\"Assistir a Jogos ao Vivo na 1xBet \u00e9 muito f\u00e1cil - Veja como fazer\"}]},{\"@type\":\"WebSite\",\"@id\":\"https:\/\/bet-bonus.net\/br\/#website\",\"url\":\"https:\/\/bet-bonus.net\/br\/\",\"name\":\"bet-bonus.net\/br\",\"description\":\"\",\"potentialAction\":[{\"@type\":\"SearchAction\",\"target\":{\"@type\":\"EntryPoint\",\"urlTemplate\":\"https:\/\/bet-bonus.net\/br\/?s={search_term_string}\"},\"query-input\":{\"@type\":\"PropertyValueSpecification\",\"valueRequired\":true,\"valueName\":\"search_term_string\"}}],\"inLanguage\":\"pt-BR\"}]}<\/script>\n<!-- \/ Yoast SEO plugin. -->","yoast_head_json":{"title":"1xBet Live Streaming \u00bb Assista a Jogos ao Vivo sem se registrar","robots":{"index":"index","follow":"follow","max-snippet":"max-snippet:-1","max-image-preview":"max-image-preview:large","max-video-preview":"max-video-preview:-1"},"canonical":"https:\/\/bet-bonus.net\/br\/live-streaming\/","og_locale":"pt_BR","og_type":"article","og_title":"1xBet Live Streaming \u00bb Assista a Jogos ao Vivo sem se registrar","og_url":"https:\/\/bet-bonus.net\/br\/live-streaming\/","og_site_name":"bet-bonus.net\/br","article_modified_time":"2018-07-27T11:54:56+00:00","twitter_card":"summary_large_image","twitter_misc":{"Est. tempo de leitura":"3 minutos"},"schema":{"@context":"https:\/\/schema.org","@graph":[{"@type":"WebPage","@id":"https:\/\/bet-bonus.net\/br\/live-streaming\/","url":"https:\/\/bet-bonus.net\/br\/live-streaming\/","name":"1xBet Live Streaming \u00bb Assista a Jogos ao Vivo sem se registrar","isPartOf":{"@id":"https:\/\/bet-bonus.net\/br\/#website"},"datePublished":"2018-07-13T21:36:55+00:00","dateModified":"2018-07-27T11:54:56+00:00","breadcrumb":{"@id":"https:\/\/bet-bonus.net\/br\/live-streaming\/#breadcrumb"},"inLanguage":"pt-BR","potentialAction":[{"@type":"ReadAction","target":["https:\/\/bet-bonus.net\/br\/live-streaming\/"]}]},{"@type":"BreadcrumbList","@id":"https:\/\/bet-bonus.net\/br\/live-streaming\/#breadcrumb","itemListElement":[{"@type":"ListItem","position":1,"name":"Home","item":"https:\/\/bet-bonus.net\/br\/"},{"@type":"ListItem","position":2,"name":"Assistir a Jogos ao Vivo na 1xBet \u00e9 muito f\u00e1cil - Veja como fazer"}]},{"@type":"WebSite","@id":"https:\/\/bet-bonus.net\/br\/#website","url":"https:\/\/bet-bonus.net\/br\/","name":"bet-bonus.net\/br","description":"","potentialAction":[{"@type":"SearchAction","target":{"@type":"EntryPoint","urlTemplate":"https:\/\/bet-bonus.net\/br\/?s={search_term_string}"},"query-input":{"@type":"PropertyValueSpecification","valueRequired":true,"valueName":"search_term_string"}}],"inLanguage":"pt-BR"}]}},"_links":{"self":[{"href":"https:\/\/bet-bonus.net\/br\/wp-json\/wp\/v2\/pages\/27","targetHints":{"allow":["GET"]}}],"collection":[{"href":"https:\/\/bet-bonus.net\/br\/wp-json\/wp\/v2\/pages"}],"about":[{"href":"https:\/\/bet-bonus.net\/br\/wp-json\/wp\/v2\/types\/page"}],"author":[{"embeddable":true,"href":"https:\/\/bet-bonus.net\/br\/wp-json\/wp\/v2\/users\/1"}],"replies":[{"embeddable":true,"href":"https:\/\/bet-bonus.net\/br\/wp-json\/wp\/v2\/comments?post=27"}],"version-history":[{"count":6,"href":"https:\/\/bet-bonus.net\/br\/wp-json\/wp\/v2\/pages\/27\/revisions"}],"predecessor-version":[{"id":463,"href":"https:\/\/bet-bonus.net\/br\/wp-json\/wp\/v2\/pages\/27\/revisions\/463"}],"wp:attachment":[{"href":"https:\/\/bet-bonus.net\/br\/wp-json\/wp\/v2\/media?parent=27"}],"wp:term":[{"taxonomy":"category","embeddable":true,"href":"https:\/\/bet-bonus.net\/br\/wp-json\/wp\/v2\/categories?post=27"},{"taxonomy":"post_tag","embeddable":true,"href":"https:\/\/bet-bonus.net\/br\/wp-json\/wp\/v2\/tags?post=27"}],"curies":[{"name":"wp","href":"https:\/\/api.w.org\/{rel}","templated":true}]}}