{"id":167,"date":"2018-07-20T10:06:37","date_gmt":"2018-07-20T10:06:37","guid":{"rendered":"http:\/\/bet-bonus.net\/br\/?page_id=167"},"modified":"2018-07-27T11:45:24","modified_gmt":"2018-07-27T11:45:24","slug":"cassino-ao-vivo","status":"publish","type":"page","link":"https:\/\/bet-bonus.net\/br\/cassino-ao-vivo\/","title":{"rendered":"1xBet Casino Live - Dealers e Croupiers reais"},"content":{"rendered":"<p class=\"text-justify\">Ao longo dos anos a ind\u00fastria de cassinos tem visto uma mudan\u00e7a radical no tipo de cassinos que os jogadores t\u00eam escolhido jogar. Gra\u00e7as aos cassinos online que podem ser acessados pelo computador ou pelo smartphone, os jogadores optam cada vez mais por jogar comodamente em suas casas ou em qualquer lugar do mundo em vez de se dirigirem ao cassino ao vivo.<\/p>\r\n<p class=\"text-justify\">Por outro lado o melhoramento sofrido pelas aplica\u00e7\u00f5es dos cassinos assim como a grande variedade de jogos ao vivo dispon\u00edveis faz com que pare\u00e7a que tenhamos uma experi\u00eancia semelhante \u00e0 de um cassino ao vivo. No 1xbet Casino Live existem dealers e crupiers reais.<\/p>\r\n            <div class=\"bonus-box first-box\">\n                <div class=\"bonus-box-head\">\n                    <div class=\"col-lg-3 col-md-4 col-sm-4 col-xs-12 \">\n                        <span class=\"hotfix operator-logo\"><img decoding=\"async\" src=\"\/portuguese\/assets\/logos\/sport\/dark-back\/1xbet.png\" width=\"auto\" height=\"auto\" alt=\"1xBet\" \/><\/span>                    <\/div>\n                    <div class=\"col-lg-4 col-md-4 col-sm-4 col-xs-6\">\n                        <p class=\"box-title\">1xBet&nbsp;sport<\/p>\n                    <\/div>\n                    <div class=\"col-lg-5 col-md-4 col-sm-4 col-xs-6\">\n                        <div class=\"likes-box likes-js\" data-likesid=\"1\">\n                            <div class=\"likes-icon-js\"><i class=\"fa fa-heart\" aria-hidden=\"true\"><\/i><\/div>\n                            <div class=\"likes-text-js\"><p>1196 likes<\/p><\/div>\n                        <\/div>\n                    <\/div>\n                <\/div>\n                <div class=\"bonus-box-body\">\n                    <div class=\"col-lg-3 col-md-3 col-sm-6 col-xs-12 rightBordered m-bonus no-padding\">\n                        <p>B\u00f4nus M\u00e1ximo<\/p>\n                        <p class=\"bonus-value max-bonus\">R$1200<\/p>\n                    <\/div>\n                                            <div class=\"col-lg-2 col-md-2 col-sm-6 col-xs-12 no-padding\">\n                            <p>Odds M\u00edn.<\/p>\n                            <p class=\"bonus-value\">2.00<\/p>\n                        <\/div>\n                                                                <div class=\"col-lg-2 col-md-2 col-sm-6 col-xs-12 no-padding \">\n                            <p>Requisito<\/p>\n                            <p class=\"bonus-value\">9x Bonus<\/p>\n                        <\/div>\n                                        <div class=\"col-lg-2 col-md-2 col-sm-6 col-xs-12 no-padding\">\n                        <p>Porcentagem<\/p>\n                        <p class=\"bonus-value\">100%<\/p>\n                    <\/div>\n                    <div class=\"col-lg-3 col-md-3 col-sm-6 col-xs-12 claim-bonus-sec \">\n\n                                                <div>\n                             <div   class=\"bonuscode  secret-code \"><span>Nenhum C\u00f3digo b\u00f4nus Obrigat\u00f3rio<\/span><\/div> <span class=\"cursored button js-golink  claim-bonus-code\"  onclick=\"OpenGoLink(this);\" data-operator=\"7\" data-bonus=\"3921\"   data-clicks=\"1\"data-type=\"sport\" ><div class='hvr-animation bonus-btn-main-sec'><span>Mostrar o C\u00f3digo de B\u00f4nus<\/span><\/div> <\/span>                         <\/div>\n                    <\/div>\n                <\/div>\n                            <\/div>\n                        <div class=\"bonus-box first-box\">\n                <div class=\"bonus-box-head\">\n                    <div class=\"col-lg-3 col-md-4 col-sm-4 col-xs-12 \">\n                        <span class=\"hotfix operator-logo\"><img decoding=\"async\" src=\"\/portuguese\/assets\/logos\/casino\/dark-back\/1xbet-casino.png\" width=\"auto\" height=\"auto\" alt=\"1xBet\" \/><\/span>                    <\/div>\n                    <div class=\"col-lg-4 col-md-4 col-sm-4 col-xs-6\">\n                        <p class=\"box-title\">1xBet&nbsp;casino<\/p>\n                    <\/div>\n                    <div class=\"col-lg-5 col-md-4 col-sm-4 col-xs-6\">\n                        <div class=\"likes-box likes-js\" data-likesid=\"16\">\n                            <div class=\"likes-icon-js\"><i class=\"fa fa-heart\" aria-hidden=\"true\"><\/i><\/div>\n                            <div class=\"likes-text-js\"><p>1755 likes<\/p><\/div>\n                        <\/div>\n                    <\/div>\n                <\/div>\n                <div class=\"bonus-box-body\">\n                    <div class=\"col-lg-3 col-md-3 col-sm-6 col-xs-12 rightBordered m-bonus no-padding\">\n                        <p>B\u00f4nus M\u00e1ximo<\/p>\n                        <p class=\"bonus-value max-bonus\">R$1600<\/p>\n                    <\/div>\n                                                                <div class=\"col-lg-2 col-md-2 col-sm-6 col-xs-12 no-padding \">\n                            <p>Requisito<\/p>\n                            <p class=\"bonus-value\">35x Bonus<\/p>\n                        <\/div>\n                                        <div class=\"col-lg-2 col-md-2 col-sm-6 col-xs-12 no-padding\">\n                        <p>Porcentagem<\/p>\n                        <p class=\"bonus-value\">100%<\/p>\n                    <\/div>\n                    <div class=\"col-lg-3 col-md-3 col-sm-6 col-xs-12 claim-bonus-sec \">\n\n                                                <div>\n                             <div   class=\"bonuscode  secret-code \"><span>Nenhum C\u00f3digo b\u00f4nus Obrigat\u00f3rio<\/span><\/div> <span class=\"cursored button js-golink  claim-bonus-code\"  onclick=\"OpenGoLink(this);\" data-operator=\"8\" data-bonus=\"5396\"   data-clicks=\"17\"data-type=\"casino\" ><div class='hvr-animation bonus-btn-main-sec'><span>Mostrar o C\u00f3digo de B\u00f4nus<\/span><\/div> <\/span>                         <\/div>\n                    <\/div>\n                <\/div>\n                            <\/div>\n                        <div class=\"bonus-box first-box\">\n                <div class=\"bonus-box-head\">\n                    <div class=\"col-lg-3 col-md-4 col-sm-4 col-xs-12 \">\n                        <span class=\"hotfix operator-logo\"><img decoding=\"async\" src=\"\/portuguese\/assets\/logos\/poker\/dark-back\/1xbet-poker.png\" width=\"auto\" height=\"auto\" alt=\"1xBet\" \/><\/span>                    <\/div>\n                    <div class=\"col-lg-4 col-md-4 col-sm-4 col-xs-6\">\n                        <p class=\"box-title\">1xBet&nbsp;poker<\/p>\n                    <\/div>\n                    <div class=\"col-lg-5 col-md-4 col-sm-4 col-xs-6\">\n                        <div class=\"likes-box likes-js\" data-likesid=\"12\">\n                            <div class=\"likes-icon-js\"><i class=\"fa fa-heart\" aria-hidden=\"true\"><\/i><\/div>\n                            <div class=\"likes-text-js\"><p>1130 likes<\/p><\/div>\n                        <\/div>\n                    <\/div>\n                <\/div>\n                <div class=\"bonus-box-body\">\n                    <div class=\"col-lg-3 col-md-3 col-sm-6 col-xs-12 rightBordered m-bonus no-padding\">\n                        <p>B\u00f4nus M\u00e1ximo<\/p>\n                        <p class=\"bonus-value max-bonus\">No Bonus<\/p>\n                    <\/div>\n                                                                <div class=\"col-lg-2 col-md-2 col-sm-6 col-xs-12 no-padding \">\n                            <p>Requisito<\/p>\n                            <p class=\"bonus-value\">x <\/p>\n                        <\/div>\n                                        <div class=\"col-lg-2 col-md-2 col-sm-6 col-xs-12 no-padding\">\n                        <p>Porcentagem<\/p>\n                        <p class=\"bonus-value\">-<\/p>\n                    <\/div>\n                    <div class=\"col-lg-3 col-md-3 col-sm-6 col-xs-12 claim-bonus-sec \">\n\n                                                <div>\n                             <div   class=\"bonuscode  secret-code \"><span>Nenhum C\u00f3digo b\u00f4nus Obrigat\u00f3rio<\/span><\/div> <span class=\"cursored button js-golink  claim-bonus-code\"  onclick=\"OpenGoLink(this);\" data-operator=\"573\" data-bonus=\"4043\"   data-clicks=\"13\"data-type=\"poker\" ><div class='hvr-animation bonus-btn-main-sec'><span>Mostrar o C\u00f3digo de B\u00f4nus<\/span><\/div> <\/span>                         <\/div>\n                    <\/div>\n                <\/div>\n                            <\/div>\n            \r\n<h2>B\u00f4nus para o Cassino ao Vivo da 1xBet<\/h2>\r\n<p class=\"text-justify\">Um dos benef\u00edcios de se cadastrar no 1xBet Brasil \u00e9 receber um b\u00f4nus de boas-vindas. Ele d\u00e1 direito a 100% de volta, at\u00e9 R$1200, no primeiro dep\u00f3sito. Ou seja, ao se registrar e adicionar dinheiro \u00e0 conta, voc\u00ea dobrar o valor e tem duas vezes chances de se dar bem!\r\nUm membro que adicionar, por exemplo, R$70, ganha a mesma quantia em b\u00f4nus, somando R$140 para apostar. O dep\u00f3sito m\u00ednimo \u00e9 de apenas R$4! S\u00f3 h\u00e1 um \u00fanico problema: a promo\u00e7\u00e3o \u00e9 voltada para a \u00e1rea de esportes, o cr\u00e9dito n\u00e3o pode ser usado em jogos como ca\u00e7a-n\u00edqueis e outros games de cassino.<\/p>\r\n<p class=\"text-justify\">H\u00e1 certos termos e condi\u00e7\u00f5es para uso da oferta. \u00c9 preciso cumprir rollover de 9 vezes o valor do b\u00f4nus em apostas simples\/acumulador, com odds acima de 2.0. Apostas handicap e total n\u00e3o se enquadram. Antes do cumprimento do rollover, n\u00e3o \u00e9 permitido o saque do b\u00f4nus. O cr\u00e9dito promocional deve ser usado dentro de 30 dias ap\u00f3s o cadastro.\r\nDepois de se tornar um membro da plataforma, o jogador pode participar de v\u00e1rias promo\u00e7\u00f5es. Infelizmente, n\u00e3o h\u00e1 muitas ofertas direcionadas ao 1xBet <a href=\"https:\/\/bet-bonus.net\/br\/cassino\/\">Cassino<\/a>. O foco aqui s\u00e3o as apostas esportivas, pelo menos por enquanto.<\/p>\r\n\r\n<h2>Quais as diferen\u00e7as para os jogos de Cassino normais?<\/h2>\r\n<p class=\"text-justify\">Os jogos de cassino ao vivo s\u00e3o executados de forma diferente dos jogos de cassinos online. Enquanto que os jogos de cassinos normais funcionam sob a forma de algoritmos ou no caso de jogos com cartas os RNG (Geradores de N\u00fameros Aleat\u00f3rios), no cassinos ao vivo as a\u00e7\u00f5es est\u00e3o dependentes de um dealer ou croupier tirando os jogos de slots em que o sistema \u00e9 o mesmo. Muitos jogadores mais c\u00e9ticos preferem os cassinos reais por alguma desconfian\u00e7a mas sem qualquer raz\u00e3o.<\/p>\r\n<p class=\"text-justify\">A diferen\u00e7a \u00e9 que diretamente do seu computador ou celular, \u00e9 poss\u00edvel fazer apostas esportivas ou se divertir em jogos como ca\u00e7a-n\u00edqueis, roleta, blackjack, bacar\u00e1 e outros. Trata-se de uma plataforma completa, para todos os tipos de apostadores, dos mais experientes aos novatos, incluindo tamb\u00e9m f\u00e3s de futebol e outras modalidades esportivas. Tudo isso em um s\u00f3 lugar, com um \u00fanico cadastro, de uma forma bem simples, \u00e9 o 1xbet. Brasileiros podem jogar no site sem problemas, j\u00e1 que ele \u00e9 legalizado e mantido por uma empresa estrangeira. Portanto, a proibi\u00e7\u00e3o de cassinos do Brasil n\u00e3o se enquadra nos servi\u00e7os do 1xBet. N\u00e3o faltam motivos para fazer suas apostas e ganhar pr\u00eamios em dinheiro.\r\n\r\n<div class=\"cta-direct-bonus\">\r\n    <div class=\"col-lg-8 col-md-8 col-sm-8 col-xs-12\">\r\n        <div class=\"row\">\r\n            <p class=\"cta-direct-slogan\">\r\n                Est\u00e1 Pronto para Pegar Seu B\u00f4nus de Boas-Vindas?            <\/p>\r\n        <\/div>\r\n    <\/div>\r\n    <div class=\"col-lg-4 col-md-4 col-sm-4 col-xs-12\">\r\n        <div class=\"row\">\r\n             <span class=\"cursored button js-golink cta-direct-button hvr-animation new-hover\"  onclick=\"OpenGoLink(this);\" data-operator=\"7\" data-bonus=\"3921\"   data-clicks=\"1\"data-type=\"sport\" ><span>Visitar 1xBet Agora!<\/span> <\/span> \r\n        <\/div>\r\n    <\/div>\r\n<\/div>\r\n\r\n<style type=\"text\/css\" media=\"screen\">\r\n    .cta-direct-button.new-hover {\r\n        padding: 3px 0 2px;\r\n    }\r\n<\/style><\/p>\r\n\r\n<h2>O Casino Live est\u00e1 dispon\u00edvel 24h?<\/h2>\r\n<p class=\"text-justify\">Como n\u00e3o poderia deixar de ser, todo cassino funciona 24 horas, sem parar. Para os jogadores e apostadores noturnos e diurnos.\r\nO setor de cassino ao vivo \u00e9 bem abrangente e traz softwares de alta qualidade, como NetEnt e Evolution Gaming. S\u00e3o os dois l\u00edderes do mercado de apostas em tempo real, por isso os membros do 1xBet podem ter certeza de que os jogos s\u00e3o de arrasar. A tecnologia permite que o usu\u00e1rio consiga participar de uma mesa de cassino de verdade, por meio de transmiss\u00e3o ao vivo. As partidas s\u00e3o apresentadas por dealers profissionais e \u00e9 poss\u00edvel mandar uma mensagem.<\/p>\r\n\r\n<h2>\u00c9 poss\u00edvel falar com as Dealers?<\/h2>\r\n<p class=\"text-justify\">A maioria dos cassinos on-line \u00e9 elaborado em uma plataforma de software com geradores de n\u00fameros aleat\u00f3rios certificados. O software \u00e9 projetado para lidar com cartas, ou girar a roleta, ou rolar os dados na mesa de dados.\r\nNo 1xbet \u00e9 poss\u00edvel conversar com os dealers durante seu jogo no cassino ao vivo atrav\u00e9s do chat on line. Voc\u00ea seleciona o idioma e pronto. Interage com eles. Os dealers s\u00e3o pessoas reais. Esta \u00e9 a experi\u00eancia mais pr\u00f3xima de um cassino presencial, com a vantagem que nem \u00e9 preciso sair de casa. A resposta \u00e9 imediata. Os cassinos de croupier ao vivo transmite feeds de v\u00eddeos ao vivo na internet.<\/p>\r\n<p class=\"text-justify\">Uma c\u00e2mera foca o croupier e a superf\u00edcie da mesa de jogo enquanto os jogadores assistem \u00e1 a\u00e7\u00e3o de seu computador ou telefone. Os jogadores tomam suas decis\u00f5es clicando nos bot\u00f5es de sua tela, assim como fazem quando est\u00e3o jogando jogos de croupier no pr\u00f3prio cassino. Essas decis\u00f5es s\u00e3o mostradas atrav\u00e9s do monitor no local de croupier, ent\u00e3o pode-se ver a decis\u00e3o do jogador.\r\n\r\n<div class=\"cta-direct-bonus\">\r\n    <div class=\"col-lg-8 col-md-8 col-sm-8 col-xs-12\">\r\n        <div class=\"row\">\r\n            <p class=\"cta-direct-slogan\">\r\n                Est\u00e1 Pronto para Pegar Seu B\u00f4nus de Boas-Vindas?            <\/p>\r\n        <\/div>\r\n    <\/div>\r\n    <div class=\"col-lg-4 col-md-4 col-sm-4 col-xs-12\">\r\n        <div class=\"row\">\r\n             <span class=\"cursored button js-golink cta-direct-button hvr-animation new-hover\"  onclick=\"OpenGoLink(this);\" data-operator=\"7\" data-bonus=\"3921\"   data-clicks=\"1\"data-type=\"sport\" ><span>Visitar 1xBet Agora!<\/span> <\/span> \r\n        <\/div>\r\n    <\/div>\r\n<\/div>\r\n\r\n<style type=\"text\/css\" media=\"screen\">\r\n    .cta-direct-button.new-hover {\r\n        padding: 3px 0 2px;\r\n    }\r\n<\/style><\/p>\r\n\r\n<h2>Que l\u00ednguas falam os Dealers?<\/h2>\r\n<p class=\"text-justify\">No 1xbet e assim como em quase todos os outros cassinos ao vivo, geralmente os dealers s\u00e3o fluentes em ingl\u00eas, que \u00e9 uma l\u00edngua universal. At\u00e9 o momento, nenhum cassino online oferece servi\u00e7o de jogos com crupi\u00eas brasileiros ou portugueses. Talvez em breve o setor possa ampliar a oferta para os pa\u00edses de l\u00edngua portuguesa, abrindo mesas exclusivas. De qualquer forma, saiba que o idioma n\u00e3o impede a din\u00e2mica dos jogos, porque as apostas s\u00e3o feitas por meio de bot\u00f5es, em um painel que costuma ser traduzido. O atrativo para os jogadores de cassino \u00e9 o 1xBet ao vivo, que traz mesas com dealers reais. Voc\u00ea pode fazer suas apostas pelo painel, interagir pelo chat e assistir a todos os detalhes com a tecnologia de v\u00eddeo transmiss\u00e3o. Na \u00e1rea de cassino ao vivo tamb\u00e9m h\u00e1 mesas de Blackjack, bacar\u00e1, roleta, Dream Catcher, poker e muito mais! Os jogos s\u00e3o gerenciados por softwares de grande renome, como Evolution Gaming e NetEnt.<\/p>","protected":false},"excerpt":{"rendered":"Ao longo dos anos a ind\u00fastria de cassinos tem visto uma mudan\u00e7a radical no tipo de cassinos que os jogadores t\u00eam escolhido jogar. Gra\u00e7as aos cassinos online que podem ser acessados pelo computador ou pelo smartphone, os jogadores optam cada vez mais por jogar comodamente em suas casas ou em qualquer lugar do mundo em<a href=\"https:\/\/bet-bonus.net\/br\/cassino-ao-vivo\/\"> &#8230;<\/a>","protected":false},"author":1,"featured_media":0,"parent":0,"menu_order":0,"comment_status":"closed","ping_status":"closed","template":"","meta":{"footnotes":""},"categories":[],"tags":[],"class_list":["post-167","page","type-page","status-publish","hentry"],"yoast_head":"<!-- This site is optimized with the Yoast SEO plugin v26.7 - https:\/\/yoast.com\/wordpress\/plugins\/seo\/ -->\n<title>1xBet Cassino ao Vivo \u00bb Toda a Emo\u00e7\u00e3o de um Cassino Real<\/title>\n<meta name=\"robots\" content=\"index, follow, max-snippet:-1, max-image-preview:large, max-video-preview:-1\" \/>\n<link rel=\"canonical\" href=\"https:\/\/bet-bonus.net\/br\/cassino-ao-vivo\/\" \/>\n<meta property=\"og:locale\" content=\"pt_BR\" \/>\n<meta property=\"og:type\" content=\"article\" \/>\n<meta property=\"og:title\" content=\"1xBet Cassino ao Vivo \u00bb Toda a Emo\u00e7\u00e3o de um Cassino Real\" \/>\n<meta property=\"og:url\" content=\"https:\/\/bet-bonus.net\/br\/cassino-ao-vivo\/\" \/>\n<meta property=\"og:site_name\" content=\"bet-bonus.net\/br\" \/>\n<meta property=\"article:modified_time\" content=\"2018-07-27T11:45:24+00:00\" \/>\n<meta name=\"twitter:card\" content=\"summary_large_image\" \/>\n<meta name=\"twitter:label1\" content=\"Est. tempo de leitura\" \/>\n\t<meta name=\"twitter:data1\" content=\"5 minutos\" \/>\n<script type=\"application\/ld+json\" class=\"yoast-schema-graph\">{\"@context\":\"https:\/\/schema.org\",\"@graph\":[{\"@type\":\"WebPage\",\"@id\":\"https:\/\/bet-bonus.net\/br\/cassino-ao-vivo\/\",\"url\":\"https:\/\/bet-bonus.net\/br\/cassino-ao-vivo\/\",\"name\":\"1xBet Cassino ao Vivo \u00bb Toda a Emo\u00e7\u00e3o de um Cassino Real\",\"isPartOf\":{\"@id\":\"https:\/\/bet-bonus.net\/br\/#website\"},\"datePublished\":\"2018-07-20T10:06:37+00:00\",\"dateModified\":\"2018-07-27T11:45:24+00:00\",\"breadcrumb\":{\"@id\":\"https:\/\/bet-bonus.net\/br\/cassino-ao-vivo\/#breadcrumb\"},\"inLanguage\":\"pt-BR\",\"potentialAction\":[{\"@type\":\"ReadAction\",\"target\":[\"https:\/\/bet-bonus.net\/br\/cassino-ao-vivo\/\"]}]},{\"@type\":\"BreadcrumbList\",\"@id\":\"https:\/\/bet-bonus.net\/br\/cassino-ao-vivo\/#breadcrumb\",\"itemListElement\":[{\"@type\":\"ListItem\",\"position\":1,\"name\":\"Home\",\"item\":\"https:\/\/bet-bonus.net\/br\/\"},{\"@type\":\"ListItem\",\"position\":2,\"name\":\"1xBet Casino Live - Dealers e Croupiers reais\"}]},{\"@type\":\"WebSite\",\"@id\":\"https:\/\/bet-bonus.net\/br\/#website\",\"url\":\"https:\/\/bet-bonus.net\/br\/\",\"name\":\"bet-bonus.net\/br\",\"description\":\"\",\"potentialAction\":[{\"@type\":\"SearchAction\",\"target\":{\"@type\":\"EntryPoint\",\"urlTemplate\":\"https:\/\/bet-bonus.net\/br\/?s={search_term_string}\"},\"query-input\":{\"@type\":\"PropertyValueSpecification\",\"valueRequired\":true,\"valueName\":\"search_term_string\"}}],\"inLanguage\":\"pt-BR\"}]}<\/script>\n<!-- \/ Yoast SEO plugin. -->","yoast_head_json":{"title":"1xBet Cassino ao Vivo \u00bb Toda a Emo\u00e7\u00e3o de um Cassino Real","robots":{"index":"index","follow":"follow","max-snippet":"max-snippet:-1","max-image-preview":"max-image-preview:large","max-video-preview":"max-video-preview:-1"},"canonical":"https:\/\/bet-bonus.net\/br\/cassino-ao-vivo\/","og_locale":"pt_BR","og_type":"article","og_title":"1xBet Cassino ao Vivo \u00bb Toda a Emo\u00e7\u00e3o de um Cassino Real","og_url":"https:\/\/bet-bonus.net\/br\/cassino-ao-vivo\/","og_site_name":"bet-bonus.net\/br","article_modified_time":"2018-07-27T11:45:24+00:00","twitter_card":"summary_large_image","twitter_misc":{"Est. tempo de leitura":"5 minutos"},"schema":{"@context":"https:\/\/schema.org","@graph":[{"@type":"WebPage","@id":"https:\/\/bet-bonus.net\/br\/cassino-ao-vivo\/","url":"https:\/\/bet-bonus.net\/br\/cassino-ao-vivo\/","name":"1xBet Cassino ao Vivo \u00bb Toda a Emo\u00e7\u00e3o de um Cassino Real","isPartOf":{"@id":"https:\/\/bet-bonus.net\/br\/#website"},"datePublished":"2018-07-20T10:06:37+00:00","dateModified":"2018-07-27T11:45:24+00:00","breadcrumb":{"@id":"https:\/\/bet-bonus.net\/br\/cassino-ao-vivo\/#breadcrumb"},"inLanguage":"pt-BR","potentialAction":[{"@type":"ReadAction","target":["https:\/\/bet-bonus.net\/br\/cassino-ao-vivo\/"]}]},{"@type":"BreadcrumbList","@id":"https:\/\/bet-bonus.net\/br\/cassino-ao-vivo\/#breadcrumb","itemListElement":[{"@type":"ListItem","position":1,"name":"Home","item":"https:\/\/bet-bonus.net\/br\/"},{"@type":"ListItem","position":2,"name":"1xBet Casino Live - Dealers e Croupiers reais"}]},{"@type":"WebSite","@id":"https:\/\/bet-bonus.net\/br\/#website","url":"https:\/\/bet-bonus.net\/br\/","name":"bet-bonus.net\/br","description":"","potentialAction":[{"@type":"SearchAction","target":{"@type":"EntryPoint","urlTemplate":"https:\/\/bet-bonus.net\/br\/?s={search_term_string}"},"query-input":{"@type":"PropertyValueSpecification","valueRequired":true,"valueName":"search_term_string"}}],"inLanguage":"pt-BR"}]}},"_links":{"self":[{"href":"https:\/\/bet-bonus.net\/br\/wp-json\/wp\/v2\/pages\/167","targetHints":{"allow":["GET"]}}],"collection":[{"href":"https:\/\/bet-bonus.net\/br\/wp-json\/wp\/v2\/pages"}],"about":[{"href":"https:\/\/bet-bonus.net\/br\/wp-json\/wp\/v2\/types\/page"}],"author":[{"embeddable":true,"href":"https:\/\/bet-bonus.net\/br\/wp-json\/wp\/v2\/users\/1"}],"replies":[{"embeddable":true,"href":"https:\/\/bet-bonus.net\/br\/wp-json\/wp\/v2\/comments?post=167"}],"version-history":[{"count":7,"href":"https:\/\/bet-bonus.net\/br\/wp-json\/wp\/v2\/pages\/167\/revisions"}],"predecessor-version":[{"id":454,"href":"https:\/\/bet-bonus.net\/br\/wp-json\/wp\/v2\/pages\/167\/revisions\/454"}],"wp:attachment":[{"href":"https:\/\/bet-bonus.net\/br\/wp-json\/wp\/v2\/media?parent=167"}],"wp:term":[{"taxonomy":"category","embeddable":true,"href":"https:\/\/bet-bonus.net\/br\/wp-json\/wp\/v2\/categories?post=167"},{"taxonomy":"post_tag","embeddable":true,"href":"https:\/\/bet-bonus.net\/br\/wp-json\/wp\/v2\/tags?post=167"}],"curies":[{"name":"wp","href":"https:\/\/api.w.org\/{rel}","templated":true}]}}