{"id":122,"date":"2018-07-20T10:16:36","date_gmt":"2018-07-20T10:16:36","guid":{"rendered":"http:\/\/bet-bonus.net\/br\/?page_id=122"},"modified":"2018-07-31T11:11:35","modified_gmt":"2018-07-31T11:11:35","slug":"roleta","status":"publish","type":"page","link":"https:\/\/bet-bonus.net\/br\/roleta\/","title":{"rendered":"Roulette 1xBet - Jogue Roleta ao Vivo"},"content":{"rendered":"<p class=\"text-justify\">A 1xBet \u00e9 uma marca de apostas e jogos online bem estabelecida e reconhec\u00edvel bastante popular na ind\u00fastria do jogo. O site \u00e9 bem conhecido no setor de troca de apostas, mas tamb\u00e9m \u00e9 popular em outros departamentos de apostas. Em particular, possui um <a href=\"https:\/\/bet-bonus.net\/br\/cassino\/\">cassino<\/a> completo equipado com Playtech dispon\u00edvel nos formatos download e instant-play.<\/p>\r\n<p class=\"text-justify\">Com uma excelente plataforma, o <strong>1xBet Casino<\/strong> oferece jogos justos e seguros e proporciona uma experi\u00eancia de alta qualidade. O cassino possui uma ampla sele\u00e7\u00e3o de jogos, incluindo uma boa variedade de varia\u00e7\u00f5es emocionantes de roleta dispon\u00edveis em plataformas de cassino online, ao vivo e m\u00f3veis. O 1xBet Casino \u00e9 licenciado sob as jurisdi\u00e7\u00f5es do Reino Unido e Malta.<\/p>\r\n<div class=\"bonus-table\">\n    <div class=\"col-xs-12\">\n        <div class=\"row\">\n\n<!--            <div class=\"hidden-lg hidden-md hidden-sm col-xs-8 bonus-table-body top-responsive\">-->\n<!---->\n<!--            <\/div>-->\n            <div class=\"col-lg-12 col-md-12 col-sm-12 col-xs-12 bonus-table-body op-table no-padding\">\n                <div class=\"col-lg-3 col-md-4 col-sm-12 col-xs-12 bonus-table-head no-padding\">\n                    <p>Casa de Apostas<\/p>\n                   <!--  <a class=\"hotfix\" href=\"\" rel=\"nofollow\" target=\"_blank\"><img decoding=\"async\" src=\"<?php\/\/ echo $logo_url; ?>\" class=\"img-responsive\"><\/a> -->\n                    <span class=\"\"><img decoding=\"async\" src=\"\/portuguese\/assets\/logos\/sport\/light-back\/1xbet.png\" width=\"100px\" height=\"auto\" alt=\"1xBet\" \/><\/span>                <\/div>\n                <div class=\"col-lg-2 col-md-2 col-sm-6 col-xs-12 rightBordered borders no-padding\">\n                    <p>B\u00d4NUS<\/p>\n                    <p class=\"bonus-value max-bonus\">R$1200<\/p>\n                <\/div>\n                <div class=\"col-lg-2 col-md-2 col-sm-6 col-xs-6 rightBordered no-padding\">\n                    <p>Porcentagem<\/p>\n                    <p class=\"bonus-value\">100%<\/p>\n                <\/div>\n                <div class=\"col-lg-2 col-md-2 col-sm-6 col-xs-6 no-padding\">\n                    <p>Classifica\u00e7\u00e3o<\/p>\n                    <p class=\"rating-number\">9.8<\/p>\n                <\/div>\n                <div class=\"col-lg-3 col-md-4 col-sm-6 col-xs-12 op-table-button no-padding\">\n                    <p>Ir \u00e0 casa de apostas<\/p>\n                     <span class=\"cursored button js-golink button claim-bonus-code\"  onclick=\"OpenGoLink(this);\" data-operator=\"7\" data-bonus=\"3921\"   data-clicks=\"1\"data-type=\"sport\" ><button class=\"hvr-animation multi-line bonus-btn-main-sec\"><span>Receba o B\u00f4nus<\/span><\/button> <\/span>                 <\/div>\n            <\/div>\n        <\/div>\n    <\/div>\n<\/div>\n        <script type=\"application\/ld+json\">\n    {\n        \"@context\": \"https:\/\/schema.org\/\",\n        \"@type\": \"Review\",\n        \"datePublished\": \"20-07-2018\",\n        \"dateModified\": \"08-11-2022\",\n        \"itemReviewed\":{\n                \"@type\": \"Organization\",\n                \"name\": \"1xBet\",\n                \"image\": \" https:\/\/bet-bonus.net\/br\/portuguese\/assets\/logos\/light-back\/1xbet.png\"\n        },\n         \"author\":{\n                \"@type\": \"Person\",\n                 \"name\": \"bet-bonus.net\/br\"\n         },\n           \"reviewRating\": {\n                \"ratingValue\": \"9.8\",\n                \"bestRating\": \"10\"\n         }\n    }\n\n\n\n        <\/script>\n        \r\n<h2>B\u00f4nus para jogar Roleta na 1xBet<\/h2>\r\n<p class=\"text-justify\">Todos os novos jogadores no site s\u00e3o eleg\u00edveis para uma grande oferta de b\u00f3nus de 100% at\u00e9 100 \u20ac, que pode ser usada n\u00e3o s\u00f3 em jogos de slot, mas em muitos jogos de mesa, incluindo a <strong>roleta<\/strong>. Leia mais para descobrir como voc\u00ea pode reivindicar este b\u00f4nus e transform\u00e1-lo em dinheiro extra\u00edvel.<\/p>\r\n\r\n<h2>Tipos de Roletas dispon\u00edveis na 1xBet - A Roulette Americana e Francesa<\/h2>\r\n<p class=\"text-justify\">Os f\u00e3s da roleta t\u00eam uma boa sele\u00e7\u00e3o de jogos de roleta para escolher. Existem mais de 15 varia\u00e7\u00f5es de roleta que v\u00e3o desde os cl\u00e1ssicos como a Roleta Europeia e a Roleta Americana, at\u00e9 \u00e0s n\u00e3o t\u00e3o comuns como a Roleta de Pinball e a Roleta de Clube. No entanto, nem todos os jogos de roleta t\u00eam vers\u00f5es instant\u00e2neas e de download.<\/p>\r\n<p class=\"text-justify\">Alguns est\u00e3o dispon\u00edveis em ambos; outras s\u00e3o apenas instant\u00e2neas ou baixadas. Um n\u00famero limitado tamb\u00e9m est\u00e1 dispon\u00edvel em dispositivos m\u00f3veis. Al\u00e9m disso, as varia\u00e7\u00f5es t\u00eam diferentes faixas de <strong>apostas<\/strong>, portanto, s\u00e3o adequadas para todos os tipos de jogadores com v\u00e1rios bankrolls. As apostas m\u00ednima e m\u00e1xima de cada varia\u00e7\u00e3o de roleta est\u00e3o listadas na tabela abaixo.<\/p>\r\n\r\n<div class=\"cta-direct-bonus\">\r\n    <div class=\"col-lg-8 col-md-8 col-sm-8 col-xs-12\">\r\n        <div class=\"row\">\r\n            <p class=\"cta-direct-slogan\">\r\n                Est\u00e1 Pronto para Pegar Seu B\u00f4nus de Boas-Vindas?            <\/p>\r\n        <\/div>\r\n    <\/div>\r\n    <div class=\"col-lg-4 col-md-4 col-sm-4 col-xs-12\">\r\n        <div class=\"row\">\r\n             <span class=\"cursored button js-golink cta-direct-button hvr-animation new-hover\"  onclick=\"OpenGoLink(this);\" data-operator=\"7\" data-bonus=\"3921\"   data-clicks=\"1\"data-type=\"sport\" ><span>Visitar 1xBet Agora!<\/span> <\/span> \r\n        <\/div>\r\n    <\/div>\r\n<\/div>\r\n\r\n<style type=\"text\/css\" media=\"screen\">\r\n    .cta-direct-button.new-hover {\r\n        padding: 3px 0 2px;\r\n    }\r\n<\/style>\r\n<h2>Roleta CS:GO da 1xBet - Outra op\u00e7\u00e3o dispon\u00edvel<\/h2>\r\n<p class=\"text-justify\">Considerando esta enorme selec\u00e7\u00e3o de jogos de roleta, \u00e9 f\u00e1cil chegar \u00e0 conclus\u00e3o de que a 1xBet tem algo para todos. N\u00e3o importa se voc\u00ea \u00e9 um f\u00e3 de Roleta Europeia ou Francesa, se voc\u00ea \u00e9 um jogador alto ou baixo, aqui voc\u00ea definitivamente encontrar\u00e1 um <strong>jogo de roleta<\/strong> que lhe interessaria.<\/p>\r\n<p class=\"text-justify\">Experi\u00eancia de roleta ao vivo emocionante\r\nO 1xBet Casino tamb\u00e9m oferece um departamento de cassino ao vivo repleto de a\u00e7\u00e3o da Playtech, onde voc\u00ea pode jogar Roleta ao Vivo em tempo real no conforto do seu apartamento. Voc\u00ea tamb\u00e9m pode jogar outros jogos ao vivo, como Punto Banco, Blackjack e Casino Hold'em. Os <strong>jogos de casino ao vivo<\/strong> s\u00e3o geridos por belos dealers ao vivo e os jogadores t\u00eam a oportunidade de conversar com eles se quiserem. Neste casino existem muitas mesas dispon\u00edveis, no entanto, os limites da aposta s\u00e3o praticamente os mesmos. Portanto, os jogos s\u00e3o limitados a determinados tipos de jogadores. No entanto, eles s\u00e3o muito divertidos e emocionantes de se jogar.<\/p>\r\n<p class=\"text-justify\">Roleta de Londres da Playtech na 1xBet Live Dealer\r\nComo todos sabemos, uma das poucas desvantagens dos jogos ao vivo, em oposi\u00e7\u00e3o aos virtuais, \u00e9 a velocidade dos jogos. Como os jogos ao vivo s\u00e3o dirigidos por revendedores humanos reais e n\u00e3o por software de computador, eles n\u00e3o s\u00e3o t\u00e3o r\u00e1pidos quanto os virtuais, onde s\u00f3 depende de voc\u00ea clicar no bot\u00e3o girat\u00f3rio para o jogo come\u00e7ar. A 1xBet tem uma solu\u00e7\u00e3o interessante para os jogadores que apreciam a experi\u00eancia do casino ao vivo e a velocidade dos <strong>jogos virtuais<\/strong> e que \u00e9 a roleta Speed. Esta \u00e9, de facto, a mesa de dealer ao vivo que recomendamos, caso decida registar-se na 1xBet.<\/p>\r\n            <div class=\"bonus-box first-box\">\n                <div class=\"bonus-box-head\">\n                    <div class=\"col-lg-3 col-md-4 col-sm-4 col-xs-12 \">\n                        <span class=\"hotfix operator-logo\"><img decoding=\"async\" src=\"\/portuguese\/assets\/logos\/sport\/dark-back\/1xbet.png\" width=\"auto\" height=\"auto\" alt=\"1xBet\" \/><\/span>                    <\/div>\n                    <div class=\"col-lg-4 col-md-4 col-sm-4 col-xs-6\">\n                        <p class=\"box-title\">1xBet&nbsp;sport<\/p>\n                    <\/div>\n                    <div class=\"col-lg-5 col-md-4 col-sm-4 col-xs-6\">\n                        <div class=\"likes-box likes-js\" data-likesid=\"1\">\n                            <div class=\"likes-icon-js\"><i class=\"fa fa-heart\" aria-hidden=\"true\"><\/i><\/div>\n                            <div class=\"likes-text-js\"><p>1196 likes<\/p><\/div>\n                        <\/div>\n                    <\/div>\n                <\/div>\n                <div class=\"bonus-box-body\">\n                    <div class=\"col-lg-3 col-md-3 col-sm-6 col-xs-12 rightBordered m-bonus no-padding\">\n                        <p>B\u00f4nus M\u00e1ximo<\/p>\n                        <p class=\"bonus-value max-bonus\">R$1200<\/p>\n                    <\/div>\n                                            <div class=\"col-lg-2 col-md-2 col-sm-6 col-xs-12 no-padding\">\n                            <p>Odds M\u00edn.<\/p>\n                            <p class=\"bonus-value\">2.00<\/p>\n                        <\/div>\n                                                                <div class=\"col-lg-2 col-md-2 col-sm-6 col-xs-12 no-padding \">\n                            <p>Requisito<\/p>\n                            <p class=\"bonus-value\">9x Bonus<\/p>\n                        <\/div>\n                                        <div class=\"col-lg-2 col-md-2 col-sm-6 col-xs-12 no-padding\">\n                        <p>Porcentagem<\/p>\n                        <p class=\"bonus-value\">100%<\/p>\n                    <\/div>\n                    <div class=\"col-lg-3 col-md-3 col-sm-6 col-xs-12 claim-bonus-sec \">\n\n                                                <div>\n                             <div   class=\"bonuscode  secret-code \"><span>Nenhum C\u00f3digo b\u00f4nus Obrigat\u00f3rio<\/span><\/div> <span class=\"cursored button js-golink  claim-bonus-code\"  onclick=\"OpenGoLink(this);\" data-operator=\"7\" data-bonus=\"3921\"   data-clicks=\"1\"data-type=\"sport\" ><div class='hvr-animation bonus-btn-main-sec'><span>Mostrar o C\u00f3digo de B\u00f4nus<\/span><\/div> <\/span>                         <\/div>\n                    <\/div>\n                <\/div>\n                            <\/div>\n                        <div class=\"bonus-box first-box\">\n                <div class=\"bonus-box-head\">\n                    <div class=\"col-lg-3 col-md-4 col-sm-4 col-xs-12 \">\n                        <span class=\"hotfix operator-logo\"><img decoding=\"async\" src=\"\/portuguese\/assets\/logos\/casino\/dark-back\/1xbet-casino.png\" width=\"auto\" height=\"auto\" alt=\"1xBet\" \/><\/span>                    <\/div>\n                    <div class=\"col-lg-4 col-md-4 col-sm-4 col-xs-6\">\n                        <p class=\"box-title\">1xBet&nbsp;casino<\/p>\n                    <\/div>\n                    <div class=\"col-lg-5 col-md-4 col-sm-4 col-xs-6\">\n                        <div class=\"likes-box likes-js\" data-likesid=\"16\">\n                            <div class=\"likes-icon-js\"><i class=\"fa fa-heart\" aria-hidden=\"true\"><\/i><\/div>\n                            <div class=\"likes-text-js\"><p>1755 likes<\/p><\/div>\n                        <\/div>\n                    <\/div>\n                <\/div>\n                <div class=\"bonus-box-body\">\n                    <div class=\"col-lg-3 col-md-3 col-sm-6 col-xs-12 rightBordered m-bonus no-padding\">\n                        <p>B\u00f4nus M\u00e1ximo<\/p>\n                        <p class=\"bonus-value max-bonus\">R$1600<\/p>\n                    <\/div>\n                                                                <div class=\"col-lg-2 col-md-2 col-sm-6 col-xs-12 no-padding \">\n                            <p>Requisito<\/p>\n                            <p class=\"bonus-value\">35x Bonus<\/p>\n                        <\/div>\n                                        <div class=\"col-lg-2 col-md-2 col-sm-6 col-xs-12 no-padding\">\n                        <p>Porcentagem<\/p>\n                        <p class=\"bonus-value\">100%<\/p>\n                    <\/div>\n                    <div class=\"col-lg-3 col-md-3 col-sm-6 col-xs-12 claim-bonus-sec \">\n\n                                                <div>\n                             <div   class=\"bonuscode  secret-code \"><span>Nenhum C\u00f3digo b\u00f4nus Obrigat\u00f3rio<\/span><\/div> <span class=\"cursored button js-golink  claim-bonus-code\"  onclick=\"OpenGoLink(this);\" data-operator=\"8\" data-bonus=\"5396\"   data-clicks=\"17\"data-type=\"casino\" ><div class='hvr-animation bonus-btn-main-sec'><span>Mostrar o C\u00f3digo de B\u00f4nus<\/span><\/div> <\/span>                         <\/div>\n                    <\/div>\n                <\/div>\n                            <\/div>\n                        <div class=\"bonus-box first-box\">\n                <div class=\"bonus-box-head\">\n                    <div class=\"col-lg-3 col-md-4 col-sm-4 col-xs-12 \">\n                        <span class=\"hotfix operator-logo\"><img decoding=\"async\" src=\"\/portuguese\/assets\/logos\/poker\/dark-back\/1xbet-poker.png\" width=\"auto\" height=\"auto\" alt=\"1xBet\" \/><\/span>                    <\/div>\n                    <div class=\"col-lg-4 col-md-4 col-sm-4 col-xs-6\">\n                        <p class=\"box-title\">1xBet&nbsp;poker<\/p>\n                    <\/div>\n                    <div class=\"col-lg-5 col-md-4 col-sm-4 col-xs-6\">\n                        <div class=\"likes-box likes-js\" data-likesid=\"12\">\n                            <div class=\"likes-icon-js\"><i class=\"fa fa-heart\" aria-hidden=\"true\"><\/i><\/div>\n                            <div class=\"likes-text-js\"><p>1130 likes<\/p><\/div>\n                        <\/div>\n                    <\/div>\n                <\/div>\n                <div class=\"bonus-box-body\">\n                    <div class=\"col-lg-3 col-md-3 col-sm-6 col-xs-12 rightBordered m-bonus no-padding\">\n                        <p>B\u00f4nus M\u00e1ximo<\/p>\n                        <p class=\"bonus-value max-bonus\">No Bonus<\/p>\n                    <\/div>\n                                                                <div class=\"col-lg-2 col-md-2 col-sm-6 col-xs-12 no-padding \">\n                            <p>Requisito<\/p>\n                            <p class=\"bonus-value\">x <\/p>\n                        <\/div>\n                                        <div class=\"col-lg-2 col-md-2 col-sm-6 col-xs-12 no-padding\">\n                        <p>Porcentagem<\/p>\n                        <p class=\"bonus-value\">-<\/p>\n                    <\/div>\n                    <div class=\"col-lg-3 col-md-3 col-sm-6 col-xs-12 claim-bonus-sec \">\n\n                                                <div>\n                             <div   class=\"bonuscode  secret-code \"><span>Nenhum C\u00f3digo b\u00f4nus Obrigat\u00f3rio<\/span><\/div> <span class=\"cursored button js-golink  claim-bonus-code\"  onclick=\"OpenGoLink(this);\" data-operator=\"573\" data-bonus=\"4043\"   data-clicks=\"13\"data-type=\"poker\" ><div class='hvr-animation bonus-btn-main-sec'><span>Mostrar o C\u00f3digo de B\u00f4nus<\/span><\/div> <\/span>                         <\/div>\n                    <\/div>\n                <\/div>\n                            <\/div>\n            \r\n<h2>Jogar a Roleta ao Vivo na 1xBet - Uma Maior Emo\u00e7\u00e3o<\/h2>\r\n<p class=\"text-justify\">Compat\u00edvel com iPhone, iPad, iPod Touch\r\nO cassino 1xBet tamb\u00e9m oferece roleta m\u00f3vel compat\u00edvel com smartphones e tablets rodando em sistemas operacionais iOS e Android. Para usu\u00e1rios do Android, \u00e9 um aplicativo baseado na web. Isso significa que voc\u00ea pode jogar roleta diretamente de um navegador m\u00f3vel. Al\u00e9m disso, h\u00e1 tamb\u00e9m um aplicativo de download de cassino ao vivo que precisa ser baixado e instalado no Android para que voc\u00ea possa jogar Roleta M\u00f3vel ao vivo. Voc\u00ea pode baixar o aplicativo diretamente do site da <strong>1xBet<\/strong> depois de fazer o seu registro de 2 minutos.<\/p>\r\n<p class=\"text-justify\">Os usu\u00e1rios do iOS, por outro lado, t\u00eam dois aplicativos de download dispon\u00edveis na App Store - um para o principal cassino m\u00f3vel e outro para o cassino ao vivo. O cassino \u00e9 compat\u00edvel com todos os dispositivos da Apple, ou seja, iPhone, iPad e iPod Touch, desde que eles sejam executados no iOS 6.0 ou posterior.<\/p>\r\n<p class=\"text-justify\">Que outros jogos s\u00e3o oferecidos?\r\nO 1xBet Casino tem uma rica sele\u00e7\u00e3o de jogos da Playtech, que v\u00e3o desde v\u00e1rios tipos de ca\u00e7a-n\u00edqueis, jogos de mesa, videogames e raspadinhas. O cassino possui mais de cem <strong>slots<\/strong> com v\u00e1rias linhas de pagamento e b\u00f4nus. Entre eles est\u00e3o os slots Age of the Gods mais populares da Playtech, como Age of the Gods Sate Sisters e Age of the Gods, o Pr\u00edncipe do Olimpo. H\u00e1 tamb\u00e9m outros jackpots progressivos dispon\u00edveis, como Gladiator Jackpot e Beach Life. Al\u00e9m da roleta, outros jogos de mesa s\u00e3o Craps e Sic Bo, enquanto alguns jogos de cartas incluem v\u00e1rias varia\u00e7\u00f5es de blackjack e p\u00f4quer de cassino. Al\u00e9m disso, existem cerca de 20 varia\u00e7\u00f5es de video poker, bem como uma s\u00e9rie de jogos de arcade.<\/p>\r\n\r\n<div class=\"cta-direct-bonus\">\r\n    <div class=\"col-lg-8 col-md-8 col-sm-8 col-xs-12\">\r\n        <div class=\"row\">\r\n            <p class=\"cta-direct-slogan\">\r\n                Est\u00e1 Pronto para Pegar Seu B\u00f4nus de Boas-Vindas?            <\/p>\r\n        <\/div>\r\n    <\/div>\r\n    <div class=\"col-lg-4 col-md-4 col-sm-4 col-xs-12\">\r\n        <div class=\"row\">\r\n             <span class=\"cursored button js-golink cta-direct-button hvr-animation new-hover\"  onclick=\"OpenGoLink(this);\" data-operator=\"7\" data-bonus=\"4043\"   data-clicks=\"12\"data-type=\"sport\" ><span>Visitar 1xBet Agora!<\/span> <\/span> \r\n        <\/div>\r\n    <\/div>\r\n<\/div>\r\n\r\n<style type=\"text\/css\" media=\"screen\">\r\n    .cta-direct-button.new-hover {\r\n        padding: 3px 0 2px;\r\n    }\r\n<\/style>\r\n<h2>Conselhos para jogar roleta na 1xBet<\/h2>\r\n<p class=\"text-justify\">Uma grande vantagem dos jogos da 1xBet \u00e9 que voc\u00ea pode ver o percentual de RTP para cada um deles apenas clicando no bot\u00e3o de ajuda do jogo. Isso permite que voc\u00ea escolha a varia\u00e7\u00e3o mais vantajosa do jogo que deseja jogar. Como todos sabemos, nem todas as varia\u00e7\u00f5es do blackjack, por exemplo, oferecem as mesmas possibilidades para uma vit\u00f3ria. Quanto maior o percentual de RTP, melhor voc\u00ea tem chances de ganhar.<\/p>\r\n<p class=\"text-justify\">Ofertas de b\u00f4nus no 1xBet Casino\r\nO 1xBet Casino garante que todos os jogadores estejam satisfeitos e os recompensa com dinheiro de b\u00f4nus gr\u00e1tis. Ele recebe novos jogadores com generosos b\u00f4nus de dep\u00f3sito inicial e gratuito, enquanto prejudica jogadores regulares com pontos de b\u00f4nus convers\u00edveis diretamente em dinheiro. Pode n\u00e3o haver muitos <strong>b\u00f4nus e ofertas promocionais<\/strong>, mas eles s\u00e3o bastante generosos e seus termos e condi\u00e7\u00f5es s\u00e3o confi\u00e1veis \u200b\u200be f\u00e1ceis de encontrar.<\/p>\r\n\r\n<div class=\"cta-direct-bonus\">\r\n    <div class=\"col-lg-8 col-md-8 col-sm-8 col-xs-12\">\r\n        <div class=\"row\">\r\n            <p class=\"cta-direct-slogan\">\r\n                Est\u00e1 Pronto para Pegar Seu B\u00f4nus de Boas-Vindas?            <\/p>\r\n        <\/div>\r\n    <\/div>\r\n    <div class=\"col-lg-4 col-md-4 col-sm-4 col-xs-12\">\r\n        <div class=\"row\">\r\n             <span class=\"cursored button js-golink cta-direct-button hvr-animation new-hover\"  onclick=\"OpenGoLink(this);\" data-operator=\"7\" data-bonus=\"3921\"   data-clicks=\"1\"data-type=\"sport\" ><span>Visitar 1xBet Agora!<\/span> <\/span> \r\n        <\/div>\r\n    <\/div>\r\n<\/div>\r\n\r\n<style type=\"text\/css\" media=\"screen\">\r\n    .cta-direct-button.new-hover {\r\n        padding: 3px 0 2px;\r\n    }\r\n<\/style>","protected":false},"excerpt":{"rendered":"A 1xBet \u00e9 uma marca de apostas e jogos online bem estabelecida e reconhec\u00edvel bastante popular na ind\u00fastria do jogo. O site \u00e9 bem conhecido no setor de troca de apostas, mas tamb\u00e9m \u00e9 popular em outros departamentos de apostas. Em particular, possui um cassino completo equipado com Playtech dispon\u00edvel nos formatos download e instant-play.<a href=\"https:\/\/bet-bonus.net\/br\/roleta\/\"> &#8230;<\/a>","protected":false},"author":1,"featured_media":0,"parent":0,"menu_order":0,"comment_status":"closed","ping_status":"closed","template":"","meta":{"footnotes":""},"categories":[],"tags":[],"class_list":["post-122","page","type-page","status-publish","hentry"],"yoast_head":"<!-- This site is optimized with the Yoast SEO plugin v26.7 - https:\/\/yoast.com\/wordpress\/plugins\/seo\/ -->\n<title>1xBet Roleta \u00bb Jogue Roleta Americana e Europeia - Ofertas abril 2026<\/title>\n<meta name=\"robots\" content=\"index, follow, max-snippet:-1, max-image-preview:large, max-video-preview:-1\" \/>\n<link rel=\"canonical\" href=\"https:\/\/bet-bonus.net\/br\/roleta\/\" \/>\n<meta property=\"og:locale\" content=\"pt_BR\" \/>\n<meta property=\"og:type\" content=\"article\" \/>\n<meta property=\"og:title\" content=\"1xBet Roleta \u00bb Jogue Roleta Americana e Europeia - Ofertas abril 2026\" \/>\n<meta property=\"og:url\" content=\"https:\/\/bet-bonus.net\/br\/roleta\/\" \/>\n<meta property=\"og:site_name\" content=\"bet-bonus.net\/br\" \/>\n<meta property=\"article:modified_time\" content=\"2018-07-31T11:11:35+00:00\" \/>\n<meta name=\"twitter:card\" content=\"summary_large_image\" \/>\n<meta name=\"twitter:label1\" content=\"Est. tempo de leitura\" \/>\n\t<meta name=\"twitter:data1\" content=\"6 minutos\" \/>\n<script type=\"application\/ld+json\" class=\"yoast-schema-graph\">{\"@context\":\"https:\/\/schema.org\",\"@graph\":[{\"@type\":\"WebPage\",\"@id\":\"https:\/\/bet-bonus.net\/br\/roleta\/\",\"url\":\"https:\/\/bet-bonus.net\/br\/roleta\/\",\"name\":\"1xBet Roleta \u00bb Jogue Roleta Americana e Europeia - Ofertas [month_name] [year]\",\"isPartOf\":{\"@id\":\"https:\/\/bet-bonus.net\/br\/#website\"},\"datePublished\":\"2018-07-20T10:16:36+00:00\",\"dateModified\":\"2018-07-31T11:11:35+00:00\",\"breadcrumb\":{\"@id\":\"https:\/\/bet-bonus.net\/br\/roleta\/#breadcrumb\"},\"inLanguage\":\"pt-BR\",\"potentialAction\":[{\"@type\":\"ReadAction\",\"target\":[\"https:\/\/bet-bonus.net\/br\/roleta\/\"]}]},{\"@type\":\"BreadcrumbList\",\"@id\":\"https:\/\/bet-bonus.net\/br\/roleta\/#breadcrumb\",\"itemListElement\":[{\"@type\":\"ListItem\",\"position\":1,\"name\":\"Home\",\"item\":\"https:\/\/bet-bonus.net\/br\/\"},{\"@type\":\"ListItem\",\"position\":2,\"name\":\"Roulette 1xBet - Jogue Roleta ao Vivo\"}]},{\"@type\":\"WebSite\",\"@id\":\"https:\/\/bet-bonus.net\/br\/#website\",\"url\":\"https:\/\/bet-bonus.net\/br\/\",\"name\":\"bet-bonus.net\/br\",\"description\":\"\",\"potentialAction\":[{\"@type\":\"SearchAction\",\"target\":{\"@type\":\"EntryPoint\",\"urlTemplate\":\"https:\/\/bet-bonus.net\/br\/?s={search_term_string}\"},\"query-input\":{\"@type\":\"PropertyValueSpecification\",\"valueRequired\":true,\"valueName\":\"search_term_string\"}}],\"inLanguage\":\"pt-BR\"}]}<\/script>\n<!-- \/ Yoast SEO plugin. -->","yoast_head_json":{"title":"1xBet Roleta \u00bb Jogue Roleta Americana e Europeia - Ofertas abril 2026","robots":{"index":"index","follow":"follow","max-snippet":"max-snippet:-1","max-image-preview":"max-image-preview:large","max-video-preview":"max-video-preview:-1"},"canonical":"https:\/\/bet-bonus.net\/br\/roleta\/","og_locale":"pt_BR","og_type":"article","og_title":"1xBet Roleta \u00bb Jogue Roleta Americana e Europeia - Ofertas abril 2026","og_url":"https:\/\/bet-bonus.net\/br\/roleta\/","og_site_name":"bet-bonus.net\/br","article_modified_time":"2018-07-31T11:11:35+00:00","twitter_card":"summary_large_image","twitter_misc":{"Est. tempo de leitura":"6 minutos"},"schema":{"@context":"https:\/\/schema.org","@graph":[{"@type":"WebPage","@id":"https:\/\/bet-bonus.net\/br\/roleta\/","url":"https:\/\/bet-bonus.net\/br\/roleta\/","name":"1xBet Roleta \u00bb Jogue Roleta Americana e Europeia - Ofertas [month_name] [year]","isPartOf":{"@id":"https:\/\/bet-bonus.net\/br\/#website"},"datePublished":"2018-07-20T10:16:36+00:00","dateModified":"2018-07-31T11:11:35+00:00","breadcrumb":{"@id":"https:\/\/bet-bonus.net\/br\/roleta\/#breadcrumb"},"inLanguage":"pt-BR","potentialAction":[{"@type":"ReadAction","target":["https:\/\/bet-bonus.net\/br\/roleta\/"]}]},{"@type":"BreadcrumbList","@id":"https:\/\/bet-bonus.net\/br\/roleta\/#breadcrumb","itemListElement":[{"@type":"ListItem","position":1,"name":"Home","item":"https:\/\/bet-bonus.net\/br\/"},{"@type":"ListItem","position":2,"name":"Roulette 1xBet - Jogue Roleta ao Vivo"}]},{"@type":"WebSite","@id":"https:\/\/bet-bonus.net\/br\/#website","url":"https:\/\/bet-bonus.net\/br\/","name":"bet-bonus.net\/br","description":"","potentialAction":[{"@type":"SearchAction","target":{"@type":"EntryPoint","urlTemplate":"https:\/\/bet-bonus.net\/br\/?s={search_term_string}"},"query-input":{"@type":"PropertyValueSpecification","valueRequired":true,"valueName":"search_term_string"}}],"inLanguage":"pt-BR"}]}},"_links":{"self":[{"href":"https:\/\/bet-bonus.net\/br\/wp-json\/wp\/v2\/pages\/122","targetHints":{"allow":["GET"]}}],"collection":[{"href":"https:\/\/bet-bonus.net\/br\/wp-json\/wp\/v2\/pages"}],"about":[{"href":"https:\/\/bet-bonus.net\/br\/wp-json\/wp\/v2\/types\/page"}],"author":[{"embeddable":true,"href":"https:\/\/bet-bonus.net\/br\/wp-json\/wp\/v2\/users\/1"}],"replies":[{"embeddable":true,"href":"https:\/\/bet-bonus.net\/br\/wp-json\/wp\/v2\/comments?post=122"}],"version-history":[{"count":7,"href":"https:\/\/bet-bonus.net\/br\/wp-json\/wp\/v2\/pages\/122\/revisions"}],"predecessor-version":[{"id":503,"href":"https:\/\/bet-bonus.net\/br\/wp-json\/wp\/v2\/pages\/122\/revisions\/503"}],"wp:attachment":[{"href":"https:\/\/bet-bonus.net\/br\/wp-json\/wp\/v2\/media?parent=122"}],"wp:term":[{"taxonomy":"category","embeddable":true,"href":"https:\/\/bet-bonus.net\/br\/wp-json\/wp\/v2\/categories?post=122"},{"taxonomy":"post_tag","embeddable":true,"href":"https:\/\/bet-bonus.net\/br\/wp-json\/wp\/v2\/tags?post=122"}],"curies":[{"name":"wp","href":"https:\/\/api.w.org\/{rel}","templated":true}]}}