{"id":12,"date":"2018-07-05T16:47:35","date_gmt":"2018-07-05T16:47:35","guid":{"rendered":"http:\/\/bet-bonus.net\/br\/?page_id=12"},"modified":"2018-07-31T08:24:01","modified_gmt":"2018-07-31T08:24:01","slug":"codigo-bonus","status":"publish","type":"page","link":"https:\/\/bet-bonus.net\/br\/codigo-bonus\/","title":{"rendered":"Use o C\u00f3digo Voucher da 1xBet e Receba j\u00e1 R$1200 para Apostar"},"content":{"rendered":"<p class=\"text-justify\">A <strong>1xBet<\/strong> levou a experi\u00eancia dos f\u00e3s de eventos esportivos para outro patamar. Uma nova forma de apostar online que ganhou rapidamente a prefer\u00eancia do p\u00fablico, em raz\u00e3o da sua interface intuitiva, vantagens concedidas atrav\u00e9s de 1xBet Voucher Promocionais e a agilidade do sistema de pagamentos.<\/p>\r\n<p class=\"text-justify\">O usu\u00e1rio desfrutar\u00e1 da emo\u00e7\u00e3o de ganhar dinheiro apostando nos jogos do seu esporte favorito, participar de opera\u00e7\u00f5es ao Vivo durante os eventos e interagir com outros participantes.\r\nGarantindo um 1xBet C\u00f3digo de B\u00f4nus de at\u00e9\u00a0<strong>R$1200<\/strong> e receber ainda mais com outras vantagens.<\/p>\r\n<span style=\"font-weight: 400;\"><div class=\"bonus-table\">\n    <div class=\"col-xs-12\">\n        <div class=\"row\">\n\n<!--            <div class=\"hidden-lg hidden-md hidden-sm col-xs-8 bonus-table-body top-responsive\">-->\n<!---->\n<!--            <\/div>-->\n            <div class=\"col-lg-12 col-md-12 col-sm-12 col-xs-12 bonus-table-body op-table no-padding\">\n                <div class=\"col-lg-3 col-md-4 col-sm-12 col-xs-12 bonus-table-head no-padding\">\n                    <p>Casa de Apostas<\/p>\n                   <!--  <a class=\"hotfix\" href=\"\" rel=\"nofollow\" target=\"_blank\"><img decoding=\"async\" src=\"<?php\/\/ echo $logo_url; ?>\" class=\"img-responsive\"><\/a> -->\n                    <span class=\"\"><img decoding=\"async\" src=\"\/portuguese\/assets\/logos\/sport\/light-back\/1xbet.png\" width=\"100px\" height=\"auto\" alt=\"1xBet\" \/><\/span>                <\/div>\n                <div class=\"col-lg-2 col-md-2 col-sm-6 col-xs-12 rightBordered borders no-padding\">\n                    <p>B\u00d4NUS<\/p>\n                    <p class=\"bonus-value max-bonus\">R$1200<\/p>\n                <\/div>\n                <div class=\"col-lg-2 col-md-2 col-sm-6 col-xs-6 rightBordered no-padding\">\n                    <p>Porcentagem<\/p>\n                    <p class=\"bonus-value\">100%<\/p>\n                <\/div>\n                <div class=\"col-lg-2 col-md-2 col-sm-6 col-xs-6 no-padding\">\n                    <p>Classifica\u00e7\u00e3o<\/p>\n                    <p class=\"rating-number\">9.8<\/p>\n                <\/div>\n                <div class=\"col-lg-3 col-md-4 col-sm-6 col-xs-12 op-table-button no-padding\">\n                    <p>Ir \u00e0 casa de apostas<\/p>\n                     <span class=\"cursored button js-golink button claim-bonus-code\"  onclick=\"OpenGoLink(this);\" data-operator=\"7\" data-bonus=\"3921\"   data-clicks=\"1\"data-type=\"sport\" ><button class=\"hvr-animation multi-line bonus-btn-main-sec\"><span>Receba o B\u00f4nus<\/span><\/button> <\/span>                 <\/div>\n            <\/div>\n        <\/div>\n    <\/div>\n<\/div>\n        <script type=\"application\/ld+json\">\n    {\n        \"@context\": \"https:\/\/schema.org\/\",\n        \"@type\": \"Review\",\n        \"datePublished\": \"05-07-2018\",\n        \"dateModified\": \"30-10-2022\",\n        \"itemReviewed\":{\n                \"@type\": \"Organization\",\n                \"name\": \"1xBet\",\n                \"image\": \" https:\/\/bet-bonus.net\/br\/portuguese\/assets\/logos\/light-back\/1xbet.png\"\n        },\n         \"author\":{\n                \"@type\": \"Person\",\n                 \"name\": \"bet-bonus.net\/br\"\n         },\n           \"reviewRating\": {\n                \"ratingValue\": \"9.8\",\n                \"bestRating\": \"10\"\n         }\n    }\n\n\n\n        <\/script>\n        <\/span>\r\n<h2>Preciso de um c\u00f3digo promocional para apostar na 1xBet?<\/h2>\r\n<p class=\"text-justify\">N\u00e3o \u00e9 necess\u00e1rio ter um 1xBet C\u00f3digo de B\u00f4nus para ganhar o B\u00f4nus inicial, existe uma promo\u00e7\u00e3o que dobra o primeiro investimento do jogador automaticamente.<\/p>\r\n<p class=\"text-justify\">Logo ao entrar no site e inserir o primeiro investimento, o novato j\u00e1 chega ganhando dinheiro, mesmo sem apostar. Esse cr\u00e9dito extra \u00e9 um refor\u00e7o para ser usado nas apostas dentro da plataforma.<\/p>\r\n\u00c9 poss\u00edvel ganhar at\u00e9\u00a0<strong>R$1200<\/strong> usando esse 1xBet Voucher.\r\n\r\n<span style=\"font-weight: 400;\"><div class=\"moreHome hideContent\"><\/span>\r\n<p class=\"text-justify\">Por exemplo: Caso o usu\u00e1rio tenha depositado R$100, receber\u00e1 mais R$100, ficando com um saldo de R$200 para apostar. Caso tenha depositado R$500, ser\u00e1 concedido R$500, totalizando R$1000 para participar da plataforma.\r\nLembrando que esse b\u00f4nus \u00e9 concedido apenas no primeiro dep\u00f3sito.<\/p>\r\n<p class=\"text-justify\">Essa vantagem inicial com esse <strong>1xBet C\u00f3digo de B\u00f4nus<\/strong> \u00e9 uma excelente oportunidade de investimento para que os usu\u00e1rios transformarem aqueles velhos palpites numa renda extra, dobrar o seu primeiro investimento e conhecer essa incr\u00edvel ferramenta que deixa os eventos esportivos ainda mais empolgantes.<\/p>\r\n<p class=\"text-justify\">Outro grande benef\u00edcio \u00e9 o sistema de c\u00f3digos promocionais, um grande incentivo para os investidores. Sempre que o jogador realiza alguma aposta dentro da plataforma, ele recebe certa quantidade de pontos b\u00f4nus para trocar por benef\u00edcios, como apostas extras.<\/p>\r\nEsses c\u00f3digos ficam dispon\u00edveis numa loja no site e podem ser adquiridos atrav\u00e9s dos pontos b\u00f4nus que o investidor tiver conquistado em sua conta. Isso quer dizer que ao realizar uma aposta, independente do resultado, o investidor ganha mais oportunidades para ganhar dinheiro.\r\n\r\n<span style=\"font-weight: 400;\"><\/div><\/span>\r\n<h2>O C\u00f3digo de B\u00f4nus da 1xBet para Apostas Esportivas<\/h2>\r\n<p class=\"text-justify\">Para as apostas esportivas, a <a href=\"https:\/\/bet-bonus.net\/br\/\">1xBet<\/a> possui uma grande gama de benef\u00edcios que os investidores podem ganhar usando os seus pontos b\u00f4nus, na loja de c\u00f3digos.\r\nExistem 1xBet Vouchers que servem para centenas de tipos de apostas e de esportes, por exemplo: futebol, basquete e t\u00eanis de mesa. Esses vouchers proporcionam apostas extras e outros tipos de vantagens na plataforma.<\/p>\r\n<span style=\"font-weight: 400;\"><div class=\"moreHome hideContent\"><\/span>\r\n<p class=\"text-justify\">\u00c9 importante ficar atento nas <a href=\"https:\/\/bet-bonus.net\/br\/promocoes\/\">promo\u00e7\u00f5es<\/a> di\u00e1rias do site, que constantemente atualiza oportunidades. Como por exemplo:\r\nDia da sorte - Uma chance para ganhar de uma vez 500 pontos de b\u00f4nus para investir em 1xbet vouchers do site.\r\n<strong>Torneio 1xFutebol<\/strong> \u2013 Uma promo\u00e7\u00e3o de jogos que o investidor pode ganhar at\u00e9 2 mil euros extras, al\u00e9m dos ganhos faturados no jogo. \u00c9 necess\u00e1rio ver as regras de participa\u00e7\u00e3o no site.\r\n<strong>S\u00e9rie A<\/strong> \u2013 Pr\u00eamios especiais para apostadores de jogos de futebol da S\u00e9rie A dos torneios principais do mundo. Os pr\u00eamios variam em: carro, Macbook e smartphone.<\/p>\r\n<p class=\"text-justify\"><strong>B\u00f4nus de apostas mal sucedidas<\/strong> \u2013 \u00c9 poss\u00edvel ganhar perdendo. Existe uma promo\u00e7\u00e3o que premia aqueles que perderam muitas vezes seguidas. Para ter direito a este b\u00f4nus, \u00e9 necess\u00e1rio ter perdido 20 apostas consecutivas, em diferentes eventos desportivos. Tais apostas devem ser feitas nos \u00faltimos 30 dias. Essa promo\u00e7\u00e3o tem regras espec\u00edficas no site.\r\nOutro presente que a plataforma proporciona aos seus usu\u00e1rios \u00e9 uma aposta extra para todos os aniversariantes do dia. O c\u00f3digo para usufruir dessa vantagem \u00e9 enviado para o celular cadastrado do jogador no dia do seu anivers\u00e1rio, via SMS.\r\nExistem diversas outras promo\u00e7\u00f5es no site do operador de jogos 1xBet.<\/p>\r\n<span style=\"font-weight: 400;\"><\/div><\/span>\r\n\r\n<span style=\"font-weight: 400;\">\r\n<div class=\"cta-direct-bonus\">\r\n    <div class=\"col-lg-8 col-md-8 col-sm-8 col-xs-12\">\r\n        <div class=\"row\">\r\n            <p class=\"cta-direct-slogan\">\r\n                Est\u00e1 Pronto para Pegar Seu B\u00f4nus de Boas-Vindas?            <\/p>\r\n        <\/div>\r\n    <\/div>\r\n    <div class=\"col-lg-4 col-md-4 col-sm-4 col-xs-12\">\r\n        <div class=\"row\">\r\n             <span class=\"cursored button js-golink cta-direct-button hvr-animation new-hover\"  onclick=\"OpenGoLink(this);\" data-operator=\"7\" data-bonus=\"3921\"   data-clicks=\"1\"data-type=\"sport\" ><span>Visitar 1xBet Agora!<\/span> <\/span> \r\n        <\/div>\r\n    <\/div>\r\n<\/div>\r\n\r\n<style type=\"text\/css\" media=\"screen\">\r\n    .cta-direct-button.new-hover {\r\n        padding: 3px 0 2px;\r\n    }\r\n<\/style><\/span>\r\n<h2>O C\u00f3digo Promocional de 1xBet para Cassino<\/h2>\r\n<p class=\"text-justify\">Infelizmente, n\u00e3o existem muitas op\u00e7\u00f5es na loja de c\u00f3digos promocionais, espec\u00edficos para o Cassino. No entanto, nem por isso a 1xBet n\u00e3o proporciona incentivos para os investidores interessados nessa modalidade.<\/p>\r\n<span style=\"font-weight: 400;\"><div class=\"moreHome hideContent\"><\/span>\r\n<p class=\"text-justify\">O jogador pode come\u00e7ar optando por realizar apostas gr\u00e1tis para conhecer o sistema. N\u00e3o se ganha nem perde nada, isso serve apenas para familiarizar o investidor com a plataforma e deix\u00e1-lo mais confort\u00e1vel em seus investimentos futuros.\r\nO programa de fidelidade Cash Back \u00e9 outro grande benef\u00edcio para os jogadores de <strong>Cassino da 1xBet<\/strong>, que devolve uma fra\u00e7\u00e3o do investimento do jogador. Conforme os usu\u00e1rios participam dos jogos, eles ganham pontos de experi\u00eancias, em certas quantidades acumuladas, proporcionam um determinado n\u00edvel na plataforma nesse programa de fidelidade.<\/p>\r\n<p class=\"text-justify\">Tais n\u00edveis servem para definir qual porcentagem o usu\u00e1rio ter\u00e1 de volta do seu dinheiro investido. A restitui\u00e7\u00e3o financeira pode chegar a at\u00e9 11%.<\/p>\r\n<p class=\"text-justify\">Existem algumas promo\u00e7\u00f5es bem interessantes para jogadores de Cassino, que s\u00e3o atualizadas diariamente no site, por exemplo:\r\nTorneio \u201cRoleta do Campe\u00e3o\u201d: Os 5 maiores vencedores ganham pr\u00eamios especiais de at\u00e9 100 mil euros.\r\nTorneio \u201cBlack Jack dos Campe\u00f5es\u201d: Os 5 maiores vencedores de <strong>Black Jack<\/strong> tamb\u00e9m ganham pr\u00eamios especiais de at\u00e9 100 mil euros.\r\nUm dos grandes diferenciais da 1xBet em rela\u00e7\u00e3o ao Cassino \u00e9 sem d\u00favidas a sua modalidade online, onde o investidor tem uma experi\u00eancia real de cassino, participando dos jogos como se estivesse presente fisicamente.<\/p>\r\n<span style=\"font-weight: 400;\"><\/div><\/span>\r\n<h2>O C\u00f3digo de B\u00f4nus para 1xBet Poker<\/h2>\r\n<p class=\"text-justify\">Um jogador de poker pode participar de diversas mesas ao mesmo tempo. Desde jogos avulsos a torneios dispon\u00edveis no lobby. Como o 1xBet \u00e9 mais focado em apostas desportivas, n\u00e3o \u00e9 poss\u00edvel encontrar muitas op\u00e7\u00f5es promocionais ou <strong>1xBet Vouchers<\/strong> na loja de c\u00f3digos.<\/p>\r\n<span style=\"font-weight: 400;\"><div class=\"moreHome hideContent\"><\/span>\r\n<p class=\"text-justify\">Mas como as promo\u00e7\u00f5es mudam constantemente, \u00e9 de se esperar que ocorram eventos voltados para o setor de Poker. No site do 1xBet existe uma sess\u00e3o onde o usu\u00e1rio incluir o seu e-mail e receber as atualiza\u00e7\u00f5es das oportunidades ofertadas no momento.\r\nUma grande m\u00e3o na roda para os utilizadores da se\u00e7\u00e3o de poker \u00e9 o fato de poder participar das partidas atrav\u00e9s de dispositivos m\u00f3veis como iPhone, Android e Windows Phone.<\/p>\r\n<span style=\"font-weight: 400;\"><\/div><\/span>\r\n\r\n<span style=\"font-weight: 400;\">\r\n<div class=\"cta-direct-bonus\">\r\n    <div class=\"col-lg-8 col-md-8 col-sm-8 col-xs-12\">\r\n        <div class=\"row\">\r\n            <p class=\"cta-direct-slogan\">\r\n                Est\u00e1 Pronto para Pegar Seu B\u00f4nus de Boas-Vindas?            <\/p>\r\n        <\/div>\r\n    <\/div>\r\n    <div class=\"col-lg-4 col-md-4 col-sm-4 col-xs-12\">\r\n        <div class=\"row\">\r\n             <span class=\"cursored button js-golink cta-direct-button hvr-animation new-hover\"  onclick=\"OpenGoLink(this);\" data-operator=\"7\" data-bonus=\"3921\"   data-clicks=\"1\"data-type=\"sport\" ><span>Visitar 1xBet Agora!<\/span> <\/span> \r\n        <\/div>\r\n    <\/div>\r\n<\/div>\r\n\r\n<style type=\"text\/css\" media=\"screen\">\r\n    .cta-direct-button.new-hover {\r\n        padding: 3px 0 2px;\r\n    }\r\n<\/style><\/span>\r\n<h2>Onde devo introduzir o meu c\u00f3digo promocional da 1xBet?<\/h2>\r\nComo mencionado anteriormente, o 1xBet voucher relacionado ao b\u00f4nus inicial, que pode chegar a <strong>R$1200<\/strong>, n\u00e3o precisa da inser\u00e7\u00e3o de qualquer c\u00f3digo promocional. Basta realizar o primeiro dep\u00f3sito e ganhar automaticamente um b\u00f4nus de 100% do investimento.\r\n\r\n<span style=\"font-weight: 400;\"><div class=\"moreHome hideContent\"><\/span>\r\n<p class=\"text-justify\">Existem c\u00f3digos especiais que o operador de jogos disponibiliza para ser inserido no momento do cadastro, esses c\u00f3digos promocionais s\u00e3o gerados pelo sistema e usados para incentivar novos investidores. Esses c\u00f3digos s\u00e3o enviados por e-mail, quando o usu\u00e1rio assina a newsletter do site.<\/p>\r\n<p class=\"text-justify\">Esse <strong>c\u00f3digo promocional<\/strong> deve ser inserido no campo espec\u00edfico no momento do cadastro no site ou em novos dep\u00f3sito.\r\nComo explicado anteriormente, os vouchers s\u00e3o adquiridos atrav\u00e9s dos pontos b\u00f4nus, que s\u00e3o disponibilizados conforme o jogador realiza apostas, mesmo perdendo.<\/p>\r\n<p class=\"text-justify\">Tais b\u00f4nus servem para comprar os c\u00f3digos promocionais na loja do site espec\u00edfica para isso. Esses c\u00f3digos s\u00e3o gerados e inseridos automaticamente na conta do investidor, assim que ele realiza a compra, sem a necessidade de inseri-los em nenhum campo espec\u00edfico.<\/p>\r\n<span style=\"font-weight: 400;\"><\/div><\/span>","protected":false},"excerpt":{"rendered":"A 1xBet levou a experi\u00eancia dos f\u00e3s de eventos esportivos para outro patamar. Uma nova forma de apostar online que ganhou rapidamente a prefer\u00eancia do p\u00fablico, em raz\u00e3o da sua interface intuitiva, vantagens concedidas atrav\u00e9s de 1xBet Voucher Promocionais e a agilidade do sistema de pagamentos. O usu\u00e1rio desfrutar\u00e1 da emo\u00e7\u00e3o de ganhar dinheiro apostando<a href=\"https:\/\/bet-bonus.net\/br\/codigo-bonus\/\"> &#8230;<\/a>","protected":false},"author":1,"featured_media":0,"parent":0,"menu_order":0,"comment_status":"closed","ping_status":"closed","template":"","meta":{"footnotes":""},"categories":[],"tags":[],"class_list":["post-12","page","type-page","status-publish","hentry"],"yoast_head":"<!-- This site is optimized with the Yoast SEO plugin v26.7 - https:\/\/yoast.com\/wordpress\/plugins\/seo\/ -->\n<title>1xBet C\u00f3digo de B\u00f4nus \u00bb Voucher Oferta Promocional de abril 2026<\/title>\n<meta name=\"robots\" content=\"index, follow, max-snippet:-1, max-image-preview:large, max-video-preview:-1\" \/>\n<link rel=\"canonical\" href=\"https:\/\/bet-bonus.net\/br\/codigo-bonus\/\" \/>\n<meta property=\"og:locale\" content=\"pt_BR\" \/>\n<meta property=\"og:type\" content=\"article\" \/>\n<meta property=\"og:title\" content=\"1xBet C\u00f3digo de B\u00f4nus \u00bb Voucher Oferta Promocional de abril 2026\" \/>\n<meta property=\"og:url\" content=\"https:\/\/bet-bonus.net\/br\/codigo-bonus\/\" \/>\n<meta property=\"og:site_name\" content=\"bet-bonus.net\/br\" \/>\n<meta property=\"article:modified_time\" content=\"2018-07-31T08:24:01+00:00\" \/>\n<meta name=\"twitter:card\" content=\"summary_large_image\" \/>\n<meta name=\"twitter:label1\" content=\"Est. tempo de leitura\" \/>\n\t<meta name=\"twitter:data1\" content=\"6 minutos\" \/>\n<script type=\"application\/ld+json\" class=\"yoast-schema-graph\">{\"@context\":\"https:\/\/schema.org\",\"@graph\":[{\"@type\":\"WebPage\",\"@id\":\"https:\/\/bet-bonus.net\/br\/codigo-bonus\/\",\"url\":\"https:\/\/bet-bonus.net\/br\/codigo-bonus\/\",\"name\":\"1xBet C\u00f3digo de B\u00f4nus \u00bb Voucher Oferta Promocional de [month_name] [year]\",\"isPartOf\":{\"@id\":\"https:\/\/bet-bonus.net\/br\/#website\"},\"datePublished\":\"2018-07-05T16:47:35+00:00\",\"dateModified\":\"2018-07-31T08:24:01+00:00\",\"breadcrumb\":{\"@id\":\"https:\/\/bet-bonus.net\/br\/codigo-bonus\/#breadcrumb\"},\"inLanguage\":\"pt-BR\",\"potentialAction\":[{\"@type\":\"ReadAction\",\"target\":[\"https:\/\/bet-bonus.net\/br\/codigo-bonus\/\"]}]},{\"@type\":\"BreadcrumbList\",\"@id\":\"https:\/\/bet-bonus.net\/br\/codigo-bonus\/#breadcrumb\",\"itemListElement\":[{\"@type\":\"ListItem\",\"position\":1,\"name\":\"Home\",\"item\":\"https:\/\/bet-bonus.net\/br\/\"},{\"@type\":\"ListItem\",\"position\":2,\"name\":\"Use o C\u00f3digo Voucher da 1xBet e Receba j\u00e1 R$500 para Apostar\"}]},{\"@type\":\"WebSite\",\"@id\":\"https:\/\/bet-bonus.net\/br\/#website\",\"url\":\"https:\/\/bet-bonus.net\/br\/\",\"name\":\"bet-bonus.net\/br\",\"description\":\"\",\"potentialAction\":[{\"@type\":\"SearchAction\",\"target\":{\"@type\":\"EntryPoint\",\"urlTemplate\":\"https:\/\/bet-bonus.net\/br\/?s={search_term_string}\"},\"query-input\":{\"@type\":\"PropertyValueSpecification\",\"valueRequired\":true,\"valueName\":\"search_term_string\"}}],\"inLanguage\":\"pt-BR\"}]}<\/script>\n<!-- \/ Yoast SEO plugin. -->","yoast_head_json":{"title":"1xBet C\u00f3digo de B\u00f4nus \u00bb Voucher Oferta Promocional de abril 2026","robots":{"index":"index","follow":"follow","max-snippet":"max-snippet:-1","max-image-preview":"max-image-preview:large","max-video-preview":"max-video-preview:-1"},"canonical":"https:\/\/bet-bonus.net\/br\/codigo-bonus\/","og_locale":"pt_BR","og_type":"article","og_title":"1xBet C\u00f3digo de B\u00f4nus \u00bb Voucher Oferta Promocional de abril 2026","og_url":"https:\/\/bet-bonus.net\/br\/codigo-bonus\/","og_site_name":"bet-bonus.net\/br","article_modified_time":"2018-07-31T08:24:01+00:00","twitter_card":"summary_large_image","twitter_misc":{"Est. tempo de leitura":"6 minutos"},"schema":{"@context":"https:\/\/schema.org","@graph":[{"@type":"WebPage","@id":"https:\/\/bet-bonus.net\/br\/codigo-bonus\/","url":"https:\/\/bet-bonus.net\/br\/codigo-bonus\/","name":"1xBet C\u00f3digo de B\u00f4nus \u00bb Voucher Oferta Promocional de [month_name] [year]","isPartOf":{"@id":"https:\/\/bet-bonus.net\/br\/#website"},"datePublished":"2018-07-05T16:47:35+00:00","dateModified":"2018-07-31T08:24:01+00:00","breadcrumb":{"@id":"https:\/\/bet-bonus.net\/br\/codigo-bonus\/#breadcrumb"},"inLanguage":"pt-BR","potentialAction":[{"@type":"ReadAction","target":["https:\/\/bet-bonus.net\/br\/codigo-bonus\/"]}]},{"@type":"BreadcrumbList","@id":"https:\/\/bet-bonus.net\/br\/codigo-bonus\/#breadcrumb","itemListElement":[{"@type":"ListItem","position":1,"name":"Home","item":"https:\/\/bet-bonus.net\/br\/"},{"@type":"ListItem","position":2,"name":"Use o C\u00f3digo Voucher da 1xBet e Receba j\u00e1 R$500 para Apostar"}]},{"@type":"WebSite","@id":"https:\/\/bet-bonus.net\/br\/#website","url":"https:\/\/bet-bonus.net\/br\/","name":"bet-bonus.net\/br","description":"","potentialAction":[{"@type":"SearchAction","target":{"@type":"EntryPoint","urlTemplate":"https:\/\/bet-bonus.net\/br\/?s={search_term_string}"},"query-input":{"@type":"PropertyValueSpecification","valueRequired":true,"valueName":"search_term_string"}}],"inLanguage":"pt-BR"}]}},"_links":{"self":[{"href":"https:\/\/bet-bonus.net\/br\/wp-json\/wp\/v2\/pages\/12","targetHints":{"allow":["GET"]}}],"collection":[{"href":"https:\/\/bet-bonus.net\/br\/wp-json\/wp\/v2\/pages"}],"about":[{"href":"https:\/\/bet-bonus.net\/br\/wp-json\/wp\/v2\/types\/page"}],"author":[{"embeddable":true,"href":"https:\/\/bet-bonus.net\/br\/wp-json\/wp\/v2\/users\/1"}],"replies":[{"embeddable":true,"href":"https:\/\/bet-bonus.net\/br\/wp-json\/wp\/v2\/comments?post=12"}],"version-history":[{"count":12,"href":"https:\/\/bet-bonus.net\/br\/wp-json\/wp\/v2\/pages\/12\/revisions"}],"predecessor-version":[{"id":490,"href":"https:\/\/bet-bonus.net\/br\/wp-json\/wp\/v2\/pages\/12\/revisions\/490"}],"wp:attachment":[{"href":"https:\/\/bet-bonus.net\/br\/wp-json\/wp\/v2\/media?parent=12"}],"wp:term":[{"taxonomy":"category","embeddable":true,"href":"https:\/\/bet-bonus.net\/br\/wp-json\/wp\/v2\/categories?post=12"},{"taxonomy":"post_tag","embeddable":true,"href":"https:\/\/bet-bonus.net\/br\/wp-json\/wp\/v2\/tags?post=12"}],"curies":[{"name":"wp","href":"https:\/\/api.w.org\/{rel}","templated":true}]}}