{"id":119,"date":"2018-07-17T12:00:04","date_gmt":"2018-07-17T12:00:04","guid":{"rendered":"http:\/\/bet-bonus.net\/br\/?page_id=119"},"modified":"2018-07-27T14:33:32","modified_gmt":"2018-07-27T14:33:32","slug":"blackjack","status":"publish","type":"page","link":"https:\/\/bet-bonus.net\/br\/blackjack\/","title":{"rendered":"Jogo do 21 na 1xBet - Teste a sua sorte neste jogo de cartas"},"content":{"rendered":"<p class=\"text-justify\">Popularmente conhecido como <strong>Blackjack ou 21<\/strong>, o jogo em quest\u00e3o \u00e9 realizado atrav\u00e9s de cartas. Na 1xBet o jogador tem op\u00e7\u00f5es de divers\u00e3o atrav\u00e9s desse jogo. Com isso, ele tem a possibilidade de disputar com outros usu\u00e1rios. Algumas pessoas, contudo, j\u00e1 conhecem profundamente este modo de jogar. Outras pessoas, por sua vez, poder\u00e3o aprender como proceder atrav\u00e9s das instru\u00e7\u00f5es contidas no <strong><a href=\"https:\/\/bet-bonus.net\/br\/cassino\/\">cassino<\/a><\/strong>. Vale ressaltar que todo o processo ter\u00e1 in\u00edcio atrav\u00e9s de um breve cadastro no site.<\/p>\r\n            <div class=\"bonus-box first-box\">\n                <div class=\"bonus-box-head\">\n                    <div class=\"col-lg-3 col-md-4 col-sm-4 col-xs-12 \">\n                        <span class=\"hotfix operator-logo\"><img decoding=\"async\" src=\"\/portuguese\/assets\/logos\/sport\/dark-back\/1xbet.png\" width=\"auto\" height=\"auto\" alt=\"1xBet\" \/><\/span>                    <\/div>\n                    <div class=\"col-lg-4 col-md-4 col-sm-4 col-xs-6\">\n                        <p class=\"box-title\">1xBet&nbsp;sport<\/p>\n                    <\/div>\n                    <div class=\"col-lg-5 col-md-4 col-sm-4 col-xs-6\">\n                        <div class=\"likes-box likes-js\" data-likesid=\"1\">\n                            <div class=\"likes-icon-js\"><i class=\"fa fa-heart\" aria-hidden=\"true\"><\/i><\/div>\n                            <div class=\"likes-text-js\"><p>1196 likes<\/p><\/div>\n                        <\/div>\n                    <\/div>\n                <\/div>\n                <div class=\"bonus-box-body\">\n                    <div class=\"col-lg-3 col-md-3 col-sm-6 col-xs-12 rightBordered m-bonus no-padding\">\n                        <p>B\u00f4nus M\u00e1ximo<\/p>\n                        <p class=\"bonus-value max-bonus\">R$1200<\/p>\n                    <\/div>\n                                            <div class=\"col-lg-2 col-md-2 col-sm-6 col-xs-12 no-padding\">\n                            <p>Odds M\u00edn.<\/p>\n                            <p class=\"bonus-value\">2.00<\/p>\n                        <\/div>\n                                                                <div class=\"col-lg-2 col-md-2 col-sm-6 col-xs-12 no-padding \">\n                            <p>Requisito<\/p>\n                            <p class=\"bonus-value\">9x Bonus<\/p>\n                        <\/div>\n                                        <div class=\"col-lg-2 col-md-2 col-sm-6 col-xs-12 no-padding\">\n                        <p>Porcentagem<\/p>\n                        <p class=\"bonus-value\">100%<\/p>\n                    <\/div>\n                    <div class=\"col-lg-3 col-md-3 col-sm-6 col-xs-12 claim-bonus-sec \">\n\n                                                <div>\n                             <div   class=\"bonuscode  secret-code \"><span>Nenhum C\u00f3digo b\u00f4nus Obrigat\u00f3rio<\/span><\/div> <span class=\"cursored button js-golink  claim-bonus-code\"  onclick=\"OpenGoLink(this);\" data-operator=\"7\" data-bonus=\"3921\"   data-clicks=\"1\"data-type=\"sport\" ><div class='hvr-animation bonus-btn-main-sec'><span>Mostrar o C\u00f3digo de B\u00f4nus<\/span><\/div> <\/span>                         <\/div>\n                    <\/div>\n                <\/div>\n                            <\/div>\n                        <div class=\"bonus-box first-box\">\n                <div class=\"bonus-box-head\">\n                    <div class=\"col-lg-3 col-md-4 col-sm-4 col-xs-12 \">\n                        <span class=\"hotfix operator-logo\"><img decoding=\"async\" src=\"\/portuguese\/assets\/logos\/casino\/dark-back\/1xbet-casino.png\" width=\"auto\" height=\"auto\" alt=\"1xBet\" \/><\/span>                    <\/div>\n                    <div class=\"col-lg-4 col-md-4 col-sm-4 col-xs-6\">\n                        <p class=\"box-title\">1xBet&nbsp;casino<\/p>\n                    <\/div>\n                    <div class=\"col-lg-5 col-md-4 col-sm-4 col-xs-6\">\n                        <div class=\"likes-box likes-js\" data-likesid=\"16\">\n                            <div class=\"likes-icon-js\"><i class=\"fa fa-heart\" aria-hidden=\"true\"><\/i><\/div>\n                            <div class=\"likes-text-js\"><p>1755 likes<\/p><\/div>\n                        <\/div>\n                    <\/div>\n                <\/div>\n                <div class=\"bonus-box-body\">\n                    <div class=\"col-lg-3 col-md-3 col-sm-6 col-xs-12 rightBordered m-bonus no-padding\">\n                        <p>B\u00f4nus M\u00e1ximo<\/p>\n                        <p class=\"bonus-value max-bonus\">R$1600<\/p>\n                    <\/div>\n                                                                <div class=\"col-lg-2 col-md-2 col-sm-6 col-xs-12 no-padding \">\n                            <p>Requisito<\/p>\n                            <p class=\"bonus-value\">35x Bonus<\/p>\n                        <\/div>\n                                        <div class=\"col-lg-2 col-md-2 col-sm-6 col-xs-12 no-padding\">\n                        <p>Porcentagem<\/p>\n                        <p class=\"bonus-value\">100%<\/p>\n                    <\/div>\n                    <div class=\"col-lg-3 col-md-3 col-sm-6 col-xs-12 claim-bonus-sec \">\n\n                                                <div>\n                             <div   class=\"bonuscode  secret-code \"><span>Nenhum C\u00f3digo b\u00f4nus Obrigat\u00f3rio<\/span><\/div> <span class=\"cursored button js-golink  claim-bonus-code\"  onclick=\"OpenGoLink(this);\" data-operator=\"8\" data-bonus=\"5396\"   data-clicks=\"17\"data-type=\"casino\" ><div class='hvr-animation bonus-btn-main-sec'><span>Mostrar o C\u00f3digo de B\u00f4nus<\/span><\/div> <\/span>                         <\/div>\n                    <\/div>\n                <\/div>\n                            <\/div>\n                        <div class=\"bonus-box first-box\">\n                <div class=\"bonus-box-head\">\n                    <div class=\"col-lg-3 col-md-4 col-sm-4 col-xs-12 \">\n                        <span class=\"hotfix operator-logo\"><img decoding=\"async\" src=\"\/portuguese\/assets\/logos\/poker\/dark-back\/1xbet-poker.png\" width=\"auto\" height=\"auto\" alt=\"1xBet\" \/><\/span>                    <\/div>\n                    <div class=\"col-lg-4 col-md-4 col-sm-4 col-xs-6\">\n                        <p class=\"box-title\">1xBet&nbsp;poker<\/p>\n                    <\/div>\n                    <div class=\"col-lg-5 col-md-4 col-sm-4 col-xs-6\">\n                        <div class=\"likes-box likes-js\" data-likesid=\"12\">\n                            <div class=\"likes-icon-js\"><i class=\"fa fa-heart\" aria-hidden=\"true\"><\/i><\/div>\n                            <div class=\"likes-text-js\"><p>1130 likes<\/p><\/div>\n                        <\/div>\n                    <\/div>\n                <\/div>\n                <div class=\"bonus-box-body\">\n                    <div class=\"col-lg-3 col-md-3 col-sm-6 col-xs-12 rightBordered m-bonus no-padding\">\n                        <p>B\u00f4nus M\u00e1ximo<\/p>\n                        <p class=\"bonus-value max-bonus\">No Bonus<\/p>\n                    <\/div>\n                                                                <div class=\"col-lg-2 col-md-2 col-sm-6 col-xs-12 no-padding \">\n                            <p>Requisito<\/p>\n                            <p class=\"bonus-value\">x <\/p>\n                        <\/div>\n                                        <div class=\"col-lg-2 col-md-2 col-sm-6 col-xs-12 no-padding\">\n                        <p>Porcentagem<\/p>\n                        <p class=\"bonus-value\">-<\/p>\n                    <\/div>\n                    <div class=\"col-lg-3 col-md-3 col-sm-6 col-xs-12 claim-bonus-sec \">\n\n                                                <div>\n                             <div   class=\"bonuscode  secret-code \"><span>Nenhum C\u00f3digo b\u00f4nus Obrigat\u00f3rio<\/span><\/div> <span class=\"cursored button js-golink  claim-bonus-code\"  onclick=\"OpenGoLink(this);\" data-operator=\"573\" data-bonus=\"4043\"   data-clicks=\"13\"data-type=\"poker\" ><div class='hvr-animation bonus-btn-main-sec'><span>Mostrar o C\u00f3digo de B\u00f4nus<\/span><\/div> <\/span>                         <\/div>\n                    <\/div>\n                <\/div>\n                            <\/div>\n            \r\n<h2>B\u00f4nus para Blackjack na 1xBet<\/h2>\r\n<p class=\"text-justify\">O 1xBet oferece alguns tipos de b\u00f4nus para v\u00e1rios perfis de usu\u00e1rios. Em rela\u00e7\u00e3o ao jogo de Black Jack n\u00e3o \u00e9 diferente. Ao clicar sobre o <strong>s\u00edmbolo do 21<\/strong> o jogador j\u00e1 poder\u00e1 visualizar a quantidade de pontos que possui como b\u00f4nus. Al\u00e9m disso, h\u00e1 um menu no cassino online que d\u00e1 orienta\u00e7\u00f5es sobre como proceder para que se acumule um n\u00famero maior de pontos destinados ao b\u00f4nus.<\/p>\r\n<p class=\"text-justify\">Dentre as formas de se conseguir pontuar est\u00e1 o Luck Wheel, que consiste numa esp\u00e9cie de roleta onde o usu\u00e1rio poder\u00e1 receber um determinado valor de pontos. No Daily Quest o jogador conseguir\u00e1 resgatar pontos de b\u00f4nus ap\u00f3s cumprir um conjunto de tarefas estabelecidas pelo site de apostas. J\u00e1 no Cashback, as chances de se conseguir <strong>b\u00f4nus<\/strong> s\u00e3o ampliadas, uma vez que o jogador tem a possibilidade de realizar apostas extras em um per\u00edodo de tempo estabelecido.<\/p>\r\n\r\n<div class=\"cta-direct-bonus\">\r\n    <div class=\"col-lg-8 col-md-8 col-sm-8 col-xs-12\">\r\n        <div class=\"row\">\r\n            <p class=\"cta-direct-slogan\">\r\n                Est\u00e1 Pronto para Pegar Seu B\u00f4nus de Boas-Vindas?            <\/p>\r\n        <\/div>\r\n    <\/div>\r\n    <div class=\"col-lg-4 col-md-4 col-sm-4 col-xs-12\">\r\n        <div class=\"row\">\r\n             <span class=\"cursored button js-golink cta-direct-button hvr-animation new-hover\"  onclick=\"OpenGoLink(this);\" data-operator=\"7\" data-bonus=\"4043\"   data-clicks=\"12\"data-type=\"sport\" ><span>Visitar 1xBet Agora!<\/span> <\/span> \r\n        <\/div>\r\n    <\/div>\r\n<\/div>\r\n\r\n<style type=\"text\/css\" media=\"screen\">\r\n    .cta-direct-button.new-hover {\r\n        padding: 3px 0 2px;\r\n    }\r\n<\/style>\r\n<h2>Tipos de Blackjack dispon\u00edveis na 1xbet<\/h2>\r\n<p class=\"text-justify\">No cassino online 1xBet h\u00e1 tr\u00eas maneiras de se jogar o <strong>Blackjack<\/strong>. Em uma das hip\u00f3teses o jogador tem acesso ao jogo de cartas e pode tanto jogar no estilo regular quanto atrav\u00e9s das jogadas fornecidas pelo dealer. Uma outra forma refere-se a um sistema onde o usu\u00e1rio coloca os valores que considera haver em cada jogada. Na modalidade ao vivo o jogador consegue disputar com outros usu\u00e1rios reais. Em todos os casos h\u00e1 a necessidade de que o apostador empregue um valor compreendido entre o m\u00ednimo e o m\u00e1ximo estipulados pela organiza\u00e7\u00e3o do site.<\/p>\r\n<p class=\"text-justify\">A premia\u00e7\u00e3o, contudo, obedecer\u00e1 a alguns crit\u00e9rios, tais como o valor de pontos alcan\u00e7ados pelo jogador e tamb\u00e9m pelo dealer. Em caso de empate, a plataforma prestar\u00e1 o reembolso do valor apostado ao usu\u00e1rio. Em qualquer uma das op\u00e7\u00f5es de blackjack o jogador ter\u00e1 <strong>divers\u00e3o garantida<\/strong>. Alguns usu\u00e1rios poder\u00e3o at\u00e9 mesmo conseguir aprimorar a pr\u00f3pria performance ao longo dos jogos, uma vez que passar\u00e3o a adquirir maior experi\u00eancia atrav\u00e9s do contato com os demais jogadores presentes na plataforma.<\/p>\r\n<div class=\"bonus-table\">\n    <div class=\"col-xs-12\">\n        <div class=\"row\">\n\n<!--            <div class=\"hidden-lg hidden-md hidden-sm col-xs-8 bonus-table-body top-responsive\">-->\n<!---->\n<!--            <\/div>-->\n            <div class=\"col-lg-12 col-md-12 col-sm-12 col-xs-12 bonus-table-body op-table no-padding\">\n                <div class=\"col-lg-3 col-md-4 col-sm-12 col-xs-12 bonus-table-head no-padding\">\n                    <p>Casa de Apostas<\/p>\n                   <!--  <a class=\"hotfix\" href=\"\" rel=\"nofollow\" target=\"_blank\"><img decoding=\"async\" src=\"<?php\/\/ echo $logo_url; ?>\" class=\"img-responsive\"><\/a> -->\n                    <span class=\"\"><img decoding=\"async\" src=\"\/portuguese\/assets\/logos\/sport\/light-back\/1xbet.png\" width=\"100px\" height=\"auto\" alt=\"1xBet\" \/><\/span>                <\/div>\n                <div class=\"col-lg-2 col-md-2 col-sm-6 col-xs-12 rightBordered borders no-padding\">\n                    <p>B\u00d4NUS<\/p>\n                    <p class=\"bonus-value max-bonus\">R$1200<\/p>\n                <\/div>\n                <div class=\"col-lg-2 col-md-2 col-sm-6 col-xs-6 rightBordered no-padding\">\n                    <p>Porcentagem<\/p>\n                    <p class=\"bonus-value\">100%<\/p>\n                <\/div>\n                <div class=\"col-lg-2 col-md-2 col-sm-6 col-xs-6 no-padding\">\n                    <p>Classifica\u00e7\u00e3o<\/p>\n                    <p class=\"rating-number\">9.8<\/p>\n                <\/div>\n                <div class=\"col-lg-3 col-md-4 col-sm-6 col-xs-12 op-table-button no-padding\">\n                    <p>Ir \u00e0 casa de apostas<\/p>\n                     <span class=\"cursored button js-golink button claim-bonus-code\"  onclick=\"OpenGoLink(this);\" data-operator=\"7\" data-bonus=\"3921\"   data-clicks=\"1\"data-type=\"sport\" ><button class=\"hvr-animation multi-line bonus-btn-main-sec\"><span>Receba o B\u00f4nus<\/span><\/button> <\/span>                 <\/div>\n            <\/div>\n        <\/div>\n    <\/div>\n<\/div>\n        <script type=\"application\/ld+json\">\n    {\n        \"@context\": \"https:\/\/schema.org\/\",\n        \"@type\": \"Review\",\n        \"datePublished\": \"17-07-2018\",\n        \"dateModified\": \"08-11-2022\",\n        \"itemReviewed\":{\n                \"@type\": \"Organization\",\n                \"name\": \"1xBet\",\n                \"image\": \" https:\/\/bet-bonus.net\/br\/portuguese\/assets\/logos\/light-back\/1xbet.png\"\n        },\n         \"author\":{\n                \"@type\": \"Person\",\n                 \"name\": \"bet-bonus.net\/br\"\n         },\n           \"reviewRating\": {\n                \"ratingValue\": \"9.8\",\n                \"bestRating\": \"10\"\n         }\n    }\n\n\n\n        <\/script>\n        \r\n<h2>Jogar Blackjack ao Vivo na 1xBet - Mais Emo\u00e7\u00e3o<\/h2>\r\n<p class=\"text-justify\">Quem gosta de <strong>jogos de cartas<\/strong> poder\u00e1 encontrar muita divers\u00e3o no <a href=\"http:\/\/bet-bonus.net\/br\/cassino-ao-vivo\/\">cassino ao vivo<\/a> online 1xBet. Em rela\u00e7\u00e3o ao Blackjack o destaque fica por conta da modalidade ao vivo de se disputar as partidas. Por ocorrerem em tempo real, o jogador tem a sensa\u00e7\u00e3o de estar apostando entre amigos, assim como se costuma fazer em ambientes f\u00edsicos. A diferen\u00e7a \u00e9 que o usu\u00e1rio poder\u00e1 realizar esta atividade no conforto de seu lar ou em qualquer outro local de sua prefer\u00eancia.<\/p>\r\n<p class=\"text-justify\">O ambiente virtual do cassino 1xBet proporciona ao usu\u00e1rio uma disposi\u00e7\u00e3o de cartas que torna o h\u00e1bito de jogar ainda mais pr\u00e1tico e r\u00e1pido. Al\u00e9m disso, os jogadores t\u00eam a sua disposi\u00e7\u00e3o os resultados dos jogos, de modo que podem consult\u00e1-los no momento em que considerarem mais oportuno.<\/p>\r\n<p class=\"text-justify\">Um outro quesito que se destaca no <strong>jogo de 21<\/strong> \u00e9 o maior contato que o usu\u00e1rio passa a ter com outros jogadores, alguns deles at\u00e9 mesmo com elevado n\u00edvel de jogo. Dessa forma, o jogador al\u00e9m de se divertir tamb\u00e9m conseguir\u00e1 aprender sobre as diversas maneiras de se disputar o 21. Com isso as oportunidades de ganhos poder\u00e3o se tornar cada vez mais frequentes.<\/p>\r\n\r\n<div class=\"cta-direct-bonus\">\r\n    <div class=\"col-lg-8 col-md-8 col-sm-8 col-xs-12\">\r\n        <div class=\"row\">\r\n            <p class=\"cta-direct-slogan\">\r\n                Est\u00e1 Pronto para Pegar Seu B\u00f4nus de Boas-Vindas?            <\/p>\r\n        <\/div>\r\n    <\/div>\r\n    <div class=\"col-lg-4 col-md-4 col-sm-4 col-xs-12\">\r\n        <div class=\"row\">\r\n             <span class=\"cursored button js-golink cta-direct-button hvr-animation new-hover\"  onclick=\"OpenGoLink(this);\" data-operator=\"7\" data-bonus=\"3921\"   data-clicks=\"1\"data-type=\"sport\" ><span>Visitar 1xBet Agora!<\/span> <\/span> \r\n        <\/div>\r\n    <\/div>\r\n<\/div>\r\n\r\n<style type=\"text\/css\" media=\"screen\">\r\n    .cta-direct-button.new-hover {\r\n        padding: 3px 0 2px;\r\n    }\r\n<\/style>\r\n<h2>Conselhos para jogar ao jogo do 21 Blackjack na 1xBet<\/h2>\r\n<p class=\"text-justify\">O <strong>Blackjack<\/strong> \u00e9 um dos jogos mais pedidos em cassinos online de todo o mundo. H\u00e1, contudo, algumas dicas a serem observadas a fim de que se tenha um desempenho satisfat\u00f3rio nas jogadas.\r\nO primeiro passo para se dar bem no Blackjack \u00e9 compreender que este tipo de jogo est\u00e1 muito mais voltado para a an\u00e1lise do que est\u00e1 acontecendo em determinada jogada do que para poss\u00edveis supersti\u00e7\u00f5es.<\/p>\r\n<p class=\"text-justify\">Uma outra dica valiosa diz respeito ao preparo em rela\u00e7\u00e3o ao universo do jogo Blackjack. Assim sendo, quem investe em leituras ou v\u00eddeos acerca deste assunto costuma aumentar seus conhecimentos de jogo, possibilitando maior din\u00e2mica ao longo dos jogos.\r\nCompreender a estrutura do jogo tamb\u00e9m poder\u00e1 auxiliar a melhorar o desempenho do jogador. Embora n\u00e3o se trate de algo de dif\u00edcil compreens\u00e3o \u00e9 importante ressaltar que o usu\u00e1rio dever\u00e1 prestar aten\u00e7\u00e3o a todas as regras presentes nas jogadas.<\/p>","protected":false},"excerpt":{"rendered":"Popularmente conhecido como Blackjack ou 21, o jogo em quest\u00e3o \u00e9 realizado atrav\u00e9s de cartas. Na 1xBet o jogador tem op\u00e7\u00f5es de divers\u00e3o atrav\u00e9s desse jogo. Com isso, ele tem a possibilidade de disputar com outros usu\u00e1rios. Algumas pessoas, contudo, j\u00e1 conhecem profundamente este modo de jogar. Outras pessoas, por sua vez, poder\u00e3o aprender como<a href=\"https:\/\/bet-bonus.net\/br\/blackjack\/\"> &#8230;<\/a>","protected":false},"author":1,"featured_media":0,"parent":0,"menu_order":0,"comment_status":"closed","ping_status":"closed","template":"","meta":{"footnotes":""},"categories":[],"tags":[],"class_list":["post-119","page","type-page","status-publish","hentry"],"yoast_head":"<!-- This site is optimized with the Yoast SEO plugin v26.7 - https:\/\/yoast.com\/wordpress\/plugins\/seo\/ -->\n<title>1xBet Blackjack \u00bb Experimente o Jogo 21 com R$1200abril2026<\/title>\n<meta name=\"robots\" content=\"index, follow, max-snippet:-1, max-image-preview:large, max-video-preview:-1\" \/>\n<link rel=\"canonical\" href=\"https:\/\/bet-bonus.net\/br\/blackjack\/\" \/>\n<meta property=\"og:locale\" content=\"pt_BR\" \/>\n<meta property=\"og:type\" content=\"article\" \/>\n<meta property=\"og:title\" content=\"1xBet Blackjack \u00bb Experimente o Jogo 21 com R$1200abril2026\" \/>\n<meta property=\"og:url\" content=\"https:\/\/bet-bonus.net\/br\/blackjack\/\" \/>\n<meta property=\"og:site_name\" content=\"bet-bonus.net\/br\" \/>\n<meta property=\"article:modified_time\" content=\"2018-07-27T14:33:32+00:00\" \/>\n<meta name=\"twitter:card\" content=\"summary_large_image\" \/>\n<meta name=\"twitter:label1\" content=\"Est. tempo de leitura\" \/>\n\t<meta name=\"twitter:data1\" content=\"4 minutos\" \/>\n<script type=\"application\/ld+json\" class=\"yoast-schema-graph\">{\"@context\":\"https:\/\/schema.org\",\"@graph\":[{\"@type\":\"WebPage\",\"@id\":\"https:\/\/bet-bonus.net\/br\/blackjack\/\",\"url\":\"https:\/\/bet-bonus.net\/br\/blackjack\/\",\"name\":\"1xBet Blackjack \u00bb Experimente o Jogo 21 com [bonus operator=\\\"7\\\" type=\\\"1\\\" conditions=\\\"8\\\" user=\\\"2\\\" template=\\\"51\\\" option=\\\"amount\\\"][month_name][year]\",\"isPartOf\":{\"@id\":\"https:\/\/bet-bonus.net\/br\/#website\"},\"datePublished\":\"2018-07-17T12:00:04+00:00\",\"dateModified\":\"2018-07-27T14:33:32+00:00\",\"breadcrumb\":{\"@id\":\"https:\/\/bet-bonus.net\/br\/blackjack\/#breadcrumb\"},\"inLanguage\":\"pt-BR\",\"potentialAction\":[{\"@type\":\"ReadAction\",\"target\":[\"https:\/\/bet-bonus.net\/br\/blackjack\/\"]}]},{\"@type\":\"BreadcrumbList\",\"@id\":\"https:\/\/bet-bonus.net\/br\/blackjack\/#breadcrumb\",\"itemListElement\":[{\"@type\":\"ListItem\",\"position\":1,\"name\":\"Home\",\"item\":\"https:\/\/bet-bonus.net\/br\/\"},{\"@type\":\"ListItem\",\"position\":2,\"name\":\"Jogo do 21 na 1xBet - Teste a sua sorte neste jogo de cartas\"}]},{\"@type\":\"WebSite\",\"@id\":\"https:\/\/bet-bonus.net\/br\/#website\",\"url\":\"https:\/\/bet-bonus.net\/br\/\",\"name\":\"bet-bonus.net\/br\",\"description\":\"\",\"potentialAction\":[{\"@type\":\"SearchAction\",\"target\":{\"@type\":\"EntryPoint\",\"urlTemplate\":\"https:\/\/bet-bonus.net\/br\/?s={search_term_string}\"},\"query-input\":{\"@type\":\"PropertyValueSpecification\",\"valueRequired\":true,\"valueName\":\"search_term_string\"}}],\"inLanguage\":\"pt-BR\"}]}<\/script>\n<!-- \/ Yoast SEO plugin. -->","yoast_head_json":{"title":"1xBet Blackjack \u00bb Experimente o Jogo 21 com R$1200abril2026","robots":{"index":"index","follow":"follow","max-snippet":"max-snippet:-1","max-image-preview":"max-image-preview:large","max-video-preview":"max-video-preview:-1"},"canonical":"https:\/\/bet-bonus.net\/br\/blackjack\/","og_locale":"pt_BR","og_type":"article","og_title":"1xBet Blackjack \u00bb Experimente o Jogo 21 com R$1200abril2026","og_url":"https:\/\/bet-bonus.net\/br\/blackjack\/","og_site_name":"bet-bonus.net\/br","article_modified_time":"2018-07-27T14:33:32+00:00","twitter_card":"summary_large_image","twitter_misc":{"Est. tempo de leitura":"4 minutos"},"schema":{"@context":"https:\/\/schema.org","@graph":[{"@type":"WebPage","@id":"https:\/\/bet-bonus.net\/br\/blackjack\/","url":"https:\/\/bet-bonus.net\/br\/blackjack\/","name":"1xBet Blackjack \u00bb Experimente o Jogo 21 com [bonus operator=\"7\" type=\"1\" conditions=\"8\" user=\"2\" template=\"51\" option=\"amount\"][month_name][year]","isPartOf":{"@id":"https:\/\/bet-bonus.net\/br\/#website"},"datePublished":"2018-07-17T12:00:04+00:00","dateModified":"2018-07-27T14:33:32+00:00","breadcrumb":{"@id":"https:\/\/bet-bonus.net\/br\/blackjack\/#breadcrumb"},"inLanguage":"pt-BR","potentialAction":[{"@type":"ReadAction","target":["https:\/\/bet-bonus.net\/br\/blackjack\/"]}]},{"@type":"BreadcrumbList","@id":"https:\/\/bet-bonus.net\/br\/blackjack\/#breadcrumb","itemListElement":[{"@type":"ListItem","position":1,"name":"Home","item":"https:\/\/bet-bonus.net\/br\/"},{"@type":"ListItem","position":2,"name":"Jogo do 21 na 1xBet - Teste a sua sorte neste jogo de cartas"}]},{"@type":"WebSite","@id":"https:\/\/bet-bonus.net\/br\/#website","url":"https:\/\/bet-bonus.net\/br\/","name":"bet-bonus.net\/br","description":"","potentialAction":[{"@type":"SearchAction","target":{"@type":"EntryPoint","urlTemplate":"https:\/\/bet-bonus.net\/br\/?s={search_term_string}"},"query-input":{"@type":"PropertyValueSpecification","valueRequired":true,"valueName":"search_term_string"}}],"inLanguage":"pt-BR"}]}},"_links":{"self":[{"href":"https:\/\/bet-bonus.net\/br\/wp-json\/wp\/v2\/pages\/119","targetHints":{"allow":["GET"]}}],"collection":[{"href":"https:\/\/bet-bonus.net\/br\/wp-json\/wp\/v2\/pages"}],"about":[{"href":"https:\/\/bet-bonus.net\/br\/wp-json\/wp\/v2\/types\/page"}],"author":[{"embeddable":true,"href":"https:\/\/bet-bonus.net\/br\/wp-json\/wp\/v2\/users\/1"}],"replies":[{"embeddable":true,"href":"https:\/\/bet-bonus.net\/br\/wp-json\/wp\/v2\/comments?post=119"}],"version-history":[{"count":8,"href":"https:\/\/bet-bonus.net\/br\/wp-json\/wp\/v2\/pages\/119\/revisions"}],"predecessor-version":[{"id":479,"href":"https:\/\/bet-bonus.net\/br\/wp-json\/wp\/v2\/pages\/119\/revisions\/479"}],"wp:attachment":[{"href":"https:\/\/bet-bonus.net\/br\/wp-json\/wp\/v2\/media?parent=119"}],"wp:term":[{"taxonomy":"category","embeddable":true,"href":"https:\/\/bet-bonus.net\/br\/wp-json\/wp\/v2\/categories?post=119"},{"taxonomy":"post_tag","embeddable":true,"href":"https:\/\/bet-bonus.net\/br\/wp-json\/wp\/v2\/tags?post=119"}],"curies":[{"name":"wp","href":"https:\/\/api.w.org\/{rel}","templated":true}]}}