{"id":117,"date":"2018-07-17T11:35:53","date_gmt":"2018-07-17T11:35:53","guid":{"rendered":"http:\/\/bet-bonus.net\/br\/?page_id=117"},"modified":"2018-07-31T11:15:16","modified_gmt":"2018-07-31T11:15:16","slug":"bingo","status":"publish","type":"page","link":"https:\/\/bet-bonus.net\/br\/bingo\/","title":{"rendered":"Jogue Bingo Online ao Vivo na 1xBet - Compre j\u00e1 seu Bilhete"},"content":{"rendered":"<p class=\"text-justify\">O site de apostas 1xBet \u00e9 um dos principais portais de apostas online assim como de <a href=\"https:\/\/bet-bonus.net\/br\/mais-jogos\/\">mais jogos<\/a>, e principalmente, quando se trata de partidas ao vivo. No caso de bingo online \u00e9 comum que os jogadores passem longos per\u00edodos avaliando as melhores jogadas de acordo com o valor acumulado, e assim arriscarem no momento correto em que uma determinada aposta estiver acumulada. De tal maneira, ao adquirir bilhetes ou realizarem dep\u00f3sitos no site nas pr\u00f3prias contas, os mesmos ser\u00e3o \u00fateis para fazer apostas e terem a possibilidade de resgatar grandes valores em pr\u00eamios.<\/p>\r\n            <div class=\"bonus-box first-box\">\n                <div class=\"bonus-box-head\">\n                    <div class=\"col-lg-3 col-md-4 col-sm-4 col-xs-12 \">\n                        <span class=\"hotfix operator-logo\"><img decoding=\"async\" src=\"\/portuguese\/assets\/logos\/sport\/dark-back\/1xbet.png\" width=\"auto\" height=\"auto\" alt=\"1xBet\" \/><\/span>                    <\/div>\n                    <div class=\"col-lg-4 col-md-4 col-sm-4 col-xs-6\">\n                        <p class=\"box-title\">1xBet&nbsp;sport<\/p>\n                    <\/div>\n                    <div class=\"col-lg-5 col-md-4 col-sm-4 col-xs-6\">\n                        <div class=\"likes-box likes-js\" data-likesid=\"1\">\n                            <div class=\"likes-icon-js\"><i class=\"fa fa-heart\" aria-hidden=\"true\"><\/i><\/div>\n                            <div class=\"likes-text-js\"><p>1196 likes<\/p><\/div>\n                        <\/div>\n                    <\/div>\n                <\/div>\n                <div class=\"bonus-box-body\">\n                    <div class=\"col-lg-3 col-md-3 col-sm-6 col-xs-12 rightBordered m-bonus no-padding\">\n                        <p>B\u00f4nus M\u00e1ximo<\/p>\n                        <p class=\"bonus-value max-bonus\">R$1200<\/p>\n                    <\/div>\n                                            <div class=\"col-lg-2 col-md-2 col-sm-6 col-xs-12 no-padding\">\n                            <p>Odds M\u00edn.<\/p>\n                            <p class=\"bonus-value\">2.00<\/p>\n                        <\/div>\n                                                                <div class=\"col-lg-2 col-md-2 col-sm-6 col-xs-12 no-padding \">\n                            <p>Requisito<\/p>\n                            <p class=\"bonus-value\">9x Bonus<\/p>\n                        <\/div>\n                                        <div class=\"col-lg-2 col-md-2 col-sm-6 col-xs-12 no-padding\">\n                        <p>Porcentagem<\/p>\n                        <p class=\"bonus-value\">100%<\/p>\n                    <\/div>\n                    <div class=\"col-lg-3 col-md-3 col-sm-6 col-xs-12 claim-bonus-sec \">\n\n                                                <div>\n                             <div   class=\"bonuscode  secret-code \"><span>Nenhum C\u00f3digo b\u00f4nus Obrigat\u00f3rio<\/span><\/div> <span class=\"cursored button js-golink  claim-bonus-code\"  onclick=\"OpenGoLink(this);\" data-operator=\"7\" data-bonus=\"3921\"   data-clicks=\"1\"data-type=\"sport\" ><div class='hvr-animation bonus-btn-main-sec'><span>Mostrar o C\u00f3digo de B\u00f4nus<\/span><\/div> <\/span>                         <\/div>\n                    <\/div>\n                <\/div>\n                            <\/div>\n                        <div class=\"bonus-box first-box\">\n                <div class=\"bonus-box-head\">\n                    <div class=\"col-lg-3 col-md-4 col-sm-4 col-xs-12 \">\n                        <span class=\"hotfix operator-logo\"><img decoding=\"async\" src=\"\/portuguese\/assets\/logos\/casino\/dark-back\/1xbet-casino.png\" width=\"auto\" height=\"auto\" alt=\"1xBet\" \/><\/span>                    <\/div>\n                    <div class=\"col-lg-4 col-md-4 col-sm-4 col-xs-6\">\n                        <p class=\"box-title\">1xBet&nbsp;casino<\/p>\n                    <\/div>\n                    <div class=\"col-lg-5 col-md-4 col-sm-4 col-xs-6\">\n                        <div class=\"likes-box likes-js\" data-likesid=\"16\">\n                            <div class=\"likes-icon-js\"><i class=\"fa fa-heart\" aria-hidden=\"true\"><\/i><\/div>\n                            <div class=\"likes-text-js\"><p>1755 likes<\/p><\/div>\n                        <\/div>\n                    <\/div>\n                <\/div>\n                <div class=\"bonus-box-body\">\n                    <div class=\"col-lg-3 col-md-3 col-sm-6 col-xs-12 rightBordered m-bonus no-padding\">\n                        <p>B\u00f4nus M\u00e1ximo<\/p>\n                        <p class=\"bonus-value max-bonus\">R$1600<\/p>\n                    <\/div>\n                                                                <div class=\"col-lg-2 col-md-2 col-sm-6 col-xs-12 no-padding \">\n                            <p>Requisito<\/p>\n                            <p class=\"bonus-value\">35x Bonus<\/p>\n                        <\/div>\n                                        <div class=\"col-lg-2 col-md-2 col-sm-6 col-xs-12 no-padding\">\n                        <p>Porcentagem<\/p>\n                        <p class=\"bonus-value\">100%<\/p>\n                    <\/div>\n                    <div class=\"col-lg-3 col-md-3 col-sm-6 col-xs-12 claim-bonus-sec \">\n\n                                                <div>\n                             <div   class=\"bonuscode  secret-code \"><span>Nenhum C\u00f3digo b\u00f4nus Obrigat\u00f3rio<\/span><\/div> <span class=\"cursored button js-golink  claim-bonus-code\"  onclick=\"OpenGoLink(this);\" data-operator=\"8\" data-bonus=\"5396\"   data-clicks=\"17\"data-type=\"casino\" ><div class='hvr-animation bonus-btn-main-sec'><span>Mostrar o C\u00f3digo de B\u00f4nus<\/span><\/div> <\/span>                         <\/div>\n                    <\/div>\n                <\/div>\n                            <\/div>\n                        <div class=\"bonus-box first-box\">\n                <div class=\"bonus-box-head\">\n                    <div class=\"col-lg-3 col-md-4 col-sm-4 col-xs-12 \">\n                        <span class=\"hotfix operator-logo\"><img decoding=\"async\" src=\"\/portuguese\/assets\/logos\/poker\/dark-back\/1xbet-poker.png\" width=\"auto\" height=\"auto\" alt=\"1xBet\" \/><\/span>                    <\/div>\n                    <div class=\"col-lg-4 col-md-4 col-sm-4 col-xs-6\">\n                        <p class=\"box-title\">1xBet&nbsp;poker<\/p>\n                    <\/div>\n                    <div class=\"col-lg-5 col-md-4 col-sm-4 col-xs-6\">\n                        <div class=\"likes-box likes-js\" data-likesid=\"12\">\n                            <div class=\"likes-icon-js\"><i class=\"fa fa-heart\" aria-hidden=\"true\"><\/i><\/div>\n                            <div class=\"likes-text-js\"><p>1130 likes<\/p><\/div>\n                        <\/div>\n                    <\/div>\n                <\/div>\n                <div class=\"bonus-box-body\">\n                    <div class=\"col-lg-3 col-md-3 col-sm-6 col-xs-12 rightBordered m-bonus no-padding\">\n                        <p>B\u00f4nus M\u00e1ximo<\/p>\n                        <p class=\"bonus-value max-bonus\">No Bonus<\/p>\n                    <\/div>\n                                                                <div class=\"col-lg-2 col-md-2 col-sm-6 col-xs-12 no-padding \">\n                            <p>Requisito<\/p>\n                            <p class=\"bonus-value\">x <\/p>\n                        <\/div>\n                                        <div class=\"col-lg-2 col-md-2 col-sm-6 col-xs-12 no-padding\">\n                        <p>Porcentagem<\/p>\n                        <p class=\"bonus-value\">-<\/p>\n                    <\/div>\n                    <div class=\"col-lg-3 col-md-3 col-sm-6 col-xs-12 claim-bonus-sec \">\n\n                                                <div>\n                             <div   class=\"bonuscode  secret-code \"><span>Nenhum C\u00f3digo b\u00f4nus Obrigat\u00f3rio<\/span><\/div> <span class=\"cursored button js-golink  claim-bonus-code\"  onclick=\"OpenGoLink(this);\" data-operator=\"573\" data-bonus=\"4043\"   data-clicks=\"13\"data-type=\"poker\" ><div class='hvr-animation bonus-btn-main-sec'><span>Mostrar o C\u00f3digo de B\u00f4nus<\/span><\/div> <\/span>                         <\/div>\n                    <\/div>\n                <\/div>\n                            <\/div>\n            \r\n<h2>B\u00f4nus para jogar ao Bingo na 1xBet<\/h2>\r\n<p class=\"text-justify\">O 1xBet disponibiliza um sistema para atrair novos usu\u00e1rios, que se d\u00e1 por meio de cr\u00e9ditos b\u00f4nus, a qual o novo apostador ter\u00e1 um valor acrescido de 100% sobre o valor depositado, at\u00e9 o valor m\u00e1ximo de R$1200 em Esportes. O site opera da seguinte forma para entrega dos b\u00f4nus:<\/p>\r\n<p class=\"text-justify\">O usu\u00e1rio ap\u00f3s criar sua conta, por exemplo, deposita R$200,00 para fazer suas apostas:<\/p>\r\n<p class=\"text-justify\">O saldo do total ao apostar disponibilizado ser\u00e1 de R$400,00, ou seja, houve uma adi\u00e7\u00e3o de 100% em cima do valor bruto ao qual foi inserido;<\/p>\r\n<p class=\"text-justify\">Por\u00e9m, apostadores que realizarem apostas com valores que superem o m\u00e1ximo de R$1200, ter\u00e3o apenas o b\u00f4nus de R$1200 sobre o mesmo. Por exemplo, ao realizar o deposito inicial e o mesmo realizar um investimento de R$1000,00, este mesmo apostador ter\u00e1 um valor total para apostas de R$1500,00, ou seja, seus b\u00f4nus chegaram ao teto limite de incentivo dado pela 1xbet.<\/p>\r\n<p class=\"text-justify\">O 1xBet bingo tamb\u00e9m h\u00e1 outros modelos de b\u00f4nus disponibilizados no site, tanto para os apostadores iniciantes, como para os jogadores que tem certa experi\u00eancia. E esses b\u00f4nus se criam por meio de datas especiais e comemorativas, poe exemplo, o anivers\u00e1rio do apostador \u00e9 um tipo de b\u00f4nus agraciado ao apostador em continuar realizando dep\u00f3sitos para engrandecer cada vez mais o saldo total, que pode ser uma manivela para agraciar maiores chances de ganhos nas apostas em bingos. Os b\u00f4nus adquiridos em bingo virtual e bingo live podem ter um premia\u00e7\u00f5es de at\u00e9 700 euros, e dependendo dos dias em que ocorrem as apostas o 1xbet bingo pode fazer esse valor aumentar ainda mais, como ter uma seguran\u00e7a para que em casos de perda nas apostas, os valores sejam devolvidos, mediante um sistema de seguran\u00e7a sob as apostas, na qual o site devolve o valor apostado.<\/p>\r\n\r\n<div class=\"cta-direct-bonus\">\r\n    <div class=\"col-lg-8 col-md-8 col-sm-8 col-xs-12\">\r\n        <div class=\"row\">\r\n            <p class=\"cta-direct-slogan\">\r\n                Est\u00e1 Pronto para Pegar Seu B\u00f4nus de Boas-Vindas?            <\/p>\r\n        <\/div>\r\n    <\/div>\r\n    <div class=\"col-lg-4 col-md-4 col-sm-4 col-xs-12\">\r\n        <div class=\"row\">\r\n             <span class=\"cursored button js-golink cta-direct-button hvr-animation new-hover\"  onclick=\"OpenGoLink(this);\" data-operator=\"7\" data-bonus=\"3921\"   data-clicks=\"1\"data-type=\"sport\" ><span>Visitar 1xBet Agora!<\/span> <\/span> \r\n        <\/div>\r\n    <\/div>\r\n<\/div>\r\n\r\n<style type=\"text\/css\" media=\"screen\">\r\n    .cta-direct-button.new-hover {\r\n        padding: 3px 0 2px;\r\n    }\r\n<\/style>\r\n<h2>Jogar Bingo Online na 1xBet - Informa\u00e7\u00e3o Geral<\/h2>\r\n<p class=\"text-justify\">Para jogar Bingo Online atrav\u00e9s do site 1xBet \u00e9 um dos melhores sistemas para ganhos mediante uma aposta via bingo, j\u00e1 que as apostas em papel valendo dinheiro e os bingos f\u00edsicos no Brasil s\u00e3o proibidos. De tal forma, o sistema utilizado nos mais variados jogos que est\u00e3o \u00e0 disposi\u00e7\u00e3o para os jogadores online \u00e9 a mesma mec\u00e2nica para os jogadores que j\u00e1 jogavam antigamente.<\/p>\r\n<p class=\"text-justify\">A plataforma disponibiliza bingos online e bingo live com 90 bolas, 80 bolas, a mais tradicional que \u00e9 o bingo de 75 bolas, sem deixar para tr\u00e1s um dos bingos de maior agilidade para ter retorno financeiro, que \u00e9 o bingo de 30 bolas, conhecido pelas plataformas como \"Speed Bingo\". Por sua vez, os apostadores que quiserem jogar bingo na 1 xBet t\u00eam a seu favor uma grande cartela de jogos, dentre eles: o BINGO, que \u00e9 uma esp\u00e9cie de bingo virtual ao vivo que funciona mediante a compra de bilhetes, o KENO, que \u00e9 um bingo estilo loteria esportiva, a BATALHA NAVAL, em que ocorrem apostas ao vivo por meio de compras de bilhetes, o CRAZY BINGO, que \u00e9 um outro muito acessado pelo apostadores e oferece grandes chances de retorno financeiro, o FLG GAMES, que contempla v\u00e1rios jogos de bingos, o LOTTORACE, que possui um sistema de acesso apenas a jogadores autorizados para o mesmo, dessa forma se trata de algo mais exclusivo a determinados participantes e o TOMBALA, que tamb\u00e9m fica restrito a determinados apostadores.<\/p>\r\n\r\n<div class=\"cta-direct-bonus\">\r\n    <div class=\"col-lg-8 col-md-8 col-sm-8 col-xs-12\">\r\n        <div class=\"row\">\r\n            <p class=\"cta-direct-slogan\">\r\n                Est\u00e1 Pronto para Pegar Seu B\u00f4nus de Boas-Vindas?            <\/p>\r\n        <\/div>\r\n    <\/div>\r\n    <div class=\"col-lg-4 col-md-4 col-sm-4 col-xs-12\">\r\n        <div class=\"row\">\r\n             <span class=\"cursored button js-golink cta-direct-button hvr-animation new-hover\"  onclick=\"OpenGoLink(this);\" data-operator=\"7\" data-bonus=\"3921\"   data-clicks=\"1\"data-type=\"sport\" ><span>Visitar 1xBet Agora!<\/span> <\/span> \r\n        <\/div>\r\n    <\/div>\r\n<\/div>\r\n\r\n<style type=\"text\/css\" media=\"screen\">\r\n    .cta-direct-button.new-hover {\r\n        padding: 3px 0 2px;\r\n    }\r\n<\/style>\r\n<h2>Tipos de Bingo Dispon\u00edveis na 1xBet<\/h2>\r\n<p class=\"text-justify\">Para o apostador ficar ciente de como se estrutura os diferentes tipos de bingo, a seguir cont\u00e9m um detalhamento dos bingos de diferentes quantidades de bolas:<\/p>\r\n<p class=\"text-justify\">Bingo de 90 Bolas: as apostas desse tipo de bingo s\u00e3o formadas mediante o uso de cartelas com 3 linhas e 9 colunas, sendo que para cada linha h\u00e1 5 casas com numera\u00e7\u00e3o e 4 espa\u00e7os vazios em branco. Os n\u00fameros s\u00e3o distribuidos de forma desorganizada e n\u00e3o seguem um padr\u00e3o, para que assim o apostador tenha uma maior agilidade e facilidade na hora de selecionar seus n\u00fameros para apostas. Assim como nos outros jogos \u00e0 disposi\u00e7\u00e3o na 1xBet, para fazer as apostas no bingo \u00e9 necess\u00e1rio ter tickets, mediante dep\u00f3sitos, ao inv\u00e9s de cartelas como era feito antigamente em pap\u00e9is nos bingos f\u00edsicos. Nesse sistema de 90 bolas, o apostador pode ter seus ganhos validados seja por completar todos os n\u00fameros de seus tickets ou por terem formado uma linha com 10 ou 15 n\u00fameros;<\/p>\r\n<p class=\"text-justify\">Bingo de 80 Bolas: \u00e9 um bingo meio termo entre o bingo mais comum, que \u00e9 o de 75 bolas e o maior deles, que \u00e9 o de 90 bolas. De tal maneira, esse sistema suporta 16 casas, formada por 4 verticais e 4 horizontais. E a partir da mec\u00e2nica j\u00e1 explicada no bingo de 90 bolas, as regras seguem as mesmas;\r\nBingo de 75 bolas: essa \u00e9 a vers\u00e3o mais comum e tradicional dentre todos os tipos de bingo online, a qual \u00e9 formado por 5 linhas e 5 colunas. E a partir de tais, o apostador deve marcar todos os n\u00fameros a qual precisa fechar e que s\u00e3o sorteados para poder finalmente ganhar o pr\u00eamio;<\/p>\r\n<p class=\"text-justify\">Bingo de 30 bolas: \u00e9 a vers\u00e3o mais r\u00e1pida, chamada de Speed Bingo, a qual costumam reunir os jogadores iniciantes ou que n\u00e3o t\u00eam paci\u00eancia para apostas mais longas, e assim reunem apenas 3 colunas ou 9 colunas, e assim distribuem 30 n\u00fameros. E dessa forma em espec\u00edfica, o apostador ganha a partida e a premia\u00e7\u00e3o mediante a forma\u00e7\u00e3o completa de uma cartela.<\/p>\r\n\r\n<div class=\"cta-direct-bonus\">\r\n    <div class=\"col-lg-8 col-md-8 col-sm-8 col-xs-12\">\r\n        <div class=\"row\">\r\n            <p class=\"cta-direct-slogan\">\r\n                Est\u00e1 Pronto para Pegar Seu B\u00f4nus de Boas-Vindas?            <\/p>\r\n        <\/div>\r\n    <\/div>\r\n    <div class=\"col-lg-4 col-md-4 col-sm-4 col-xs-12\">\r\n        <div class=\"row\">\r\n             <span class=\"cursored button js-golink cta-direct-button hvr-animation new-hover\"  onclick=\"OpenGoLink(this);\" data-operator=\"7\" data-bonus=\"3921\"   data-clicks=\"1\"data-type=\"sport\" ><span>Visitar 1xBet Agora!<\/span> <\/span> \r\n        <\/div>\r\n    <\/div>\r\n<\/div>\r\n\r\n<style type=\"text\/css\" media=\"screen\">\r\n    .cta-direct-button.new-hover {\r\n        padding: 3px 0 2px;\r\n    }\r\n<\/style>\r\n<h2>Jogar ao Keno na 1xBet<\/h2>\r\n<p class=\"text-justify\">Um dos jogos mais tradicionais e populares entre os apostadores de bingo virtuais, seja na 1xBet ou em outros sites de jogos online \u00e9 o Keno, j\u00e1 que as apostas nesse jogo tem grande chance de rentabilidade sem precisar arriscar muito. De tal forma, para jogar o Kenko na 1xBet o apostador precisa realizar o dep\u00f3sito para ganhar cr\u00e9ditos e apostar no site, e a partir disso ter\u00e1 a disposi\u00e7\u00e3o uma cartela com numera\u00e7\u00e3o de diferentes quantidades de bolas, como dito anteriormente, por\u00e9m o mais comum do Keno s\u00e3o cartelas com 80 n\u00fameros.<\/p>\r\n<p class=\"text-justify\">E a partir disso, ser\u00e1 necess\u00e1rio que apostador marque os n\u00fameros que preferir num total de 1 a 15 n\u00fameros, a qual ser\u00e3o extra\u00eddos 20 bolas para serem conferidos. E \u00e9 isso faz do Keno ser diferente dos bingos comuns que j\u00e1 tem uma numera\u00e7\u00e3o espec\u00edfica em cada tabela, e no Keno ainda h\u00e1 outra diferen\u00e7a, que \u00e9 o fato dos n\u00fameros n\u00e3o se encontram espalhados, eles est\u00e3o todos ordenados para o apostador marc\u00e1-los. O sistema \u00e9 muito parecido com as apostas das loterias do Brasil.<\/p>\r\n\r\n<div class=\"cta-direct-bonus\">\r\n    <div class=\"col-lg-8 col-md-8 col-sm-8 col-xs-12\">\r\n        <div class=\"row\">\r\n            <p class=\"cta-direct-slogan\">\r\n                Est\u00e1 Pronto para Pegar Seu B\u00f4nus de Boas-Vindas?            <\/p>\r\n        <\/div>\r\n    <\/div>\r\n    <div class=\"col-lg-4 col-md-4 col-sm-4 col-xs-12\">\r\n        <div class=\"row\">\r\n             <span class=\"cursored button js-golink cta-direct-button hvr-animation new-hover\"  onclick=\"OpenGoLink(this);\" data-operator=\"7\" data-bonus=\"3921\"   data-clicks=\"1\"data-type=\"sport\" ><span>Visitar 1xBet Agora!<\/span> <\/span> \r\n        <\/div>\r\n    <\/div>\r\n<\/div>\r\n\r\n<style type=\"text\/css\" media=\"screen\">\r\n    .cta-direct-button.new-hover {\r\n        padding: 3px 0 2px;\r\n    }\r\n<\/style>\r\n<h2>Jogar ao Bingo na 1xBet desde o Celular<\/h2>\r\n<p class=\"text-justify\">Para os apostadores mais modernos que n\u00e3o tem tempo e \/ ou paci\u00eancia para ficarem em frente ao computador para realizarem suas apostas, mas mesmo assim desejam participar dos jogos e as apostas, eles podem ficar despreocupados, pois a 1xBet disponibiliza um <a href=\"https:\/\/bet-bonus.net\/br\/app\/\">aplicativo<\/a> para dispositivos qye tenham smartphone ANDROID, para dispositivos que suportem o sistema JAVA e o 1X \u2013 BROWSER, que se trata de um navegador especial para os amantes de jogos n\u00e3o perderem uma aposta sequer, pois assim ficaram 100% do seu tempo envolvidos o com o que h\u00e1 de mais conceitual e informativo quanto aos jogos, sistemas, promo\u00e7\u00f5es, b\u00f4nus e o que quer que seja do mundo das apostas. Portanto, a 1xBet \u00e9 o melhor site para os apostadores que queiram se divertir e aproveitar o tempo para ganharem pr\u00eamios em dinheiro, de modo que h\u00e1 not\u00edcias que muitas pessoas t\u00eam conseguido realizar seus sonhos com o dinheiro que conseguem com as apostas da 1xBet.<\/p>","protected":false},"excerpt":{"rendered":"O site de apostas 1xBet \u00e9 um dos principais portais de apostas online assim como de mais jogos, e principalmente, quando se trata de partidas ao vivo. No caso de bingo online \u00e9 comum que os jogadores passem longos per\u00edodos avaliando as melhores jogadas de acordo com o valor acumulado, e assim arriscarem no momento<a href=\"https:\/\/bet-bonus.net\/br\/bingo\/\"> &#8230;<\/a>","protected":false},"author":1,"featured_media":0,"parent":0,"menu_order":0,"comment_status":"closed","ping_status":"closed","template":"","meta":{"footnotes":""},"categories":[],"tags":[4],"class_list":["post-117","page","type-page","status-publish","hentry","tag-interesting"],"yoast_head":"<!-- This site is optimized with the Yoast SEO plugin v26.7 - https:\/\/yoast.com\/wordpress\/plugins\/seo\/ -->\n<title>1xBet Bingo Live \u00bb Joga Online em Direto com Promo\u00e7\u00f5es de abril 2026<\/title>\n<meta name=\"robots\" content=\"index, follow, max-snippet:-1, max-image-preview:large, max-video-preview:-1\" \/>\n<link rel=\"canonical\" href=\"https:\/\/bet-bonus.net\/br\/bingo\/\" \/>\n<meta property=\"og:locale\" content=\"pt_BR\" \/>\n<meta property=\"og:type\" content=\"article\" \/>\n<meta property=\"og:title\" content=\"1xBet Bingo Live \u00bb Joga Online em Direto com Promo\u00e7\u00f5es de abril 2026\" \/>\n<meta property=\"og:url\" content=\"https:\/\/bet-bonus.net\/br\/bingo\/\" \/>\n<meta property=\"og:site_name\" content=\"bet-bonus.net\/br\" \/>\n<meta property=\"article:modified_time\" content=\"2018-07-31T11:15:16+00:00\" \/>\n<meta name=\"twitter:card\" content=\"summary_large_image\" \/>\n<meta name=\"twitter:label1\" content=\"Est. tempo de leitura\" \/>\n\t<meta name=\"twitter:data1\" content=\"7 minutos\" \/>\n<script type=\"application\/ld+json\" class=\"yoast-schema-graph\">{\"@context\":\"https:\/\/schema.org\",\"@graph\":[{\"@type\":\"WebPage\",\"@id\":\"https:\/\/bet-bonus.net\/br\/bingo\/\",\"url\":\"https:\/\/bet-bonus.net\/br\/bingo\/\",\"name\":\"1xBet Bingo Live \u00bb Joga Online em Direto com Promo\u00e7\u00f5es de [month_name] [year]\",\"isPartOf\":{\"@id\":\"https:\/\/bet-bonus.net\/br\/#website\"},\"datePublished\":\"2018-07-17T11:35:53+00:00\",\"dateModified\":\"2018-07-31T11:15:16+00:00\",\"breadcrumb\":{\"@id\":\"https:\/\/bet-bonus.net\/br\/bingo\/#breadcrumb\"},\"inLanguage\":\"pt-BR\",\"potentialAction\":[{\"@type\":\"ReadAction\",\"target\":[\"https:\/\/bet-bonus.net\/br\/bingo\/\"]}]},{\"@type\":\"BreadcrumbList\",\"@id\":\"https:\/\/bet-bonus.net\/br\/bingo\/#breadcrumb\",\"itemListElement\":[{\"@type\":\"ListItem\",\"position\":1,\"name\":\"Home\",\"item\":\"https:\/\/bet-bonus.net\/br\/\"},{\"@type\":\"ListItem\",\"position\":2,\"name\":\"Jogue Bingo Online ao Vivo na 1xBet - Compre j\u00e1 seu Bilhete\"}]},{\"@type\":\"WebSite\",\"@id\":\"https:\/\/bet-bonus.net\/br\/#website\",\"url\":\"https:\/\/bet-bonus.net\/br\/\",\"name\":\"bet-bonus.net\/br\",\"description\":\"\",\"potentialAction\":[{\"@type\":\"SearchAction\",\"target\":{\"@type\":\"EntryPoint\",\"urlTemplate\":\"https:\/\/bet-bonus.net\/br\/?s={search_term_string}\"},\"query-input\":{\"@type\":\"PropertyValueSpecification\",\"valueRequired\":true,\"valueName\":\"search_term_string\"}}],\"inLanguage\":\"pt-BR\"}]}<\/script>\n<!-- \/ Yoast SEO plugin. -->","yoast_head_json":{"title":"1xBet Bingo Live \u00bb Joga Online em Direto com Promo\u00e7\u00f5es de abril 2026","robots":{"index":"index","follow":"follow","max-snippet":"max-snippet:-1","max-image-preview":"max-image-preview:large","max-video-preview":"max-video-preview:-1"},"canonical":"https:\/\/bet-bonus.net\/br\/bingo\/","og_locale":"pt_BR","og_type":"article","og_title":"1xBet Bingo Live \u00bb Joga Online em Direto com Promo\u00e7\u00f5es de abril 2026","og_url":"https:\/\/bet-bonus.net\/br\/bingo\/","og_site_name":"bet-bonus.net\/br","article_modified_time":"2018-07-31T11:15:16+00:00","twitter_card":"summary_large_image","twitter_misc":{"Est. tempo de leitura":"7 minutos"},"schema":{"@context":"https:\/\/schema.org","@graph":[{"@type":"WebPage","@id":"https:\/\/bet-bonus.net\/br\/bingo\/","url":"https:\/\/bet-bonus.net\/br\/bingo\/","name":"1xBet Bingo Live \u00bb Joga Online em Direto com Promo\u00e7\u00f5es de [month_name] [year]","isPartOf":{"@id":"https:\/\/bet-bonus.net\/br\/#website"},"datePublished":"2018-07-17T11:35:53+00:00","dateModified":"2018-07-31T11:15:16+00:00","breadcrumb":{"@id":"https:\/\/bet-bonus.net\/br\/bingo\/#breadcrumb"},"inLanguage":"pt-BR","potentialAction":[{"@type":"ReadAction","target":["https:\/\/bet-bonus.net\/br\/bingo\/"]}]},{"@type":"BreadcrumbList","@id":"https:\/\/bet-bonus.net\/br\/bingo\/#breadcrumb","itemListElement":[{"@type":"ListItem","position":1,"name":"Home","item":"https:\/\/bet-bonus.net\/br\/"},{"@type":"ListItem","position":2,"name":"Jogue Bingo Online ao Vivo na 1xBet - Compre j\u00e1 seu Bilhete"}]},{"@type":"WebSite","@id":"https:\/\/bet-bonus.net\/br\/#website","url":"https:\/\/bet-bonus.net\/br\/","name":"bet-bonus.net\/br","description":"","potentialAction":[{"@type":"SearchAction","target":{"@type":"EntryPoint","urlTemplate":"https:\/\/bet-bonus.net\/br\/?s={search_term_string}"},"query-input":{"@type":"PropertyValueSpecification","valueRequired":true,"valueName":"search_term_string"}}],"inLanguage":"pt-BR"}]}},"_links":{"self":[{"href":"https:\/\/bet-bonus.net\/br\/wp-json\/wp\/v2\/pages\/117","targetHints":{"allow":["GET"]}}],"collection":[{"href":"https:\/\/bet-bonus.net\/br\/wp-json\/wp\/v2\/pages"}],"about":[{"href":"https:\/\/bet-bonus.net\/br\/wp-json\/wp\/v2\/types\/page"}],"author":[{"embeddable":true,"href":"https:\/\/bet-bonus.net\/br\/wp-json\/wp\/v2\/users\/1"}],"replies":[{"embeddable":true,"href":"https:\/\/bet-bonus.net\/br\/wp-json\/wp\/v2\/comments?post=117"}],"version-history":[{"count":6,"href":"https:\/\/bet-bonus.net\/br\/wp-json\/wp\/v2\/pages\/117\/revisions"}],"predecessor-version":[{"id":234,"href":"https:\/\/bet-bonus.net\/br\/wp-json\/wp\/v2\/pages\/117\/revisions\/234"}],"wp:attachment":[{"href":"https:\/\/bet-bonus.net\/br\/wp-json\/wp\/v2\/media?parent=117"}],"wp:term":[{"taxonomy":"category","embeddable":true,"href":"https:\/\/bet-bonus.net\/br\/wp-json\/wp\/v2\/categories?post=117"},{"taxonomy":"post_tag","embeddable":true,"href":"https:\/\/bet-bonus.net\/br\/wp-json\/wp\/v2\/tags?post=117"}],"curies":[{"name":"wp","href":"https:\/\/api.w.org\/{rel}","templated":true}]}}